{"id":38926,"date":"2021-02-21T16:39:59","date_gmt":"2021-02-21T16:39:59","guid":{"rendered":"https:\/\/www.autonvaraosahaku.fi\/?product=skf-vkjp-01003-vetonivelen-suojakumi"},"modified":"2021-02-21T16:40:01","modified_gmt":"2021-02-21T16:40:01","slug":"skf-vkjp-01003-vetonivelen-suojakumi","status":"publish","type":"product","link":"https:\/\/www.autonvaraosahaku.fi\/?product=skf-vkjp-01003-vetonivelen-suojakumi","title":{"rendered":"SKF VKJP 01003 Vetonivelen suojakumi"},"content":{"rendered":"<p>Korkeus (mm): 156; Sis\u00e4l\u00e4pimitta 1 [mm]: 23; Sis\u00e4l\u00e4pimitta 2 [mm]: 112; Asennuspuoli: Hinterachse; VW: TRANSPORTER IV Bus 70XB, 70XC, 7DB, 7DW,TIGUAN 5N_,CADDY III Kombi 2KB, 2KJ, 2CB, 2CJ,TRANSPORTER V Bus 7HB, 7HJ, 7EB, 7EJ, 7EF,TOUAREG 7LA, 7L6, 7L7,MULTIVAN V 7HM, 7HN, 7HF, 7EF, 7EM, 7EN,CADDY III Kasten 2KA, 2KH, 2CA, 2CH,TRANSPORTER IV Kasten 70XA,TRANSPORTER V Kasten 7HA, 7HH, 7EA, 7EH,TOUAREG 7P5,TRANSPORTER III Bus,CRAFTER 30-50 Kasten 2E_,CADDY II Kasten 9K9A,TRANSPORTER IV Pritsche\/Fahrgestell 70XD,AMAROK 2H_, S1B,LT 28-35 I Kasten 281-363,LT 28-35 I Bus 281-363,CADDY I 14,LT 28-46 II Kasten 2DA, 2DD, 2DH,CRAFTER 30-35 Bus 2E_,TRANSPORTER V Pritsche\/Fahrgestell 7JD, 7JE, 7JL, 7JY, 7JZ,,TRANSPORTER III Kasten,TARO,LT 28-35 II Bus 2DB, 2DE, 2DK,LT 28-46 II Pritsche\/Fahrgestell 2DC, 2DF, 2DG, 2DL, 2DM,TRANSPORTER II Bus,LT 28-35 I Pritsche\/Fahrgestell 281-363,CADDY II Kombi 9K9B,TRANSPORTER III Pritsche\/Fahrgestell,CRAFTER 30-50 Pritsche\/Fahrgestell 2F_,LT 40-55 I Pritsche\/Fahrgestell 293-909,CADDY II Pick-up 9U7,ILTIS 183,LT 40-55 I Kasten 291-512,TRANSPORTER I Bus 22; AUDI: Q5 8R,Q7 4L,Q3 8U,Q7 4M; MERCEDES-BENZ: VIANO W639,M-CLASS W164,M-CLASS W163,GLK-CLASS X204,VITO Bus W639,Stufenheck W123,VITO \/ MIXTO Kasten W639,SPRINTER 3,5-t Kasten 906,M-CLASS W166,G-CLASS W463,VITO Bus 638,G-CLASS W460,SPRINTER 3-t Kasten 903,SPRINTER 3,5-t Bus 906,SPRINTER 2-t Bus 901, 902,SPRINTER 3-t Kasten 906,GL-CLASS X164,G-CLASS W461,SPRINTER 2-t Kasten 901, 902,SPRINTER 3-t Bus 903,SPRINTER 3,5-t Pritsche\/Fahrgestell 906,SPRINTER 3-t Pritsche\/Fahrgestell 903,T1 Bus 601,100 Bus 631,VITO Kasten 638,T1 Pritsche\/Fahrgestell 602,CITAN Kasten 415,T2\/L Kasten\/Kombi,T1 Kasten 602,100 Kasten 631,SPRINTER 3-t Bus 906,SPRINTER 4-t Pritsche\/Fahrgestell 904,T1 Pritsche\/Fahrgestell 601,T2\/LN1 Kasten\/Kombi,VARIO Kasten\/Kombi,SPRINTER 2-t Pritsche\/Fahrgestell 901, 902,T1 Kasten 601,SPRINTER 5-t Kasten 906,SPRINTER 5-t Pritsche\/Fahrgestell 906,100 Pritsche\/Fahrgestell 631,VARIO Pritsche\/Fahrgestell,SPRINTER 4-t Kasten 904,T2\/L Pritsche\/Fahrgestell,T1 Bus 602,T1\/TN Pritsche\/Fahrgestell,G-CLASS Cabrio W463,C; BMW: X3 E83,X1 E84,X5 E70,X3 F25,X5 E53,X6 E71, E72,X5 F15, F85,X1 F48,X4 F26; OPEL: MOKKA,ANTARA,VIVARO Kasten F7,FRONTERA B 6B_,COMBO Kasten\/Kombi,VIVARO Combi J7,COMBO Tour,MOVANO Kasten F9,FRONTERA A Sport 5_SUD2,FRONTERA A 5_MWL4,COMBO Kasten\/Kombi X12,COMBO 71_,CAMPO TF_,MOVANO B Kasten,COMBO Tour X12,MOVANO B Bus,MONTEREY A UBS_,MOVANO Combi J9,VIVARO Pritsche\/Fahrgestell E7,MONTEREY B,MOVANO Pritsche\/Fahrgestell U9, E9,MOVANO B Pritsche\/Fahrgestell,MOVANO Kipper H9,VIVARO Combi,ARENA Kasten TB, TF,KADETT E Combo 38_, 48_,VIVARO Kasten,VIVARO Pritsche\/Fahrgestell; FORD: KUGA I,MAVERICK,TRANSIT MK-7 Kasten,RANGER TKE,KUGA II DM2,TRANSIT MK-7 Bus,TRANSIT Kasten FA_ _,TRANSIT CONNECT P65_, P70_, P80_,TRANSIT Bus FD_ _, FB_ _, FS_ _, FZ_ _, FC_ _,TOURNEO CONNECT,RANGER ES, ET,RANGER ER, EQ,TRANSIT MK-7 Pritsche\/Fahrgestell,TRANSIT Pritsche\/Fahrgestell FM_ _, FN_ _,TRANSIT CUSTOM Kasten,TOURNEO CUSTOM Bus,TRANSIT TOURNEO FB,TRANSIT CUSTOM Bus,TOURNEO CONNECT \/ GRAND TOURNEO CONNECT Kombi,TRANSIT  MK-5 Bus E_ _,TRANSIT Kasten T_ _,TRANSIT MK-5 Pritsche\/Fahrgestell E_ _,TRANSIT Bus V_ _,TRANSIT Bus T_ _,MAVERICK UDS, UNS,TRANSIT Bus MK-4 E_ _,TRANSIT MK-5 Kasten E_ _,TRANSIT MK-4 Pritsche\/Fahrgestell E_ _,FIESTA Kasten J5_, J3_,TRANSIT CONNECT Kasten,TRANSIT Kasten V_ _,TRANSIT Pritsche\/Fahrgestell V_ _,TRANSIT Kasten 81E,FIESTA Kasten JV_,TRANSIT MK-4 Kasten E_ _,TRANSIT Bus 72E, 73E,TRANSIT Pritsche\/Fahrgestell T_ _,FIESTA Kasten F3L, F5L,TRANSIT TOURNEO E_,TRANSIT Kasten 72E, 71E,TRANSIT &#8217;55- Bus,TRANSIT Pritsche\/Fahrgestell 74E,TRANSIT; RENAULT: KANGOO KC0\/1_,MEGANE III Grandtour KZ0\/1,SC\u00c9NIC III JZ0\/1_,MEGANE III Schr\u00e4gheck BZ0_,TRAFIC II Bus JL,GRAND SC\u00c9NIC III JZ0\/1_,MASTER II Kasten FD,TRAFIC II Kasten FL,MEGANE III Coupe DZ0\/1_,KANGOO \/ GRAND KANGOO KW0\/1_,KOLEOS HY_,KANGOO Express FC0\/1_,MASTER III Kasten FV,KANGOO Express FW0\/1_,4 112_,MASTER II Pritsche\/Fahrgestell ED\/HD\/UD,KANGOO BE BOP KW0\/1_,MASTER II Bus JD,MASTER III Bus JV,RAPID Kasten F40_, G40_,MASTER III Pritsche\/Fahrgestell EV, HV, UV,4 Kasten R21_, R23_,TRAFIC Kasten TXX,TRAFIC Bus TXW,MASTER I Kasten T__,TRAFIC Kasten T1, T3, T4,TRAFIC II Pritsche\/Fahrgestell EL,TRAFIC Bus T5, T6, T7,MASTER I Bus T__,TRAFIC Pritsche\/Fahrgestell P6,MASTER I Pritsche\/Fahrgestell P__,TRAFIC Pritsche\/Fahrgestell PXX,TRAFIC III Kasten,TRAFIC III Bus,KADJAR,TRAFIC III Pritsche\/Fahrgestell EG_; FIAT: DUCATO Kasten 250,DUCATO Pritsche\/Fahrgestell 250,FREEMONT JF_,DUCATO Pritsche\/Fahrgestell 230,DUCATO Bus 250,DUCATO Bus 230,DUCATO Kasten 244,DOBLO Cargo 223,DOBLO 119,DUCATO Pritsche\/Fahrgestell 244,DUCATO Kasten 290,DUCATO Pritsche\/Fahrgestell 290,DOBLO Kasten\/Kombi 263,DUCATO Kasten 230L,DUCATO Kasten 280,SCUDO 270_,DUCATO Pritsche\/Fahrgestell 280,DUCATO Bus 244, Z_,SEDICI,STRADA Pick-up 178E,QUBO 225,DOBLO Gro\u00dfraumlimousine 152, 263,SCUDO Kasten 270_,DUCATO Panorama 280,SCUDO Kasten 220L,DUCATO Panorama 290,FIORINO Kasten\/Kombi 225,SCUDO Combinato 220P,FIORINO Kasten 146,DOBLO Pritsche\/Fahrgestell 263,TALENTO Pritsche\/Fahrgestell 290,FIORINO Pick up 146,TALENTO Bus 290,SCUDO Pritsche\/Fahrgestell 270_,FIORINO 147,TALENTO Kasten 290,FIORINO 127,500X,FIORINO Pick up 147,SCUDO Pritsche\/Fahrgestell 220_; SKODA: YETI 5L,FELICIA I Fun 797,FAVORIT Pick-up 787; PEUGEOT: BOXER Kasten,PARTNER Tepee,PARTNER Combispace 5F,4007 GP_,PARTNER Kasten 5,J5 Pritsche\/Fahrgestell 280L,J5 Pritsche\/Fahrgestell 290L,EXPERT Tepee VF3V_,BOXER Kasten 230L,EXPERT Kasten VF3A_, VF3U_, VF3X_,BOXER Kasten 244,J5 Kasten 280L,PARTNER Kasten,BOXER Bus,EXPERT Kasten 222,BOXER Pritsche\/Fahrgestell,BIPPER AA_,J5 Bus 290P,BIPPER Tepee,J5 Kasten 290L,J5 Bus 280P,BOXER Bus 230P,BOXER Bus 244, Z_,BOXER Pritsche\/Fahrgestell ZCT_,EXPERT 224,4008,BOXER Pritsche\/Fahrgestell 244,J7 Bus,J7 Kasten,EXPERT Pritsche\/Fahrgestell 223,EXPERT Pritsche\/Fahrgestell,J7 Pritsche\/Fahrgestell<\/p>\n","protected":false},"excerpt":{"rendered":"<p>SKF Paljekumisarja, Vetoakseli VKJP 01003  VW,AUDI,MERCEDES-BENZ,TRANSPORTER IV Bus 70XB, 70XC, 7DB, 7DW,TIGUAN 5N_,CADDY III Kombi 2KB, 2KJ, 2CB, 2CJ<\/p>\n","protected":false},"featured_media":0,"template":"","meta":{"site-sidebar-layout":"default","site-content-layout":"default","ast-global-header-display":"","ast-main-header-display":"","ast-hfb-above-header-display":"","ast-hfb-below-header-display":"","ast-hfb-mobile-header-display":"","site-post-title":"","ast-breadcrumbs-content":"","ast-featured-img":"","footer-sml-layout":"","theme-transparent-header-meta":"","adv-header-id-meta":"","stick-header-meta":"","header-above-stick-meta":"","header-main-stick-meta":"","header-below-stick-meta":""},"pwb-brand":[237],"product_cat":[42],"product_tag":[],"class_list":{"0":"post-38926","1":"product","2":"type-product","3":"status-publish","5":"pwb-brand-skf","6":"product_cat-vetonivelen-suojakumi","7":"desktop-align-left","8":"tablet-align-left","9":"mobile-align-left","11":"first","12":"instock","13":"product-type-external"},"brands":[{"id":237,"name":"SKF","slug":"skf"}],"_links":{"self":[{"href":"https:\/\/www.autonvaraosahaku.fi\/index.php?rest_route=\/wp\/v2\/product\/38926","targetHints":{"allow":["GET"]}}],"collection":[{"href":"https:\/\/www.autonvaraosahaku.fi\/index.php?rest_route=\/wp\/v2\/product"}],"about":[{"href":"https:\/\/www.autonvaraosahaku.fi\/index.php?rest_route=\/wp\/v2\/types\/product"}],"wp:attachment":[{"href":"https:\/\/www.autonvaraosahaku.fi\/index.php?rest_route=%2Fwp%2Fv2%2Fmedia&parent=38926"}],"wp:term":[{"taxonomy":"pwb-brand","embeddable":true,"href":"https:\/\/www.autonvaraosahaku.fi\/index.php?rest_route=%2Fwp%2Fv2%2Fpwb-brand&post=38926"},{"taxonomy":"product_cat","embeddable":true,"href":"https:\/\/www.autonvaraosahaku.fi\/index.php?rest_route=%2Fwp%2Fv2%2Fproduct_cat&post=38926"},{"taxonomy":"product_tag","embeddable":true,"href":"https:\/\/www.autonvaraosahaku.fi\/index.php?rest_route=%2Fwp%2Fv2%2Fproduct_tag&post=38926"}],"curies":[{"name":"wp","href":"https:\/\/api.w.org\/{rel}","templated":true}]}}