{"id":38972,"date":"2021-02-21T16:40:10","date_gmt":"2021-02-21T16:40:10","guid":{"rendered":"https:\/\/www.autonvaraosahaku.fi\/?product=ngk-6449-sytytystulpat"},"modified":"2021-02-21T16:40:12","modified_gmt":"2021-02-21T16:40:12","slug":"ngk-6449-sytytystulpat","status":"publish","type":"product","link":"https:\/\/www.autonvaraosahaku.fi\/?product=ngk-6449-sytytystulpat","title":{"rendered":"NGK 6449 Sytytystulpat"},"content":{"rendered":"<p>Avainv\u00e4li: 16 mm; Ulkokierre [mm]: 14,0; Kierteen pituus (mm): 19,0; Sytytystulppa: kiinte\u00e4 SAE-liitin, Nikkeli-keskielektrodi, 4-maaelektroodia, H\u00e4iri\u00f6npoisto, 5 k-ohm, suoralla istukalla; Kipin\u00e4et\u00e4isyys [mm]: 7,3; TECDOC-moottorinumero: 18100; VW: GOLF IV 1J1,GOLF V 1K1,POLO 9N_,TOURAN 1T1, 1T2,PASSAT Variant 3C5,GOLF PLUS 5M1, 521,LUPO 6X1, 6E1,PASSAT 3C2,GOLF IV Variant 1J5,BORA 1J2,EOS 1F7, 1F8,BORA Kombi 1J6,JETTA III 1K2; AUDI: A3 8P1,A3 Sportback 8PA,A2 8Z0; SKODA: OCTAVIA Combi 1Z5,OCTAVIA 1Z3; 101100068AA, 32586, 101100068AA, 32586, 101100068AA, 32586, 101100068AA, 32586, 101100068AA, 32586, 101100068AA, 32586; Tulpat,Sytytystulppa<\/p>\n","protected":false},"excerpt":{"rendered":"<p>NGK Sytytystulpat 6449 Tulpat,Sytytystulppa VW,AUDI,SKODA,GOLF IV 1J1,GOLF V 1K1,POLO 9N_,TOURAN 1T1, 1T2,PASSAT Variant 3C5,GOLF PLUS 5M1, 521<\/p>\n","protected":false},"featured_media":0,"template":"","meta":{"site-sidebar-layout":"default","site-content-layout":"default","ast-global-header-display":"","ast-main-header-display":"","ast-hfb-above-header-display":"","ast-hfb-below-header-display":"","ast-hfb-mobile-header-display":"","site-post-title":"","ast-breadcrumbs-content":"","ast-featured-img":"","footer-sml-layout":"","theme-transparent-header-meta":"","adv-header-id-meta":"","stick-header-meta":"","header-above-stick-meta":"","header-main-stick-meta":"","header-below-stick-meta":""},"pwb-brand":[189],"product_cat":[165],"product_tag":[],"class_list":{"0":"post-38972","1":"product","2":"type-product","3":"status-publish","5":"pwb-brand-ngk","6":"product_cat-sytytystulpat","7":"desktop-align-left","8":"tablet-align-left","9":"mobile-align-left","11":"first","12":"instock","13":"product-type-external"},"brands":[{"id":189,"name":"NGK","slug":"ngk"}],"_links":{"self":[{"href":"https:\/\/www.autonvaraosahaku.fi\/index.php?rest_route=\/wp\/v2\/product\/38972","targetHints":{"allow":["GET"]}}],"collection":[{"href":"https:\/\/www.autonvaraosahaku.fi\/index.php?rest_route=\/wp\/v2\/product"}],"about":[{"href":"https:\/\/www.autonvaraosahaku.fi\/index.php?rest_route=\/wp\/v2\/types\/product"}],"wp:attachment":[{"href":"https:\/\/www.autonvaraosahaku.fi\/index.php?rest_route=%2Fwp%2Fv2%2Fmedia&parent=38972"}],"wp:term":[{"taxonomy":"pwb-brand","embeddable":true,"href":"https:\/\/www.autonvaraosahaku.fi\/index.php?rest_route=%2Fwp%2Fv2%2Fpwb-brand&post=38972"},{"taxonomy":"product_cat","embeddable":true,"href":"https:\/\/www.autonvaraosahaku.fi\/index.php?rest_route=%2Fwp%2Fv2%2Fproduct_cat&post=38972"},{"taxonomy":"product_tag","embeddable":true,"href":"https:\/\/www.autonvaraosahaku.fi\/index.php?rest_route=%2Fwp%2Fv2%2Fproduct_tag&post=38972"}],"curies":[{"name":"wp","href":"https:\/\/api.w.org\/{rel}","templated":true}]}}