{"id":38987,"date":"2021-02-21T16:40:15","date_gmt":"2021-02-21T16:40:15","guid":{"rendered":"https:\/\/www.autonvaraosahaku.fi\/?product=ngk-2023-sytytystulpat"},"modified":"2021-02-21T16:40:16","modified_gmt":"2021-02-21T16:40:16","slug":"ngk-2023-sytytystulpat","status":"publish","type":"product","link":"https:\/\/www.autonvaraosahaku.fi\/?product=ngk-2023-sytytystulpat","title":{"rendered":"NGK 2023 Sytytystulpat"},"content":{"rendered":"<p>Avainv\u00e4li: 20,8 mm; Ulkokierre [mm]: 14,0; Kierteen pituus (mm): 19,0; Sytytystulppa: Kierre-SAE-liitin, Nikkeli-keskielektrodi, 1-maaelektroodi, H\u00e4iri\u00f6npoisto, 5 k-ohm, suoralla istukalla; Kipin\u00e4et\u00e4isyys [mm]: 3,0; Moottorinumero: AR 67301; VOLVO: 940 Kombi 945,480 E,440 K 445,460 L 464; SUBARU: XT Coupe XT,LEONE II Station Wagon,LEONE II; LANCIA: DELTA I 831AB0,THEMA 834,DELTA II 836,BETA Spider 828BS,BETA Coupe 828BC,DEDRA 835,BETA MONTE CARLO 137AS, 137BS,Y10 156,A 112,FULVIA Coupe,DEDRA SW 835,BETA  H.P.E. 828BF,GAMMA Coupe,THEMA SW 834,BETA 828_B_,PRISMA 831AB0,TREVI 828DB; FORD: CAPRI III GECP,ESCORT II ATH,ESCORT I AFH, ATH; FIAT: COUPE FA\/175,126,X 1\/9 128 AS,127,FIORINO Kasten 146,TIPO 160,CROMA 154,128,TEMPRA 159,RITMO I 138A,TEMPRA S.W. 159,FIORINO Pick up 146,REGATA 138,ARGENTA 132A,RITMO Cabriolet,REGATA Weekend 138; ALFA ROMEO: 164 164,155 167; MITSUBISHI: ECLIPSE I D2_A,COLT III C5_A,SPACE WAGON N3_W, N4_W,GALANT IV Stufenheck E3_A,LANCER IV C6_A, C7_A,SPACE WAGON D0_V\/W,SAPPORO II A16_A; PORSCHE: 944,944 Cabriolet; LOTUS: EXCEL; AUTOBIANCHI: A 112; 5894585, 60800325, 7554436, 7760381, 7772515, 7FYSR, 7FYSSR, 5894585, 60800325, 7554436, 7760381, 7772515, 7FYSR, 7FYSSR, 760464, 7700742094, 7700868864, 5894585, 60800325, 7554436, 7760381, 7772515, 7FYSR, 7FYSSR, 5894585, 60800325, 7554436, 7760381, 7772515, 7FYSR, 7FYSSR, 9807957846, 9807957855, 22401V1417, 22401W9817, 5894585, 60800325, 7554436, 7760381, 7772515, 7FYSR, 7FYSSR, 9009822325, 9009822745, 5894585, 60800325, 7554436, 7760381, 7772515, 7FYSR, 7FYSSR, MS851219, MS851234, MS851414, Z2152947, 22401V1417, 22401W9817, 760464, 7700742094, 7700868864, 22401AA210, 22401AA230, 0948200495, 0948200498, 9009822325, 9009822745; Tulpat,Sytytystulppa<\/p>\n","protected":false},"excerpt":{"rendered":"<p>NGK Sytytystulpat 2023 Tulpat,Sytytystulppa VOLVO,SUBARU,LANCIA,940 Kombi 945,480 E,440 K 445,460 L 464,XT Coupe XT,LEONE II Station Wagon,LEONE II<\/p>\n","protected":false},"featured_media":0,"template":"","meta":{"site-sidebar-layout":"default","site-content-layout":"default","ast-global-header-display":"","ast-main-header-display":"","ast-hfb-above-header-display":"","ast-hfb-below-header-display":"","ast-hfb-mobile-header-display":"","site-post-title":"","ast-breadcrumbs-content":"","ast-featured-img":"","footer-sml-layout":"","theme-transparent-header-meta":"","adv-header-id-meta":"","stick-header-meta":"","header-above-stick-meta":"","header-main-stick-meta":"","header-below-stick-meta":""},"pwb-brand":[189],"product_cat":[165],"product_tag":[],"class_list":{"0":"post-38987","1":"product","2":"type-product","3":"status-publish","5":"pwb-brand-ngk","6":"product_cat-sytytystulpat","7":"desktop-align-left","8":"tablet-align-left","9":"mobile-align-left","11":"first","12":"instock","13":"product-type-external"},"brands":[{"id":189,"name":"NGK","slug":"ngk"}],"_links":{"self":[{"href":"https:\/\/www.autonvaraosahaku.fi\/index.php?rest_route=\/wp\/v2\/product\/38987","targetHints":{"allow":["GET"]}}],"collection":[{"href":"https:\/\/www.autonvaraosahaku.fi\/index.php?rest_route=\/wp\/v2\/product"}],"about":[{"href":"https:\/\/www.autonvaraosahaku.fi\/index.php?rest_route=\/wp\/v2\/types\/product"}],"wp:attachment":[{"href":"https:\/\/www.autonvaraosahaku.fi\/index.php?rest_route=%2Fwp%2Fv2%2Fmedia&parent=38987"}],"wp:term":[{"taxonomy":"pwb-brand","embeddable":true,"href":"https:\/\/www.autonvaraosahaku.fi\/index.php?rest_route=%2Fwp%2Fv2%2Fpwb-brand&post=38987"},{"taxonomy":"product_cat","embeddable":true,"href":"https:\/\/www.autonvaraosahaku.fi\/index.php?rest_route=%2Fwp%2Fv2%2Fproduct_cat&post=38987"},{"taxonomy":"product_tag","embeddable":true,"href":"https:\/\/www.autonvaraosahaku.fi\/index.php?rest_route=%2Fwp%2Fv2%2Fproduct_tag&post=38987"}],"curies":[{"name":"wp","href":"https:\/\/api.w.org\/{rel}","templated":true}]}}