{"id":38996,"date":"2021-02-21T16:40:15","date_gmt":"2021-02-21T16:40:15","guid":{"rendered":"https:\/\/www.autonvaraosahaku.fi\/?product=sachs-310-950-iskunvaimennin"},"modified":"2021-02-21T16:40:18","modified_gmt":"2021-02-21T16:40:18","slug":"sachs-310-950-iskunvaimennin","status":"publish","type":"product","link":"https:\/\/www.autonvaraosahaku.fi\/?product=sachs-310-950-iskunvaimennin","title":{"rendered":"SACHS 310 950 Iskunvaimennin"},"content":{"rendered":"<p>Iskunvaimennin asennustapa: Tappi ylh\u00e4\u00e4ll\u00e4, Silmukka alhaalla; Tunnusluku: SEOV30\/13X212A; Iskunvaimennin tyyppi: Kaasupaine; Iskunvaimennusj\u00e4rjestelm\u00e4: Kaksiputki; Asennuspuoli: Hinterachse; VW: GOLF V 1K1,GOLF VI 5K1,GOLF PLUS 5M1, 521,GOLF VI Variant AJ5,GOLF V Variant 1K5,SCIROCCO 137, 138,SHARAN 7N1, 7N2,GOLF VI Cabriolet 517; SKODA: OCTAVIA Combi 1Z5,YETI 5L,OCTAVIA 1Z3; SEAT: LEON 1P1,ALTEA 5P1,ALTEA XL 5P5, 5P8,ALHAMBRA 710, 711,TOLEDO III 5P2; 1K0513029CE, 1K0513029CE, 1K0513029GG, 1K0513029JG, 1K0513029MC, 1K0513029MD, 7N0513049P, 7N0513049Q, 1K0513029CE, 1K0513029EN, 1K0513029EQ, 1K0513029ER, 1K0513029ES, 1K0513029ET, 1K0513029GA, 1K0513029GP, 1K0513029MC, 1K0513029MN, 1K0513029MQ, 1K0512011TM, 1K0512011TN, 1K0512013AA, 1K0512013T, 1K0513029CE, 1K0513029CF, 1K0513029DA, 1K0513029DB, 1K0513029EN, 1K0513029EQ, 1K0513029ER, 1K0513029ES, 1K0513029ET, 1K0513029FG, 1K0513029FH, 1K0513029GA, 1K0513029GG, 1K0513029GL, 1K0513029HL, 1K0513029HS, 1K0513029MB, 1K0513029MC, 1K0513029MG, 1K0513029NC, 561513049, 561513049B, 561513049C, 561513049D, 7N0513049P, 7N0513049Q; Iskarit,Iskunvaimennin<\/p>\n","protected":false},"excerpt":{"rendered":"<p>SACHS Iskunvaimentimet 310 950 Iskarit,Iskunvaimennin VW,SKODA,SEAT,GOLF V 1K1,GOLF VI 5K1,GOLF PLUS 5M1, 521,GOLF VI Variant AJ5,GOLF V Variant 1K5<\/p>\n","protected":false},"featured_media":0,"template":"","meta":{"site-sidebar-layout":"default","site-content-layout":"default","ast-global-header-display":"","ast-main-header-display":"","ast-hfb-above-header-display":"","ast-hfb-below-header-display":"","ast-hfb-mobile-header-display":"","site-post-title":"","ast-breadcrumbs-content":"","ast-featured-img":"","footer-sml-layout":"","theme-transparent-header-meta":"","adv-header-id-meta":"","stick-header-meta":"","header-above-stick-meta":"","header-main-stick-meta":"","header-below-stick-meta":""},"pwb-brand":[91],"product_cat":[80],"product_tag":[],"class_list":{"0":"post-38996","1":"product","2":"type-product","3":"status-publish","5":"pwb-brand-sachs","6":"product_cat-iskunvaimennin","7":"desktop-align-left","8":"tablet-align-left","9":"mobile-align-left","11":"first","12":"instock","13":"product-type-external"},"brands":[{"id":91,"name":"SACHS","slug":"sachs"}],"_links":{"self":[{"href":"https:\/\/www.autonvaraosahaku.fi\/index.php?rest_route=\/wp\/v2\/product\/38996","targetHints":{"allow":["GET"]}}],"collection":[{"href":"https:\/\/www.autonvaraosahaku.fi\/index.php?rest_route=\/wp\/v2\/product"}],"about":[{"href":"https:\/\/www.autonvaraosahaku.fi\/index.php?rest_route=\/wp\/v2\/types\/product"}],"wp:attachment":[{"href":"https:\/\/www.autonvaraosahaku.fi\/index.php?rest_route=%2Fwp%2Fv2%2Fmedia&parent=38996"}],"wp:term":[{"taxonomy":"pwb-brand","embeddable":true,"href":"https:\/\/www.autonvaraosahaku.fi\/index.php?rest_route=%2Fwp%2Fv2%2Fpwb-brand&post=38996"},{"taxonomy":"product_cat","embeddable":true,"href":"https:\/\/www.autonvaraosahaku.fi\/index.php?rest_route=%2Fwp%2Fv2%2Fproduct_cat&post=38996"},{"taxonomy":"product_tag","embeddable":true,"href":"https:\/\/www.autonvaraosahaku.fi\/index.php?rest_route=%2Fwp%2Fv2%2Fproduct_tag&post=38996"}],"curies":[{"name":"wp","href":"https:\/\/api.w.org\/{rel}","templated":true}]}}