{"id":39002,"date":"2021-02-21T16:40:20","date_gmt":"2021-02-21T16:40:20","guid":{"rendered":"https:\/\/www.autonvaraosahaku.fi\/?product=ngk-3330-sytytystulpat"},"modified":"2021-02-21T16:40:21","modified_gmt":"2021-02-21T16:40:21","slug":"ngk-3330-sytytystulpat","status":"publish","type":"product","link":"https:\/\/www.autonvaraosahaku.fi\/?product=ngk-3330-sytytystulpat","title":{"rendered":"NGK 3330 Sytytystulpat"},"content":{"rendered":"<p>Avainv\u00e4li: 16 mm; Ulkokierre [mm]: 14,0; Kierteen pituus (mm): 19,0; Sytytystulppa: kiinte\u00e4 SAE-liitin, Nikkeli-keskielektrodi, 1-maaelektroodi, H\u00e4iri\u00f6npoisto, 5 k-ohm, suoralla istukalla; Kipin\u00e4et\u00e4isyys [mm]: 3,0; Valmistusvuosi alkaen: 07\/1981; VOLVO: V70 I LV,S80 I TS, XY,C70 I Cabriolet,C70 I Coupe,S70 LS; SAAB: 9000 Schr\u00e4gheck,900 I Cabriolet,900 I Combi Coupe,900 II Cabriolet,9000; LANCIA: DELTA II 836,DEDRA 835,Y10 156,DEDRA SW 835; FORD: ESCORT IV Cabriolet ALF,FIESTA I GFBT,ESCORT IV GAF, AWF, ABFT,FIESTA II FBD,ESCORT III GAA,ESCORT III Cabriolet ALD,ORION II AFF,ESCORT III Kombi AWA,ORION I AFD; FIAT: PUNTO 176,PUNTO Cabriolet 176C,SCUDO Kasten 220L,SCUDO Combinato 220P,FIORINO Kasten 146,TIPO 160,TEMPRA 159,TEMPRA S.W. 159,FIORINO Pick up 146,SCUDO Pritsche\/Fahrgestell 220_; CITRO\u00cbN: JUMPY U6U,JUMPY Kasten BS_, BT_, BY_, BZ_; PEUGEOT: 306 Schr\u00e4gheck 7A, 7C, N3, N5,106 I 1A, 1C,306 7B, N3, N5,EXPERT Kasten 222,605 6B,EXPERT 224,405 II 4B,405 II Break 4E,EXPERT Pritsche\/Fahrgestell 223; CATERHAM: 21; ASTON MARTIN: DB7 Vantage; 5894588, 7760384, 7GYSSR, 5894588, 7760384, 7GYSSR, 5962K1, 5962KO, 5962V8, 5962W6, 5962W7, 5894588, 7760384, 7GYSSR, 5894588, 7760384, 7GYSSR, 2240112E17, 5894588, 7760384, 7GYSSR, 5894588, 7760384, 7GYSSR, 2240112E17, 5962K1, 5962KO, 5962V8, 5962W6, 5962W7; Tulpat,Sytytystulppa<\/p>\n","protected":false},"excerpt":{"rendered":"<p>NGK Sytytystulpat 3330 Tulpat,Sytytystulppa VOLVO,SAAB,LANCIA,V70 I LV,S80 I TS, XY,C70 I Cabriolet,C70 I Coupe,S70 LS,9000 Schr\u00e4gheck,900 I Cabriolet<\/p>\n","protected":false},"featured_media":0,"template":"","meta":{"site-sidebar-layout":"default","site-content-layout":"default","ast-global-header-display":"","ast-main-header-display":"","ast-hfb-above-header-display":"","ast-hfb-below-header-display":"","ast-hfb-mobile-header-display":"","site-post-title":"","ast-breadcrumbs-content":"","ast-featured-img":"","footer-sml-layout":"","theme-transparent-header-meta":"","adv-header-id-meta":"","stick-header-meta":"","header-above-stick-meta":"","header-main-stick-meta":"","header-below-stick-meta":""},"pwb-brand":[189],"product_cat":[165],"product_tag":[],"class_list":{"0":"post-39002","1":"product","2":"type-product","3":"status-publish","5":"pwb-brand-ngk","6":"product_cat-sytytystulpat","7":"desktop-align-left","8":"tablet-align-left","9":"mobile-align-left","11":"first","12":"instock","13":"product-type-external"},"brands":[{"id":189,"name":"NGK","slug":"ngk"}],"_links":{"self":[{"href":"https:\/\/www.autonvaraosahaku.fi\/index.php?rest_route=\/wp\/v2\/product\/39002","targetHints":{"allow":["GET"]}}],"collection":[{"href":"https:\/\/www.autonvaraosahaku.fi\/index.php?rest_route=\/wp\/v2\/product"}],"about":[{"href":"https:\/\/www.autonvaraosahaku.fi\/index.php?rest_route=\/wp\/v2\/types\/product"}],"wp:attachment":[{"href":"https:\/\/www.autonvaraosahaku.fi\/index.php?rest_route=%2Fwp%2Fv2%2Fmedia&parent=39002"}],"wp:term":[{"taxonomy":"pwb-brand","embeddable":true,"href":"https:\/\/www.autonvaraosahaku.fi\/index.php?rest_route=%2Fwp%2Fv2%2Fpwb-brand&post=39002"},{"taxonomy":"product_cat","embeddable":true,"href":"https:\/\/www.autonvaraosahaku.fi\/index.php?rest_route=%2Fwp%2Fv2%2Fproduct_cat&post=39002"},{"taxonomy":"product_tag","embeddable":true,"href":"https:\/\/www.autonvaraosahaku.fi\/index.php?rest_route=%2Fwp%2Fv2%2Fproduct_tag&post=39002"}],"curies":[{"name":"wp","href":"https:\/\/api.w.org\/{rel}","templated":true}]}}