{"id":39032,"date":"2021-02-21T16:40:25","date_gmt":"2021-02-21T16:40:25","guid":{"rendered":"https:\/\/www.autonvaraosahaku.fi\/?product=ngk-6376-sytytystulpat"},"modified":"2021-02-21T16:40:28","modified_gmt":"2021-02-21T16:40:28","slug":"ngk-6376-sytytystulpat","status":"publish","type":"product","link":"https:\/\/www.autonvaraosahaku.fi\/?product=ngk-6376-sytytystulpat","title":{"rendered":"NGK 6376 Sytytystulpat"},"content":{"rendered":"<p>Avainv\u00e4li: 16 mm; Ulkokierre [mm]: 14,0; Kierteen pituus (mm): 26,5; Sytytystulppa: kiinte\u00e4 SAE-liitin, Nikkeli-keskielektrodi, 1-maaelektroodi, H\u00e4iri\u00f6npoisto, 5 k-ohm, suoralla istukalla; Kipin\u00e4et\u00e4isyys [mm]: 3,0; TECDOC-moottorinumero: 24885; NISSAN: X-TRAIL T30,ALMERA TINO V10,ALMERA II Hatchback N16,PRIMERA Kombi WP12,PRIMERA P12,PRIMERA Hatchback P12,ALMERA Mk II N16; KIA: SPORTAGE SL,SORENTO II XM,MAGENTIS MG,OPTIMA,CERATO II Stufenheck TD,SORENTO III,CERATO KOUP TD; HYUNDAI: ix35 LM, EL, ELH,SANTA F\u00c9 II CM,SONATA V NF,SANTA F\u00c9 III DM,SONATA VI YF,GRANDEUR HG; 1884111051, 224018H515, 224018H575, 224018H575Q0, 1884111051, 1N1518110, 859495Q, 224018H515, 224018H575, 224018H575Q0; Tulpat,Sytytystulppa<\/p>\n","protected":false},"excerpt":{"rendered":"<p>NGK Sytytystulpat 6376 Tulpat,Sytytystulppa NISSAN,KIA,HYUNDAI,X-TRAIL T30,ALMERA TINO V10,ALMERA II Hatchback N16,PRIMERA Kombi WP12,PRIMERA P12<\/p>\n","protected":false},"featured_media":0,"template":"","meta":{"site-sidebar-layout":"default","site-content-layout":"default","ast-global-header-display":"","ast-main-header-display":"","ast-hfb-above-header-display":"","ast-hfb-below-header-display":"","ast-hfb-mobile-header-display":"","site-post-title":"","ast-breadcrumbs-content":"","ast-featured-img":"","footer-sml-layout":"","theme-transparent-header-meta":"","adv-header-id-meta":"","stick-header-meta":"","header-above-stick-meta":"","header-main-stick-meta":"","header-below-stick-meta":""},"pwb-brand":[189],"product_cat":[165],"product_tag":[],"class_list":{"0":"post-39032","1":"product","2":"type-product","3":"status-publish","5":"pwb-brand-ngk","6":"product_cat-sytytystulpat","7":"desktop-align-left","8":"tablet-align-left","9":"mobile-align-left","11":"first","12":"instock","13":"product-type-external"},"brands":[{"id":189,"name":"NGK","slug":"ngk"}],"_links":{"self":[{"href":"https:\/\/www.autonvaraosahaku.fi\/index.php?rest_route=\/wp\/v2\/product\/39032","targetHints":{"allow":["GET"]}}],"collection":[{"href":"https:\/\/www.autonvaraosahaku.fi\/index.php?rest_route=\/wp\/v2\/product"}],"about":[{"href":"https:\/\/www.autonvaraosahaku.fi\/index.php?rest_route=\/wp\/v2\/types\/product"}],"wp:attachment":[{"href":"https:\/\/www.autonvaraosahaku.fi\/index.php?rest_route=%2Fwp%2Fv2%2Fmedia&parent=39032"}],"wp:term":[{"taxonomy":"pwb-brand","embeddable":true,"href":"https:\/\/www.autonvaraosahaku.fi\/index.php?rest_route=%2Fwp%2Fv2%2Fpwb-brand&post=39032"},{"taxonomy":"product_cat","embeddable":true,"href":"https:\/\/www.autonvaraosahaku.fi\/index.php?rest_route=%2Fwp%2Fv2%2Fproduct_cat&post=39032"},{"taxonomy":"product_tag","embeddable":true,"href":"https:\/\/www.autonvaraosahaku.fi\/index.php?rest_route=%2Fwp%2Fv2%2Fproduct_tag&post=39032"}],"curies":[{"name":"wp","href":"https:\/\/api.w.org\/{rel}","templated":true}]}}