{"id":39098,"date":"2021-02-21T16:40:41","date_gmt":"2021-02-21T16:40:41","guid":{"rendered":"https:\/\/www.autonvaraosahaku.fi\/?product=ngk-6240-sytytystulpat"},"modified":"2021-02-21T16:40:44","modified_gmt":"2021-02-21T16:40:44","slug":"ngk-6240-sytytystulpat","status":"publish","type":"product","link":"https:\/\/www.autonvaraosahaku.fi\/?product=ngk-6240-sytytystulpat","title":{"rendered":"NGK 6240 Sytytystulpat"},"content":{"rendered":"<p>Avainv\u00e4li: 16 mm; Ulkokierre [mm]: 14,0; Kierteen pituus (mm): 26,5; Sytytystulppa: kiinte\u00e4 SAE-liitin, Platina-keskielektrodi, 1-maaelektroodi, H\u00e4iri\u00f6npoisto, 5 k-ohm, suoralla istukalla; Kipin\u00e4et\u00e4isyys [mm]: 3,5; TECDOC-moottorinumero: 16313; NISSAN: X-TRAIL T30,ALMERA II Hatchback N16,PATHFINDER R51,PRIMERA Kombi WP12,PRIMERA P12,350 Z Z33,MURANO Z50,PRIMERA Hatchback P12,PATROL GR II Wagon Y61,PATHFINDER R50,ALMERA Mk II N16,350 Z Roadster Z33; LANCIA: PHEDRA 179; INFINITI: FX,M35; RENAULT: ESPACE IV JK0\/1_,LAGUNA II Grandtour KG0\/1_,LAGUNA II BG0\/1_,VEL SATIS BJ0_,AVANTIME DE0_; CITRO\u00cbN: C5 III Break TD_,C8 EA_, EB_,C5 II Break RE_,C5 I DC_,C5 I Break DE_,C5 III RD_,C5 II RC_,C6 TD_; PEUGEOT: 407 SW 6E_,807 E,607 9D, 9U,407 6D_,406 Break 8E\/F,406 Coupe 8C,406 8B,407 Coupe 6C_; 596081, 224015M015, 224015M075, 224015M075Q0, 224015M075SN, 224015M075VA, 224015M075W0, 224015M015, 224015M075, 224015M075Q0, 224015M075SN, 224015M075VA, 224015M075W0, 596081; Tulpat,Sytytystulppa<\/p>\n","protected":false},"excerpt":{"rendered":"<p>NGK Sytytystulpat 6240 Tulpat,Sytytystulppa NISSAN,LANCIA,INFINITI,X-TRAIL T30,ALMERA II Hatchback N16,PATHFINDER R51,PRIMERA Kombi WP12,PRIMERA P12<\/p>\n","protected":false},"featured_media":0,"template":"","meta":{"site-sidebar-layout":"default","site-content-layout":"default","ast-global-header-display":"","ast-main-header-display":"","ast-hfb-above-header-display":"","ast-hfb-below-header-display":"","ast-hfb-mobile-header-display":"","site-post-title":"","ast-breadcrumbs-content":"","ast-featured-img":"","footer-sml-layout":"","theme-transparent-header-meta":"","adv-header-id-meta":"","stick-header-meta":"","header-above-stick-meta":"","header-main-stick-meta":"","header-below-stick-meta":""},"pwb-brand":[189],"product_cat":[165],"product_tag":[],"class_list":{"0":"post-39098","1":"product","2":"type-product","3":"status-publish","5":"pwb-brand-ngk","6":"product_cat-sytytystulpat","7":"desktop-align-left","8":"tablet-align-left","9":"mobile-align-left","11":"first","12":"instock","13":"product-type-external"},"brands":[{"id":189,"name":"NGK","slug":"ngk"}],"_links":{"self":[{"href":"https:\/\/www.autonvaraosahaku.fi\/index.php?rest_route=\/wp\/v2\/product\/39098","targetHints":{"allow":["GET"]}}],"collection":[{"href":"https:\/\/www.autonvaraosahaku.fi\/index.php?rest_route=\/wp\/v2\/product"}],"about":[{"href":"https:\/\/www.autonvaraosahaku.fi\/index.php?rest_route=\/wp\/v2\/types\/product"}],"wp:attachment":[{"href":"https:\/\/www.autonvaraosahaku.fi\/index.php?rest_route=%2Fwp%2Fv2%2Fmedia&parent=39098"}],"wp:term":[{"taxonomy":"pwb-brand","embeddable":true,"href":"https:\/\/www.autonvaraosahaku.fi\/index.php?rest_route=%2Fwp%2Fv2%2Fpwb-brand&post=39098"},{"taxonomy":"product_cat","embeddable":true,"href":"https:\/\/www.autonvaraosahaku.fi\/index.php?rest_route=%2Fwp%2Fv2%2Fproduct_cat&post=39098"},{"taxonomy":"product_tag","embeddable":true,"href":"https:\/\/www.autonvaraosahaku.fi\/index.php?rest_route=%2Fwp%2Fv2%2Fproduct_tag&post=39098"}],"curies":[{"name":"wp","href":"https:\/\/api.w.org\/{rel}","templated":true}]}}