{"id":39129,"date":"2021-02-21T16:40:51","date_gmt":"2021-02-21T16:40:51","guid":{"rendered":"https:\/\/www.autonvaraosahaku.fi\/?product=valeo-509355-ohjainlaite-lammitys-tuuletus"},"modified":"2021-02-21T16:40:53","modified_gmt":"2021-02-21T16:40:53","slug":"valeo-509355-ohjainlaite-lammitys-tuuletus","status":"publish","type":"product","link":"https:\/\/www.autonvaraosahaku.fi\/?product=valeo-509355-ohjainlaite-lammitys-tuuletus","title":{"rendered":"VALEO 509355 Ohjainlaite l\u00e4mmitys tuuletus"},"content":{"rendered":"<p>Varusteet: Autoihin, joissa ilmastointi; Korvaava tuote\/korvaava tiedote 2: ilman kaapelia; K\u00e4ytt\u00f6: Elektroninen; Paino [kg]: 0,24; NISSAN: MICRA III K12,NOTE E11,MICRA C+C K12; RENAULT: CLIO III BR0\/1, CR0\/1,SC\u00c9NIC II JM0\/1_,TWINGO II CN0_,MODUS \/ GRAND MODUS F\/JP0_,MEGANE II Kombi KM0\/1_,SC\u00c9NIC I JA0\/1_,MEGANE II Coup\u00e9-Cabriolet EM0\/1_,MEGANE II BM0\/1_, CM0\/1_,CLIO Grandtour KR0\/1_,GRAND SC\u00c9NIC II JM0\/1_,MEGANE II Stufenheck LM0\/1_,CLIO III Kasten SB_, SR_,MEGANE II Hatchback Van KM0\/2_; CITRO\u00cbN: C2 JM_,C3 I FC_,C5 I DC_,C5 I Break DE_,C3 II,C3 Pluriel HB_,C2 ENTERPRISE; PEUGEOT: 207 WA_, WC_,207 CC WD_,207 SW WK_,607 9D, 9U,406 Break 8E\/F,1007 KM_,406 Coupe 8C,406 8B; 6441L2, 27761AX010, 6441L2, 7701048390, 7701207718; S\u00e4\u00e4t\u00f6elementti Ilmastointilaite,S\u00e4\u00e4t\u00f6elementti L\u00e4mmitys Tuuletus<\/p>\n","protected":false},"excerpt":{"rendered":"<p>VALEO Ohjainlaite L\u00e4mmitys Tuuletus 509355 S\u00e4\u00e4t\u00f6elementti Ilmastointilaite,S\u00e4\u00e4t\u00f6elementti L\u00e4mmitys Tuuletus NISSAN,RENAULT,CITRO\u00cbN,MICRA III K12<\/p>\n","protected":false},"featured_media":0,"template":"","meta":{"site-sidebar-layout":"default","site-content-layout":"default","ast-global-header-display":"","ast-main-header-display":"","ast-hfb-above-header-display":"","ast-hfb-below-header-display":"","ast-hfb-mobile-header-display":"","site-post-title":"","ast-breadcrumbs-content":"","ast-featured-img":"","footer-sml-layout":"","theme-transparent-header-meta":"","adv-header-id-meta":"","stick-header-meta":"","header-above-stick-meta":"","header-main-stick-meta":"","header-below-stick-meta":""},"pwb-brand":[28],"product_cat":[262],"product_tag":[],"class_list":{"0":"post-39129","1":"product","2":"type-product","3":"status-publish","5":"pwb-brand-valeo","6":"product_cat-ohjainlaite-lammitys-tuuletus","7":"desktop-align-left","8":"tablet-align-left","9":"mobile-align-left","11":"first","12":"instock","13":"product-type-external"},"brands":[{"id":28,"name":"VALEO","slug":"valeo"}],"_links":{"self":[{"href":"https:\/\/www.autonvaraosahaku.fi\/index.php?rest_route=\/wp\/v2\/product\/39129","targetHints":{"allow":["GET"]}}],"collection":[{"href":"https:\/\/www.autonvaraosahaku.fi\/index.php?rest_route=\/wp\/v2\/product"}],"about":[{"href":"https:\/\/www.autonvaraosahaku.fi\/index.php?rest_route=\/wp\/v2\/types\/product"}],"wp:attachment":[{"href":"https:\/\/www.autonvaraosahaku.fi\/index.php?rest_route=%2Fwp%2Fv2%2Fmedia&parent=39129"}],"wp:term":[{"taxonomy":"pwb-brand","embeddable":true,"href":"https:\/\/www.autonvaraosahaku.fi\/index.php?rest_route=%2Fwp%2Fv2%2Fpwb-brand&post=39129"},{"taxonomy":"product_cat","embeddable":true,"href":"https:\/\/www.autonvaraosahaku.fi\/index.php?rest_route=%2Fwp%2Fv2%2Fproduct_cat&post=39129"},{"taxonomy":"product_tag","embeddable":true,"href":"https:\/\/www.autonvaraosahaku.fi\/index.php?rest_route=%2Fwp%2Fv2%2Fproduct_tag&post=39129"}],"curies":[{"name":"wp","href":"https:\/\/api.w.org\/{rel}","templated":true}]}}