{"id":39148,"date":"2021-02-21T16:40:56","date_gmt":"2021-02-21T16:40:56","guid":{"rendered":"https:\/\/www.autonvaraosahaku.fi\/?product=skf-vkma-01250-jakohihna"},"modified":"2021-02-21T16:40:57","modified_gmt":"2021-02-21T16:40:57","slug":"skf-vkma-01250-jakohihna","status":"publish","type":"product","link":"https:\/\/www.autonvaraosahaku.fi\/?product=skf-vkma-01250-jakohihna","title":{"rendered":"SKF VKMA 01250 Jakohihna"},"content":{"rendered":"<p>Hammasluku: 120; Hihna: Py\u00f6ristetyll\u00e4 hammasprofiililla; Suositellun erikoisty\u00f6kalun tuotenumero: VKN 1000; Hihnaleveys [mm]: 30; Valmistusvuosi alkaen: 01\/2003; VW: GOLF IV 1J1,GOLF V 1K1,POLO 9N_,TOURAN 1T1, 1T2,PASSAT Variant 3C5,GOLF PLUS 5M1, 521,PASSAT Variant 3B6,LUPO 6X1, 6E1,PASSAT 3C2,GOLF IV Variant 1J5,SHARAN 7M8, 7M9, 7M6,CADDY III Kombi 2KB, 2KJ, 2CB, 2CJ,TRANSPORTER V Bus 7HB, 7HJ, 7EB, 7EJ, 7EF,FOX 5Z1, 5Z3,GOLF V Variant 1K5,MULTIVAN V 7HM, 7HN, 7HF, 7EF, 7EM, 7EN,CADDY III Kasten 2KA, 2KH, 2CA, 2CH,BORA 1J2,EOS 1F7, 1F8,TRANSPORTER V Kasten 7HA, 7HH, 7EA, 7EH,NEW BEETLE 9C1, 1C1,PASSAT 3B3,BORA Kombi 1J6,NEW BEETLE Cabriolet 1Y7,JETTA III 1K2,TRANSPORTER V Pritsche\/Fahrgestell 7JD, 7JE, 7JL, 7JY, 7JZ,,POLO Stufenheck 9A4; AUDI: A3 8P1,A3 8L1,A3 Sportback 8PA,A4 Avant 8ED, B7,A4 Avant 8E5, B6,A6 Avant 4B5, C5,A4 8E2, B6,A2 8Z0,A6 4B2, C5,A4 Cabriolet 8H7, B6, 8HE, B7,A4 8EC, B7,A3 Cabriolet 8P7; FORD: GALAXY WGR; SKODA: OCTAVIA Combi 1Z5,FABIA Combi 6Y5,FABIA,FABIA 6Y2,OCTAVIA Combi 1U5,FABIA Combi,ROOMSTER 5J,SUPERB Kombi 3T5,OCTAVIA 1Z3,OCTAVIA 1U2,SUPERB 3U4,SUPERB 3T4,FABIA Stufenheck 6Y3,ROOMSTER Praktik 5J,FABIA Praktik; SEAT: IBIZA IV 6L1,LEON 1P1,IBIZA V 6J5, 6P5,LEON 1M1,ALTEA 5P1,AROSA 6H,ALHAMBRA 7V8, 7V9,ALTEA XL 5P5, 5P8,TOLEDO II 1M2,IBIZA V SPORTCOUPE 6J1, 6P1,CORDOBA 6L2,TOLEDO III 5P2; 038109119L, 038109119N, 038109119P, 038109243M, 038109244J, 038109244N, 038109454A, 038198119A, 038198119C, 045109243F, N01508315, N0150833, N10444702, N10609201, N90905501, N90905502, 68000678AA, 1100556, 1118997, 1124944, 1131812, 1221490, 1221491, 1250636, 1250855, 2M216K254AA, 2M216K297AA, 3M216268AA, N909055VX01, N909055VX02, N909349VX01, XM216268BA, YM218A663AA, 68000678AA, MN980103, MN980104, MN980105, MN980296, 038109119L, 038109119N, 038109119P, 038109243M, 038109244J, 038109244N, 038109454A, 038198119A, 038198119C, 045109243F, N01508315, N0150833, N10444702, N10609201, N90905501, N90905502, 038109119L, 038109119N, 038109119P, 038109243M, 038109244J, 038109244N, 038109454A, 038198119A, 038198119C, 045109243F, N01508315, N0150833, N10444702, N10609201, N90905501, N90905502, 038109119L, 038109119N, 038109119P, 038109243M, 038109244J, 038109244N, 038109454A, 038198119A, 038198119C, 045109243F, N01508315, N0150833, N10444702, N10609201, N90905501, N90905502; Hammashihnasarja<\/p>\n","protected":false},"excerpt":{"rendered":"<p>SKF Jakohihnasarja VKMA 01250 Hammashihnasarja VW,AUDI,FORD,GOLF IV 1J1,GOLF V 1K1,POLO 9N_,TOURAN 1T1, 1T2,PASSAT Variant 3C5,GOLF PLUS 5M1, 521<\/p>\n","protected":false},"featured_media":0,"template":"","meta":{"site-sidebar-layout":"default","site-content-layout":"default","ast-global-header-display":"","ast-main-header-display":"","ast-hfb-above-header-display":"","ast-hfb-below-header-display":"","ast-hfb-mobile-header-display":"","site-post-title":"","ast-breadcrumbs-content":"","ast-featured-img":"","footer-sml-layout":"","theme-transparent-header-meta":"","adv-header-id-meta":"","stick-header-meta":"","header-above-stick-meta":"","header-main-stick-meta":"","header-below-stick-meta":""},"pwb-brand":[237],"product_cat":[266],"product_tag":[],"class_list":{"0":"post-39148","1":"product","2":"type-product","3":"status-publish","5":"pwb-brand-skf","6":"product_cat-jakohihna","7":"desktop-align-left","8":"tablet-align-left","9":"mobile-align-left","11":"first","12":"instock","13":"product-type-external"},"brands":[{"id":237,"name":"SKF","slug":"skf"}],"_links":{"self":[{"href":"https:\/\/www.autonvaraosahaku.fi\/index.php?rest_route=\/wp\/v2\/product\/39148","targetHints":{"allow":["GET"]}}],"collection":[{"href":"https:\/\/www.autonvaraosahaku.fi\/index.php?rest_route=\/wp\/v2\/product"}],"about":[{"href":"https:\/\/www.autonvaraosahaku.fi\/index.php?rest_route=\/wp\/v2\/types\/product"}],"wp:attachment":[{"href":"https:\/\/www.autonvaraosahaku.fi\/index.php?rest_route=%2Fwp%2Fv2%2Fmedia&parent=39148"}],"wp:term":[{"taxonomy":"pwb-brand","embeddable":true,"href":"https:\/\/www.autonvaraosahaku.fi\/index.php?rest_route=%2Fwp%2Fv2%2Fpwb-brand&post=39148"},{"taxonomy":"product_cat","embeddable":true,"href":"https:\/\/www.autonvaraosahaku.fi\/index.php?rest_route=%2Fwp%2Fv2%2Fproduct_cat&post=39148"},{"taxonomy":"product_tag","embeddable":true,"href":"https:\/\/www.autonvaraosahaku.fi\/index.php?rest_route=%2Fwp%2Fv2%2Fproduct_tag&post=39148"}],"curies":[{"name":"wp","href":"https:\/\/api.w.org\/{rel}","templated":true}]}}