{"id":39160,"date":"2021-02-21T16:41:01","date_gmt":"2021-02-21T16:41:01","guid":{"rendered":"https:\/\/www.autonvaraosahaku.fi\/?product=purflux-fcs748-polttoainesuodatin"},"modified":"2021-02-21T16:41:01","modified_gmt":"2021-02-21T16:41:01","slug":"purflux-fcs748-polttoainesuodatin","status":"publish","type":"product","link":"https:\/\/www.autonvaraosahaku.fi\/?product=purflux-fcs748-polttoainesuodatin","title":{"rendered":"PURFLUX FCS748 Polttoainesuodatin"},"content":{"rendered":"<p>Ulkol\u00e4pimitta [mm]: 75; Sis\u00e4l\u00e4pimitta [mm]: 8; Korkeus (mm): 186; Valmistusvuoteen: 05\/2014; NISSAN: MICRA III K12,NOTE E11,ALMERA II Hatchback N16,JUKE F15,NV200 EVALIA,TIIDA Schr\u00e4gheck,NV200 Kasten,ALMERA Mk II N16,CUBE Z12,TIIDA Stufenheck SC11X,KUBISTAR Kasten X80; SUZUKI: JIMNY FJ; RENAULT: CLIO II BB0\/1\/2_, CB0\/1\/2_,KANGOO KC0\/1_,KANGOO Express FC0\/1_,CLIO II Kasten SB0\/1\/2_,THALIA I LB0\/1\/2_,THALIA II LU1\/2_; FS9314E, FS9316E, J1331041, 1640000Q0K, 1640000Q1H, 1640000Q2A, 1640000Q2D, 1640000QAV, 16400AY60A, 16400AY61A, 16400BC40A, 16400BN700, 16400JD50C, 16400JD52C, 16400JD52E, 16400JX51B, 16400JX52B, 16400JX52C, 1640100Q0D, 1640100QAA, 1640100QAB, 164001540R, 7701061576, 7701062190, 7701063611, 8200026237, 8200151379, 8200400416, 8200458337, 8200458397, 8671014181, 8671019210, 8671019211, 1541084A00<\/p>\n","protected":false},"excerpt":{"rendered":"<p>PURFLUX Polttoainesuodatin FCS748  NISSAN,SUZUKI,RENAULT,MICRA III K12,NOTE E11,ALMERA II Hatchback N16,JUKE F15,NV200 EVALIA,TIIDA Schr\u00e4gheck<\/p>\n","protected":false},"featured_media":0,"template":"","meta":{"site-sidebar-layout":"default","site-content-layout":"default","ast-global-header-display":"","ast-main-header-display":"","ast-hfb-above-header-display":"","ast-hfb-below-header-display":"","ast-hfb-mobile-header-display":"","site-post-title":"","ast-breadcrumbs-content":"","ast-featured-img":"","footer-sml-layout":"","theme-transparent-header-meta":"","adv-header-id-meta":"","stick-header-meta":"","header-above-stick-meta":"","header-main-stick-meta":"","header-below-stick-meta":""},"pwb-brand":[303],"product_cat":[29],"product_tag":[],"class_list":{"0":"post-39160","1":"product","2":"type-product","3":"status-publish","5":"pwb-brand-purflux","6":"product_cat-polttoainesuodatin","7":"desktop-align-left","8":"tablet-align-left","9":"mobile-align-left","11":"first","12":"instock","13":"product-type-external"},"brands":[{"id":303,"name":"PURFLUX","slug":"purflux"}],"_links":{"self":[{"href":"https:\/\/www.autonvaraosahaku.fi\/index.php?rest_route=\/wp\/v2\/product\/39160","targetHints":{"allow":["GET"]}}],"collection":[{"href":"https:\/\/www.autonvaraosahaku.fi\/index.php?rest_route=\/wp\/v2\/product"}],"about":[{"href":"https:\/\/www.autonvaraosahaku.fi\/index.php?rest_route=\/wp\/v2\/types\/product"}],"wp:attachment":[{"href":"https:\/\/www.autonvaraosahaku.fi\/index.php?rest_route=%2Fwp%2Fv2%2Fmedia&parent=39160"}],"wp:term":[{"taxonomy":"pwb-brand","embeddable":true,"href":"https:\/\/www.autonvaraosahaku.fi\/index.php?rest_route=%2Fwp%2Fv2%2Fpwb-brand&post=39160"},{"taxonomy":"product_cat","embeddable":true,"href":"https:\/\/www.autonvaraosahaku.fi\/index.php?rest_route=%2Fwp%2Fv2%2Fproduct_cat&post=39160"},{"taxonomy":"product_tag","embeddable":true,"href":"https:\/\/www.autonvaraosahaku.fi\/index.php?rest_route=%2Fwp%2Fv2%2Fproduct_tag&post=39160"}],"curies":[{"name":"wp","href":"https:\/\/api.w.org\/{rel}","templated":true}]}}