{"id":39200,"date":"2021-02-21T16:41:11","date_gmt":"2021-02-21T16:41:11","guid":{"rendered":"https:\/\/www.autonvaraosahaku.fi\/?product=ngk-3132-sytytystulpat"},"modified":"2021-02-21T16:41:11","modified_gmt":"2021-02-21T16:41:11","slug":"ngk-3132-sytytystulpat","status":"publish","type":"product","link":"https:\/\/www.autonvaraosahaku.fi\/?product=ngk-3132-sytytystulpat","title":{"rendered":"NGK 3132 Sytytystulpat"},"content":{"rendered":"<p>Avainv\u00e4li: 16 mm; Ulkokierre [mm]: 14,0; Kierteen pituus (mm): 19,0; Sytytystulppa: kiinte\u00e4 SAE-liitin, Nikkeli-keskielektrodi, 1-maaelektroodi, H\u00e4iri\u00f6npoisto, 5 k-ohm, suoralla istukalla; Kipin\u00e4et\u00e4isyys [mm]: 3,0; Moottorinumero: V6; MAZDA: 323 III Hatchback BF,626 III Hatchback GD,626 III Coupe GD,323 III BF; NISSAN: 300 ZX Z31; HONDA: CRX II ED, EE,CIVIC IV Hatchback EC, ED, EE,PRELUDE III BA,CONCERTO HW,CIVIC IV Stufenheck ED,ACCORD III CA,CONCERTO Stufenheck HWW,CIVIC II Shuttle EE,LEGEND I HS, KA,INTEGRA DA; SAAB: 9000 Schr\u00e4gheck; ROVER: CABRIOLET XW,200 Hatchback XW,200 Coupe XW,400 Tourer XW,800 Coupe,400 XW; 99906910P9023, 9807956148, 2240102P16, F22018110, 2240102P16; Tulpat,Sytytystulppa<\/p>\n","protected":false},"excerpt":{"rendered":"<p>NGK Sytytystulpat 3132 Tulpat,Sytytystulppa MAZDA,NISSAN,HONDA,323 III Hatchback BF,626 III Hatchback GD,626 III Coupe GD,323 III BF,300 ZX Z31<\/p>\n","protected":false},"featured_media":0,"template":"","meta":{"site-sidebar-layout":"default","site-content-layout":"default","ast-global-header-display":"","ast-main-header-display":"","ast-hfb-above-header-display":"","ast-hfb-below-header-display":"","ast-hfb-mobile-header-display":"","site-post-title":"","ast-breadcrumbs-content":"","ast-featured-img":"","footer-sml-layout":"","theme-transparent-header-meta":"","adv-header-id-meta":"","stick-header-meta":"","header-above-stick-meta":"","header-main-stick-meta":"","header-below-stick-meta":""},"pwb-brand":[189],"product_cat":[165],"product_tag":[],"class_list":{"0":"post-39200","1":"product","2":"type-product","3":"status-publish","5":"pwb-brand-ngk","6":"product_cat-sytytystulpat","7":"desktop-align-left","8":"tablet-align-left","9":"mobile-align-left","11":"first","12":"instock","13":"product-type-external"},"brands":[{"id":189,"name":"NGK","slug":"ngk"}],"_links":{"self":[{"href":"https:\/\/www.autonvaraosahaku.fi\/index.php?rest_route=\/wp\/v2\/product\/39200","targetHints":{"allow":["GET"]}}],"collection":[{"href":"https:\/\/www.autonvaraosahaku.fi\/index.php?rest_route=\/wp\/v2\/product"}],"about":[{"href":"https:\/\/www.autonvaraosahaku.fi\/index.php?rest_route=\/wp\/v2\/types\/product"}],"wp:attachment":[{"href":"https:\/\/www.autonvaraosahaku.fi\/index.php?rest_route=%2Fwp%2Fv2%2Fmedia&parent=39200"}],"wp:term":[{"taxonomy":"pwb-brand","embeddable":true,"href":"https:\/\/www.autonvaraosahaku.fi\/index.php?rest_route=%2Fwp%2Fv2%2Fpwb-brand&post=39200"},{"taxonomy":"product_cat","embeddable":true,"href":"https:\/\/www.autonvaraosahaku.fi\/index.php?rest_route=%2Fwp%2Fv2%2Fproduct_cat&post=39200"},{"taxonomy":"product_tag","embeddable":true,"href":"https:\/\/www.autonvaraosahaku.fi\/index.php?rest_route=%2Fwp%2Fv2%2Fproduct_tag&post=39200"}],"curies":[{"name":"wp","href":"https:\/\/api.w.org\/{rel}","templated":true}]}}