{"id":39218,"date":"2021-02-21T16:41:11","date_gmt":"2021-02-21T16:41:11","guid":{"rendered":"https:\/\/www.autonvaraosahaku.fi\/?product=tyc-18-0273-00-2-vilkku"},"modified":"2021-02-21T16:41:14","modified_gmt":"2021-02-21T16:41:14","slug":"tyc-18-0273-00-2-vilkku","status":"publish","type":"product","link":"https:\/\/www.autonvaraosahaku.fi\/?product=tyc-18-0273-00-2-vilkku","title":{"rendered":"TYC 18-0273-00-2 Vilkku"},"content":{"rendered":"<p>V\u00e4ri: Lasinkirkas; Asennuspuoli: Molemminpuolin, Asennus sivulle; Rekister\u00f6ity tyyppi: E-hyv\u00e4ksytty; Lis\u00e4tarvike\/lis\u00e4tieto: Lampun kannalla, Polttimolla; Lamppumalli: WY5W; Valmistusvuosi alkaen: 01\/2006; FIAT: SCUDO 270_,SCUDO Kasten 270_,SCUDO Pritsche\/Fahrgestell 270_; PEUGEOT: 206 Schr\u00e4gheck 2A\/C,206 CC 2D,307 SW 3H,307 CC 3B,407 SW 6E_,307 3A\/C,107,206 SW 2E\/K,206+ T3E,307 Break 3E,607 9D, 9U,407 6D_,PARTNER Tepee,1007 KM_,4007 GP_,EXPERT Tepee VF3V_,EXPERT Kasten VF3A_, VF3U_, VF3X_,PARTNER Kasten,206 Stufenheck,301,EXPERT Pritsche\/Fahrgestell,108,EXPERT Kasten,TRAVELLER; TOYOTA: AYGO WNB1_, KGB1_,PROACE Kasten\/Kombi,AYGO PAB4_, KGB4_; CITRO\u00cbN: C1 PM_, PN_,BERLINGO MF,C2 JM_,C3 I FC_,BERLINGO B9,BERLINGO Kasten M_,C5 II Break RE_,C3 Picasso,C5 I DC_,C5 I Break DE_,XSARA N1,C3 Pluriel HB_,C5 II RC_,C-CROSSER EP_,XSARA Break N2,JUMPY,BERLINGO Kasten B9,C6 TD_,JUMPY Kasten,XSARA Coupe N0,C-ELYSEE,C1 II,C4 CACTUS,SPACETOURER; 6325G3, 6325G4, 9680057480, 6325G3, 6325G4, 6325G3, 6325G4, 817300H010; Vilkkuvalo,Suuntavilkku<\/p>\n","protected":false},"excerpt":{"rendered":"<p>TYC Vilkku 18-0273-00-2 Vilkkuvalo,Suuntavilkku FIAT,PEUGEOT,TOYOTA,SCUDO 270_,SCUDO Kasten 270_,SCUDO Pritsche\/Fahrgestell 270_,206 Schr\u00e4gheck 2A\/C<\/p>\n","protected":false},"featured_media":0,"template":"","meta":{"site-sidebar-layout":"default","site-content-layout":"default","ast-global-header-display":"","ast-main-header-display":"","ast-hfb-above-header-display":"","ast-hfb-below-header-display":"","ast-hfb-mobile-header-display":"","site-post-title":"","ast-breadcrumbs-content":"","ast-featured-img":"","footer-sml-layout":"","theme-transparent-header-meta":"","adv-header-id-meta":"","stick-header-meta":"","header-above-stick-meta":"","header-main-stick-meta":"","header-below-stick-meta":""},"pwb-brand":[124],"product_cat":[149],"product_tag":[],"class_list":{"0":"post-39218","1":"product","2":"type-product","3":"status-publish","5":"pwb-brand-tyc","6":"product_cat-vilkku","7":"desktop-align-left","8":"tablet-align-left","9":"mobile-align-left","11":"first","12":"instock","13":"product-type-external"},"brands":[{"id":124,"name":"TYC","slug":"tyc"}],"_links":{"self":[{"href":"https:\/\/www.autonvaraosahaku.fi\/index.php?rest_route=\/wp\/v2\/product\/39218","targetHints":{"allow":["GET"]}}],"collection":[{"href":"https:\/\/www.autonvaraosahaku.fi\/index.php?rest_route=\/wp\/v2\/product"}],"about":[{"href":"https:\/\/www.autonvaraosahaku.fi\/index.php?rest_route=\/wp\/v2\/types\/product"}],"wp:attachment":[{"href":"https:\/\/www.autonvaraosahaku.fi\/index.php?rest_route=%2Fwp%2Fv2%2Fmedia&parent=39218"}],"wp:term":[{"taxonomy":"pwb-brand","embeddable":true,"href":"https:\/\/www.autonvaraosahaku.fi\/index.php?rest_route=%2Fwp%2Fv2%2Fpwb-brand&post=39218"},{"taxonomy":"product_cat","embeddable":true,"href":"https:\/\/www.autonvaraosahaku.fi\/index.php?rest_route=%2Fwp%2Fv2%2Fproduct_cat&post=39218"},{"taxonomy":"product_tag","embeddable":true,"href":"https:\/\/www.autonvaraosahaku.fi\/index.php?rest_route=%2Fwp%2Fv2%2Fproduct_tag&post=39218"}],"curies":[{"name":"wp","href":"https:\/\/api.w.org\/{rel}","templated":true}]}}