{"id":39235,"date":"2021-02-21T16:41:16","date_gmt":"2021-02-21T16:41:16","guid":{"rendered":"https:\/\/www.autonvaraosahaku.fi\/?product=purflux-c526-polttoainesuodatin"},"modified":"2021-02-21T16:41:19","modified_gmt":"2021-02-21T16:41:19","slug":"purflux-c526-polttoainesuodatin","status":"publish","type":"product","link":"https:\/\/www.autonvaraosahaku.fi\/?product=purflux-c526-polttoainesuodatin","title":{"rendered":"PURFLUX C526 Polttoainesuodatin"},"content":{"rendered":"<p>Ulkol\u00e4pimitta [mm]: 92; Sis\u00e4l\u00e4pimitta [mm]: 24; Korkeus (mm): 75; Valmistusvuosi alkaen: 04\/2012; TOYOTA: PROACE Kasten\/Kombi; FORD: MONDEO IV Turnier BA7,S-MAX WA6,FOCUS III Turnier,GALAXY WA6,KUGA I,FOCUS III,C-MAX II,MONDEO IV BA7,KUGA II DM2,GRAND C-MAX,FOCUS III Stufenheck,MONDEO IV Stufenheck BA7,GRAND C-MAX Van,C-MAX II Van,KUGA II Van,FOCUS III Kasten\/Schr\u00e4gheck; FIAT: SCUDO 270_,SCUDO Kasten 270_,SCUDO Pritsche\/Fahrgestell 270_; CITRO\u00cbN: C5 III Break TD_,C4 Picasso I UD_,C4 Grand Picasso I UA_,C5 III RD_,C4 II B7,JUMPY,JUMPY Kasten,DS4,DS5,JUMPY Pritsche\/Fahrgestell; PEUGEOT: 407 SW 6E_,308 SW,807 E,308 4A_, 4C_,5008,508 SW,407 6D_,3008,RCZ,308 CC,508,407 Coupe 6C_,EXPERT Tepee VF3V_,EXPERT Kasten VF3A_, VF3U_, VF3X_,EXPERT Pritsche\/Fahrgestell; DS: DS5; ACD8102E, 1611659180, 9467637280, 1681999, 1682001, 9M5Q9155AA, 9M5Q9176AA, 1611659180, 190191, 1906A7, 9813802280, SU001A0683<\/p>\n","protected":false},"excerpt":{"rendered":"<p>PURFLUX Polttoainesuodatin C526  TOYOTA,FORD,FIAT,PROACE Kasten\/Kombi,MONDEO IV Turnier BA7,S-MAX WA6,FOCUS III Turnier,GALAXY WA6,KUGA I,FOCUS III<\/p>\n","protected":false},"featured_media":0,"template":"","meta":{"site-sidebar-layout":"default","site-content-layout":"default","ast-global-header-display":"","ast-main-header-display":"","ast-hfb-above-header-display":"","ast-hfb-below-header-display":"","ast-hfb-mobile-header-display":"","site-post-title":"","ast-breadcrumbs-content":"","ast-featured-img":"","footer-sml-layout":"","theme-transparent-header-meta":"","adv-header-id-meta":"","stick-header-meta":"","header-above-stick-meta":"","header-main-stick-meta":"","header-below-stick-meta":""},"pwb-brand":[303],"product_cat":[29],"product_tag":[],"class_list":{"0":"post-39235","1":"product","2":"type-product","3":"status-publish","5":"pwb-brand-purflux","6":"product_cat-polttoainesuodatin","7":"desktop-align-left","8":"tablet-align-left","9":"mobile-align-left","11":"first","12":"instock","13":"product-type-external"},"brands":[{"id":303,"name":"PURFLUX","slug":"purflux"}],"_links":{"self":[{"href":"https:\/\/www.autonvaraosahaku.fi\/index.php?rest_route=\/wp\/v2\/product\/39235","targetHints":{"allow":["GET"]}}],"collection":[{"href":"https:\/\/www.autonvaraosahaku.fi\/index.php?rest_route=\/wp\/v2\/product"}],"about":[{"href":"https:\/\/www.autonvaraosahaku.fi\/index.php?rest_route=\/wp\/v2\/types\/product"}],"wp:attachment":[{"href":"https:\/\/www.autonvaraosahaku.fi\/index.php?rest_route=%2Fwp%2Fv2%2Fmedia&parent=39235"}],"wp:term":[{"taxonomy":"pwb-brand","embeddable":true,"href":"https:\/\/www.autonvaraosahaku.fi\/index.php?rest_route=%2Fwp%2Fv2%2Fpwb-brand&post=39235"},{"taxonomy":"product_cat","embeddable":true,"href":"https:\/\/www.autonvaraosahaku.fi\/index.php?rest_route=%2Fwp%2Fv2%2Fproduct_cat&post=39235"},{"taxonomy":"product_tag","embeddable":true,"href":"https:\/\/www.autonvaraosahaku.fi\/index.php?rest_route=%2Fwp%2Fv2%2Fproduct_tag&post=39235"}],"curies":[{"name":"wp","href":"https:\/\/api.w.org\/{rel}","templated":true}]}}