{"id":39294,"date":"2021-02-21T16:41:31","date_gmt":"2021-02-21T16:41:31","guid":{"rendered":"https:\/\/www.autonvaraosahaku.fi\/?product=ngk-0941-sytytysjohto"},"modified":"2021-02-21T16:41:34","modified_gmt":"2021-02-21T16:41:34","slug":"ngk-0941-sytytysjohto","status":"publish","type":"product","link":"https:\/\/www.autonvaraosahaku.fi\/?product=ngk-0941-sytytysjohto","title":{"rendered":"NGK 0941 Sytytysjohto"},"content":{"rendered":"<p>Liittimet: M4; Varusteet: ajoneuvoille virranjakajalla; johtojen lukum\u00e4\u00e4r\u00e4: 5; Sytytysjohto: Kuparisytytysjohto; V\u00e4ri: Musta; Moottorinumero: EP; VW: TRANSPORTER IV Bus 70XB, 70XC, 7DB, 7DW,GOLF III 1H1,POLO 6N1,GOLF II 19E, 1G1,PASSAT Variant 3A5, 35I,GOLF I Cabriolet 155,GOLF III Cabriolet 1E7,TRANSPORTER IV Kasten 70XA,GOLF III Variant 1H5,TRANSPORTER III Bus,POLO 86C, 80,POLO Coupe 86C, 80,PASSAT 3A2, 35I,CORRADO 53I,TRANSPORTER IV Pritsche\/Fahrgestell 70XD,POLO Variant 6KV5,SCIROCCO 53B,VENTO 1H2,CADDY I 14,JETTA II 19E, 1G2, 165,PASSAT Variant 32B,TRANSPORTER III Kasten,TRANSPORTER III Pritsche\/Fahrgestell,PASSAT 32B,DERBY 86C, 80,POLO Kasten 86CF,PASSAT Stufenheck 32B,SANTANA 32B; AUDI: 80 89, 89Q, 8A, B3,80 81, 85, B2; SEAT: IBIZA II 6K1,CORDOBA 6K1, 6K2,CORDOBA Vario 6K1,TOLEDO I 1L,INCA 6K9; WARTBURG: 353,353 Tourist; Sytytysjohtosarja,Sytytyskaapeli<\/p>\n","protected":false},"excerpt":{"rendered":"<p>NGK Sytytysjohto 0941 Sytytysjohtosarja,Sytytyskaapeli VW,AUDI,SEAT,TRANSPORTER IV Bus 70XB, 70XC, 7DB, 7DW,GOLF III 1H1,POLO 6N1,GOLF II 19E, 1G1<\/p>\n","protected":false},"featured_media":0,"template":"","meta":{"site-sidebar-layout":"default","site-content-layout":"default","ast-global-header-display":"","ast-main-header-display":"","ast-hfb-above-header-display":"","ast-hfb-below-header-display":"","ast-hfb-mobile-header-display":"","site-post-title":"","ast-breadcrumbs-content":"","ast-featured-img":"","footer-sml-layout":"","theme-transparent-header-meta":"","adv-header-id-meta":"","stick-header-meta":"","header-above-stick-meta":"","header-main-stick-meta":"","header-below-stick-meta":""},"pwb-brand":[189],"product_cat":[198],"product_tag":[],"class_list":{"0":"post-39294","1":"product","2":"type-product","3":"status-publish","5":"pwb-brand-ngk","6":"product_cat-sytytysjohto","7":"desktop-align-left","8":"tablet-align-left","9":"mobile-align-left","11":"first","12":"instock","13":"product-type-external"},"brands":[{"id":189,"name":"NGK","slug":"ngk"}],"_links":{"self":[{"href":"https:\/\/www.autonvaraosahaku.fi\/index.php?rest_route=\/wp\/v2\/product\/39294","targetHints":{"allow":["GET"]}}],"collection":[{"href":"https:\/\/www.autonvaraosahaku.fi\/index.php?rest_route=\/wp\/v2\/product"}],"about":[{"href":"https:\/\/www.autonvaraosahaku.fi\/index.php?rest_route=\/wp\/v2\/types\/product"}],"wp:attachment":[{"href":"https:\/\/www.autonvaraosahaku.fi\/index.php?rest_route=%2Fwp%2Fv2%2Fmedia&parent=39294"}],"wp:term":[{"taxonomy":"pwb-brand","embeddable":true,"href":"https:\/\/www.autonvaraosahaku.fi\/index.php?rest_route=%2Fwp%2Fv2%2Fpwb-brand&post=39294"},{"taxonomy":"product_cat","embeddable":true,"href":"https:\/\/www.autonvaraosahaku.fi\/index.php?rest_route=%2Fwp%2Fv2%2Fproduct_cat&post=39294"},{"taxonomy":"product_tag","embeddable":true,"href":"https:\/\/www.autonvaraosahaku.fi\/index.php?rest_route=%2Fwp%2Fv2%2Fproduct_tag&post=39294"}],"curies":[{"name":"wp","href":"https:\/\/api.w.org\/{rel}","templated":true}]}}