{"id":39319,"date":"2021-02-21T16:41:41","date_gmt":"2021-02-21T16:41:41","guid":{"rendered":"https:\/\/www.autonvaraosahaku.fi\/?product=swf-119284-pyyhkijansulat"},"modified":"2021-02-21T16:41:41","modified_gmt":"2021-02-21T16:41:41","slug":"swf-119284-pyyhkijansulat","status":"publish","type":"product","link":"https:\/\/www.autonvaraosahaku.fi\/?product=swf-119284-pyyhkijansulat","title":{"rendered":"SWF 119284 Pyyhkij\u00e4nsulat"},"content":{"rendered":"<p>Vasen \/ oikea liikenne: Ohjaus vasemmalla; Asennuspuoli: Edess\u00e4; M\u00e4\u00e4r\u00e4: 2; Pituus 1 (mm): 600; Pituus 2 (mm): 475; Pituus1\/pituus2 [tuuma]: 24\/19; Muotoilu: Spoilerilla; Paino [kg]: 0,33; Tuotelinja: VisioFlex; Pyyhkij\u00e4nsulkatyyppi: Rungottomat; Valmistusvuosi alkaen: 01\/2012; BMW: 3 Touring E91,3 E90,X1 E84,3 Touring F31,3 F30, F35, F80,3 Gran Turismo F34; INFINITI: Q30,QX30; MERCEDES-BENZ: A-CLASS W176,CLA Coupe C117,GLA-CLASS X156,CLA Shooting Brake X117; ALPINA: D3 E90,D3 Kombi E91,B3 F30,D3 Kombi F31; 61612158219, 61612159627, 61612241375, 61619478361, 288005DF1A, 288805DF0A, 1768200645, 1768202800, A1768202800, A1768204300; Tuulilasinpyyhkimet,Pyyhkij\u00e4t,Pyyhkij\u00e4nsulka<\/p>\n","protected":false},"excerpt":{"rendered":"<p>SWF Pyyhkij\u00e4nsulat 119284 Tuulilasinpyyhkimet,Pyyhkij\u00e4t BMW,INFINITI,MERCEDES-BENZ,3 Touring E91,3 E90,X1 E84,3 Touring F31,3 F30, F35, F80<\/p>\n","protected":false},"featured_media":0,"template":"","meta":{"site-sidebar-layout":"default","site-content-layout":"default","ast-global-header-display":"","ast-main-header-display":"","ast-hfb-above-header-display":"","ast-hfb-below-header-display":"","ast-hfb-mobile-header-display":"","site-post-title":"","ast-breadcrumbs-content":"","ast-featured-img":"","footer-sml-layout":"","theme-transparent-header-meta":"","adv-header-id-meta":"","stick-header-meta":"","header-above-stick-meta":"","header-main-stick-meta":"","header-below-stick-meta":""},"pwb-brand":[204],"product_cat":[33],"product_tag":[],"class_list":{"0":"post-39319","1":"product","2":"type-product","3":"status-publish","5":"pwb-brand-swf","6":"product_cat-pyyhkijansulat","7":"desktop-align-left","8":"tablet-align-left","9":"mobile-align-left","11":"first","12":"instock","13":"product-type-external"},"brands":[{"id":204,"name":"SWF","slug":"swf"}],"_links":{"self":[{"href":"https:\/\/www.autonvaraosahaku.fi\/index.php?rest_route=\/wp\/v2\/product\/39319","targetHints":{"allow":["GET"]}}],"collection":[{"href":"https:\/\/www.autonvaraosahaku.fi\/index.php?rest_route=\/wp\/v2\/product"}],"about":[{"href":"https:\/\/www.autonvaraosahaku.fi\/index.php?rest_route=\/wp\/v2\/types\/product"}],"wp:attachment":[{"href":"https:\/\/www.autonvaraosahaku.fi\/index.php?rest_route=%2Fwp%2Fv2%2Fmedia&parent=39319"}],"wp:term":[{"taxonomy":"pwb-brand","embeddable":true,"href":"https:\/\/www.autonvaraosahaku.fi\/index.php?rest_route=%2Fwp%2Fv2%2Fpwb-brand&post=39319"},{"taxonomy":"product_cat","embeddable":true,"href":"https:\/\/www.autonvaraosahaku.fi\/index.php?rest_route=%2Fwp%2Fv2%2Fproduct_cat&post=39319"},{"taxonomy":"product_tag","embeddable":true,"href":"https:\/\/www.autonvaraosahaku.fi\/index.php?rest_route=%2Fwp%2Fv2%2Fproduct_tag&post=39319"}],"curies":[{"name":"wp","href":"https:\/\/api.w.org\/{rel}","templated":true}]}}