{"id":39321,"date":"2021-02-21T16:41:41","date_gmt":"2021-02-21T16:41:41","guid":{"rendered":"https:\/\/www.autonvaraosahaku.fi\/?product=ngk-8541-sytytysjohto"},"modified":"2021-02-21T16:41:42","modified_gmt":"2021-02-21T16:41:42","slug":"ngk-8541-sytytysjohto","status":"publish","type":"product","link":"https:\/\/www.autonvaraosahaku.fi\/?product=ngk-8541-sytytysjohto","title":{"rendered":"NGK 8541 Sytytysjohto"},"content":{"rendered":"<p>Johtojen lukum\u00e4\u00e4r\u00e4: 4; Sytytysjohto: Vastussytytysjohdin; V\u00e4ri: Musta; TECDOC-moottorinumero: 25875; MAZDA: 2 DY; VOLVO: V50 MW,C30,S40 II MS; FORD: FIESTA V JH_, JD_,FOCUS II Kombi DA_,FIESTA VI,MONDEO IV Turnier BA7,FOCUS Kombi DNW,FOCUS II DA_,FOCUS DAW, DBW,FOCUS III Turnier,FOCUS C-MAX,FIESTA IV JA_, JB_,FUSION JU_,C-MAX DM2,FOCUS III,C-MAX II,MONDEO IV BA7,GRAND C-MAX,FOCUS Stufenheck DFW,MONDEO II Kombi BNP,FOCUS II Stufenheck DA_,B-MAX JK,FOCUS II Cabriolet,MONDEO II BAP,PUMA EC_,FOCUS III Stufenheck,MONDEO IV Stufenheck BA7,MONDEO II Stufenheck BFP,FIESTA VI Van,B-MAX Van; TRIUMPH: HERALD; 1110740, 1110741, 1110742, 1110743, 1335369, 1335371, 1335374, 1335377, 1502365, 1502366, 1502367, 1502368, YS6F12284B1A, YS6F12286A1A, YS6F12287A1A, C20118160A, C20118170A, C20118180A, 30731424; Sytytysjohtosarja,Sytytyskaapeli<\/p>\n","protected":false},"excerpt":{"rendered":"<p>NGK Sytytysjohto 8541 Sytytysjohtosarja,Sytytyskaapeli MAZDA,VOLVO,FORD,2 DY,V50 MW,C30,S40 II MS,FIESTA V JH_, JD_,FOCUS II Kombi DA_,FIESTA VI<\/p>\n","protected":false},"featured_media":0,"template":"","meta":{"site-sidebar-layout":"default","site-content-layout":"default","ast-global-header-display":"","ast-main-header-display":"","ast-hfb-above-header-display":"","ast-hfb-below-header-display":"","ast-hfb-mobile-header-display":"","site-post-title":"","ast-breadcrumbs-content":"","ast-featured-img":"","footer-sml-layout":"","theme-transparent-header-meta":"","adv-header-id-meta":"","stick-header-meta":"","header-above-stick-meta":"","header-main-stick-meta":"","header-below-stick-meta":""},"pwb-brand":[189],"product_cat":[198],"product_tag":[],"class_list":{"0":"post-39321","1":"product","2":"type-product","3":"status-publish","5":"pwb-brand-ngk","6":"product_cat-sytytysjohto","7":"desktop-align-left","8":"tablet-align-left","9":"mobile-align-left","11":"first","12":"instock","13":"product-type-external"},"brands":[{"id":189,"name":"NGK","slug":"ngk"}],"_links":{"self":[{"href":"https:\/\/www.autonvaraosahaku.fi\/index.php?rest_route=\/wp\/v2\/product\/39321","targetHints":{"allow":["GET"]}}],"collection":[{"href":"https:\/\/www.autonvaraosahaku.fi\/index.php?rest_route=\/wp\/v2\/product"}],"about":[{"href":"https:\/\/www.autonvaraosahaku.fi\/index.php?rest_route=\/wp\/v2\/types\/product"}],"wp:attachment":[{"href":"https:\/\/www.autonvaraosahaku.fi\/index.php?rest_route=%2Fwp%2Fv2%2Fmedia&parent=39321"}],"wp:term":[{"taxonomy":"pwb-brand","embeddable":true,"href":"https:\/\/www.autonvaraosahaku.fi\/index.php?rest_route=%2Fwp%2Fv2%2Fpwb-brand&post=39321"},{"taxonomy":"product_cat","embeddable":true,"href":"https:\/\/www.autonvaraosahaku.fi\/index.php?rest_route=%2Fwp%2Fv2%2Fproduct_cat&post=39321"},{"taxonomy":"product_tag","embeddable":true,"href":"https:\/\/www.autonvaraosahaku.fi\/index.php?rest_route=%2Fwp%2Fv2%2Fproduct_tag&post=39321"}],"curies":[{"name":"wp","href":"https:\/\/api.w.org\/{rel}","templated":true}]}}