{"id":39324,"date":"2021-02-21T16:41:41","date_gmt":"2021-02-21T16:41:41","guid":{"rendered":"https:\/\/www.autonvaraosahaku.fi\/?product=sachs-556-268-iskunvaimennin"},"modified":"2021-02-21T16:41:42","modified_gmt":"2021-02-21T16:41:42","slug":"sachs-556-268-iskunvaimennin","status":"publish","type":"product","link":"https:\/\/www.autonvaraosahaku.fi\/?product=sachs-556-268-iskunvaimennin","title":{"rendered":"SACHS 556 268 Iskunvaimennin"},"content":{"rendered":"<p>Iskunvaimennin asennustapa: Tappi ylh\u00e4\u00e4ll\u00e4, Silmukka alhaalla; Iskunvaimennin tyyppi: Kaasupaine; Iskunvaimennusj\u00e4rjestelm\u00e4: Kaksiputki; Tunnusluku: SEOV26X204A; Asennuspuoli: Hinterachse; VW: GOLF IV 1J1,BORA 1J2,NEW BEETLE 9C1, 1C1; SKODA: OCTAVIA 1U2; SEAT: LEON 1M1,TOLEDO II 1M2; 1J0513025AQ, 1J0513025AR, 1J0513025BP, 1J0513025BR, 1J0513025CD, 1J0513025CE, 1J0513025P, 1J0513025Q, 1J0513025AQ, 1J0513025AR, 1J0513025BG, 1J0513025BP, 1J0513025BR, 1J0513025CD, 1J0513025CE, 1J0513025P, 1J0513025Q, 1J0513025AQ, 1J0513025AR, 1J0513025BG, 1J0513025BP, 1J0513025BR, 1J0513025CD, 1J0513025CE, 1J0513025E, 1J0513025F, 1J0513025P, 1J0513025Q, 1J0512011AA, 1J0513025AQ, 1J0513025AR, 1J0513025BF, 1J0513025BG, 1J0513025BP, 1J0513025BR, 1J0513025BS, 1J0513025CD, 1J0513025CE, 1J0513025DC, 1J0513025E, 1J0513025F, 1J0513025P, 1J0513025Q; Iskarit,Iskunvaimennin<\/p>\n","protected":false},"excerpt":{"rendered":"<p>SACHS Iskunvaimentimet 556 268 Iskarit,Iskunvaimennin VW,SKODA,SEAT,GOLF IV 1J1,BORA 1J2,NEW BEETLE 9C1, 1C1,OCTAVIA 1U2,LEON 1M1,TOLEDO II 1M2<\/p>\n","protected":false},"featured_media":0,"template":"","meta":{"site-sidebar-layout":"default","site-content-layout":"default","ast-global-header-display":"","ast-main-header-display":"","ast-hfb-above-header-display":"","ast-hfb-below-header-display":"","ast-hfb-mobile-header-display":"","site-post-title":"","ast-breadcrumbs-content":"","ast-featured-img":"","footer-sml-layout":"","theme-transparent-header-meta":"","adv-header-id-meta":"","stick-header-meta":"","header-above-stick-meta":"","header-main-stick-meta":"","header-below-stick-meta":""},"pwb-brand":[91],"product_cat":[80],"product_tag":[],"class_list":{"0":"post-39324","1":"product","2":"type-product","3":"status-publish","5":"pwb-brand-sachs","6":"product_cat-iskunvaimennin","7":"desktop-align-left","8":"tablet-align-left","9":"mobile-align-left","11":"first","12":"instock","13":"product-type-external"},"brands":[{"id":91,"name":"SACHS","slug":"sachs"}],"_links":{"self":[{"href":"https:\/\/www.autonvaraosahaku.fi\/index.php?rest_route=\/wp\/v2\/product\/39324","targetHints":{"allow":["GET"]}}],"collection":[{"href":"https:\/\/www.autonvaraosahaku.fi\/index.php?rest_route=\/wp\/v2\/product"}],"about":[{"href":"https:\/\/www.autonvaraosahaku.fi\/index.php?rest_route=\/wp\/v2\/types\/product"}],"wp:attachment":[{"href":"https:\/\/www.autonvaraosahaku.fi\/index.php?rest_route=%2Fwp%2Fv2%2Fmedia&parent=39324"}],"wp:term":[{"taxonomy":"pwb-brand","embeddable":true,"href":"https:\/\/www.autonvaraosahaku.fi\/index.php?rest_route=%2Fwp%2Fv2%2Fpwb-brand&post=39324"},{"taxonomy":"product_cat","embeddable":true,"href":"https:\/\/www.autonvaraosahaku.fi\/index.php?rest_route=%2Fwp%2Fv2%2Fproduct_cat&post=39324"},{"taxonomy":"product_tag","embeddable":true,"href":"https:\/\/www.autonvaraosahaku.fi\/index.php?rest_route=%2Fwp%2Fv2%2Fproduct_tag&post=39324"}],"curies":[{"name":"wp","href":"https:\/\/api.w.org\/{rel}","templated":true}]}}