{"id":39415,"date":"2021-02-21T16:42:01","date_gmt":"2021-02-21T16:42:01","guid":{"rendered":"https:\/\/www.autonvaraosahaku.fi\/?product=ngk-4424-sytytystulpat"},"modified":"2021-02-21T16:42:05","modified_gmt":"2021-02-21T16:42:05","slug":"ngk-4424-sytytystulpat","status":"publish","type":"product","link":"https:\/\/www.autonvaraosahaku.fi\/?product=ngk-4424-sytytystulpat","title":{"rendered":"NGK 4424 Sytytystulpat"},"content":{"rendered":"<p>Avainv\u00e4li: 20,8 mm; Ulkokierre [mm]: 14,0; Kierteen pituus (mm): 19,0; Sytytystulppa: kiinte\u00e4 SAE-liitin, Nikkeli-keskielektrodi, 1-maaelektroodi, H\u00e4iri\u00f6npoisto, 5 k-ohm, suoralla istukalla; Kipin\u00e4et\u00e4isyys [mm]: 3,0; Valmistusvuosi alkaen: 10\/1992; MAZDA: B-SERIE UN,323 III Hatchback BF,B-SERIE UF,323 III BF,323 III Station Wagon BW; NISSAN: MICRA I K10,SUNNY II Hatchback N13,SUNNY II N13; KIA: RIO Kombi DC,RIO Stufenheck DC_,PRIDE DA,SEPHIA Stufenheck FA,SEPHIA FA; CHRYSLER: VOYAGER II ES,LE BARON Cabriolet,LE BARON Stufenheck; HYUNDAI: GALLOPER II JK-01; MITSUBISHI: COLT V CJ_, CP_,PAJERO II V3_W, V2_W, V4_W,COLT IV CA_A,PAJERO I L04_G, L14_G,GALLOPER JK-01,LANCER VI CJ-CP_,LANCER V CB\/D_A,LANCER IV C6_A, C7_A,PAJERO I Canvas Top L04_G,PAJERO II Canvas Top V2_W, V4_W; 04886213, 99906850P9011, 99906910P9011, 04886213, 9807955145, 1881111051, 2240101B14, 22401P8315, 22401P8385PC, 22401P8390, 5861033800, 8941205600, 1881111051, 000018B601, 1Y0318110, B60118110, MS851227, MS851237, MS851417, 2240101B14, 22401P8315, 22401P8385PC, 22401P8390, 22401AA480; Tulpat,Sytytystulppa<\/p>\n","protected":false},"excerpt":{"rendered":"<p>NGK Sytytystulpat 4424 Tulpat,Sytytystulppa MAZDA,NISSAN,KIA,B-SERIE UN,323 III Hatchback BF,B-SERIE UF,323 III BF,323 III Station Wagon BW<\/p>\n","protected":false},"featured_media":0,"template":"","meta":{"site-sidebar-layout":"default","site-content-layout":"default","ast-global-header-display":"","ast-main-header-display":"","ast-hfb-above-header-display":"","ast-hfb-below-header-display":"","ast-hfb-mobile-header-display":"","site-post-title":"","ast-breadcrumbs-content":"","ast-featured-img":"","footer-sml-layout":"","theme-transparent-header-meta":"","adv-header-id-meta":"","stick-header-meta":"","header-above-stick-meta":"","header-main-stick-meta":"","header-below-stick-meta":""},"pwb-brand":[189],"product_cat":[165],"product_tag":[],"class_list":{"0":"post-39415","1":"product","2":"type-product","3":"status-publish","5":"pwb-brand-ngk","6":"product_cat-sytytystulpat","7":"desktop-align-left","8":"tablet-align-left","9":"mobile-align-left","11":"first","12":"instock","13":"product-type-external"},"brands":[{"id":189,"name":"NGK","slug":"ngk"}],"_links":{"self":[{"href":"https:\/\/www.autonvaraosahaku.fi\/index.php?rest_route=\/wp\/v2\/product\/39415","targetHints":{"allow":["GET"]}}],"collection":[{"href":"https:\/\/www.autonvaraosahaku.fi\/index.php?rest_route=\/wp\/v2\/product"}],"about":[{"href":"https:\/\/www.autonvaraosahaku.fi\/index.php?rest_route=\/wp\/v2\/types\/product"}],"wp:attachment":[{"href":"https:\/\/www.autonvaraosahaku.fi\/index.php?rest_route=%2Fwp%2Fv2%2Fmedia&parent=39415"}],"wp:term":[{"taxonomy":"pwb-brand","embeddable":true,"href":"https:\/\/www.autonvaraosahaku.fi\/index.php?rest_route=%2Fwp%2Fv2%2Fpwb-brand&post=39415"},{"taxonomy":"product_cat","embeddable":true,"href":"https:\/\/www.autonvaraosahaku.fi\/index.php?rest_route=%2Fwp%2Fv2%2Fproduct_cat&post=39415"},{"taxonomy":"product_tag","embeddable":true,"href":"https:\/\/www.autonvaraosahaku.fi\/index.php?rest_route=%2Fwp%2Fv2%2Fproduct_tag&post=39415"}],"curies":[{"name":"wp","href":"https:\/\/api.w.org\/{rel}","templated":true}]}}