{"id":39418,"date":"2021-02-21T16:42:01","date_gmt":"2021-02-21T16:42:01","guid":{"rendered":"https:\/\/www.autonvaraosahaku.fi\/?product=sachs-3981-000-066-kytkimen-tyosylinteri"},"modified":"2021-02-21T16:42:05","modified_gmt":"2021-02-21T16:42:05","slug":"sachs-3981-000-066-kytkimen-tyosylinteri","status":"publish","type":"product","link":"https:\/\/www.autonvaraosahaku.fi\/?product=sachs-3981-000-066-kytkimen-tyosylinteri","title":{"rendered":"SACHS 3981 000 066 Kytkimen ty\u00f6sylinteri"},"content":{"rendered":"<p>Lis\u00e4tieto: Actuator; Rakennemalli: 451.431, 451.480; SMART: FORTWO Coupe 451,FORTWO Cabrio 451; 4512500062, A4512500062; Ty\u00f6sylinteri, Kytkin<\/p>\n","protected":false},"excerpt":{"rendered":"<p>SACHS Kytkimen Ty\u00f6sylinteri 3981 000 066 Ty\u00f6sylinteri, Kytkin SMART,FORTWO Coupe 451,FORTWO Cabrio 451<\/p>\n","protected":false},"featured_media":0,"template":"","meta":{"site-sidebar-layout":"default","site-content-layout":"default","ast-global-header-display":"","ast-main-header-display":"","ast-hfb-above-header-display":"","ast-hfb-below-header-display":"","ast-hfb-mobile-header-display":"","site-post-title":"","ast-breadcrumbs-content":"","ast-featured-img":"","footer-sml-layout":"","theme-transparent-header-meta":"","adv-header-id-meta":"","stick-header-meta":"","header-above-stick-meta":"","header-main-stick-meta":"","header-below-stick-meta":""},"pwb-brand":[91],"product_cat":[310],"product_tag":[],"class_list":{"0":"post-39418","1":"product","2":"type-product","3":"status-publish","5":"pwb-brand-sachs","6":"product_cat-kytkimen-tyosylinteri","7":"desktop-align-left","8":"tablet-align-left","9":"mobile-align-left","11":"first","12":"instock","13":"product-type-external"},"brands":[{"id":91,"name":"SACHS","slug":"sachs"}],"_links":{"self":[{"href":"https:\/\/www.autonvaraosahaku.fi\/index.php?rest_route=\/wp\/v2\/product\/39418","targetHints":{"allow":["GET"]}}],"collection":[{"href":"https:\/\/www.autonvaraosahaku.fi\/index.php?rest_route=\/wp\/v2\/product"}],"about":[{"href":"https:\/\/www.autonvaraosahaku.fi\/index.php?rest_route=\/wp\/v2\/types\/product"}],"wp:attachment":[{"href":"https:\/\/www.autonvaraosahaku.fi\/index.php?rest_route=%2Fwp%2Fv2%2Fmedia&parent=39418"}],"wp:term":[{"taxonomy":"pwb-brand","embeddable":true,"href":"https:\/\/www.autonvaraosahaku.fi\/index.php?rest_route=%2Fwp%2Fv2%2Fpwb-brand&post=39418"},{"taxonomy":"product_cat","embeddable":true,"href":"https:\/\/www.autonvaraosahaku.fi\/index.php?rest_route=%2Fwp%2Fv2%2Fproduct_cat&post=39418"},{"taxonomy":"product_tag","embeddable":true,"href":"https:\/\/www.autonvaraosahaku.fi\/index.php?rest_route=%2Fwp%2Fv2%2Fproduct_tag&post=39418"}],"curies":[{"name":"wp","href":"https:\/\/api.w.org\/{rel}","templated":true}]}}