{"id":39424,"date":"2021-02-21T16:42:06","date_gmt":"2021-02-21T16:42:06","guid":{"rendered":"https:\/\/www.autonvaraosahaku.fi\/?product=purflux-cs178a-polttoainesuodatin"},"modified":"2021-02-21T16:42:08","modified_gmt":"2021-02-21T16:42:08","slug":"purflux-cs178a-polttoainesuodatin","status":"publish","type":"product","link":"https:\/\/www.autonvaraosahaku.fi\/?product=purflux-cs178a-polttoainesuodatin","title":{"rendered":"PURFLUX CS178A Polttoainesuodatin"},"content":{"rendered":"<p>Ulkol\u00e4pimitta [mm]: 85; Sis\u00e4l\u00e4pimitta [mm]: 19; Korkeus (mm): 112; Varustelumahdollisuudet: Lucas; JEEP: CHEROKEE XJ,CJ5 &#8211; CJ8; LANCIA: DELTA I 831AB0,THEMA 834,THEMA SW 834,PRISMA 831AB0; ROVER: 200 Hatchback XW,400 Tourer XW,400 XW; VOLVO: 340-360 343, 345,340-360 Stufenheck 344; FORD: SIERRA GBG, GB4,SIERRA Schr\u00e4gheck GBC, GBG,SCORPIO I GAE, GGE,SIERRA Schr\u00e4gheck GBC,SCORPIO I Stufenheck GGE,SIERRA Kombi BNG,GRANADA GU,SCORPIO I Kombi GGE,SIERRA Kombi BNC,GRANADA Kombi GNU; RENAULT: TRAFIC II Kasten FL,ESPACE II J\/S63_,TRAFIC Kasten TXX,TRAFIC Bus TXW,ESPACE I J11_,21 Stufenheck L48_,25 B29_,MASTER I Kasten T__,TRAFIC Kasten T1, T3, T4,TRAFIC Bus T5, T6, T7,18 134_,21 Kombi K48_,18 Variable 135_,30 127_,FUEGO 136_,21 B48_,MASTER I Bus T__,20 127_,TRAFIC Pritsche\/Fahrgestell P6,MASTER I Pritsche\/Fahrgestell P__,TRAFIC Pritsche\/Fahrgestell PXX,21 Kasten S48_,18 Kasten; FIAT: RITMO I 138A,REGATA 138,REGATA Weekend 138; CITRO\u00cbN: XM Y4,BX XB-_,C25 Bus 280_, 290_,XM Y3,CX II,CX I MA,C25 Pritsche\/Fahrgestell 280_, 290_,XM Break Y4,BX Break XB-_,C25 Kasten 280_, 290_,CX II Break,XM Break Y3,CX I Break MA,C35 Kasten,C35 Bus,C35 Pick-up; PEUGEOT: 205 II 20A\/C,J5 Pritsche\/Fahrgestell 280L,J5 Pritsche\/Fahrgestell 290L,J5 Kasten 280L,J5 Bus 290P,309 II 3C, 3A,205 I 741A\/C,J5 Kasten 290L,J5 Bus 280P,405 I 15B,605 6B,309 I 10C, 10A,405 I Break 15E,205 Kasten; LDV: CONVOY Kasten,CONVOY Pritsche\/Fahrgestell,400 Kasten,CONVOY Bus; ACD519, ACD8018E, FS10, LBU5319, 1930277, 220994, 5984018, 83917626, 9939229, 1583371, 3917626, 5003748, 5004837, 5011306, 5020280, 50226836, 5026836, 5026837, 78GB9150AA, 78HB9150AA, A770X9155AA, A780X9155AA, A830X9150JA, D8NN9176AA, 243191301, 1890145M1, 1896202M91, 26500097, 26560088, 26560125, 26566602, 190612, 190614, 594734, 9401906148, 95078867, 95503693, 95583693, E148101, 0003052035, 000305235, 0003052535, 6005000895, 6005007410, 7701028181, 7701065610, 7701265610, 7711502907, 10833534, 37H7937, 83353H, ABU8555, WJN10019, WJN100650EVA, 75066000, 11999066, 119990661, 2905298, 3210209, 4785391, 84234731, 858202<\/p>\n","protected":false},"excerpt":{"rendered":"<p>PURFLUX Polttoainesuodatin CS178A  JEEP,LANCIA,ROVER,CHEROKEE XJ,CJ5 &#8211; CJ8,DELTA I 831AB0,THEMA 834,THEMA SW 834,PRISMA 831AB0,200 Hatchback XW<\/p>\n","protected":false},"featured_media":0,"template":"","meta":{"site-sidebar-layout":"default","site-content-layout":"default","ast-global-header-display":"","ast-main-header-display":"","ast-hfb-above-header-display":"","ast-hfb-below-header-display":"","ast-hfb-mobile-header-display":"","site-post-title":"","ast-breadcrumbs-content":"","ast-featured-img":"","footer-sml-layout":"","theme-transparent-header-meta":"","adv-header-id-meta":"","stick-header-meta":"","header-above-stick-meta":"","header-main-stick-meta":"","header-below-stick-meta":""},"pwb-brand":[303],"product_cat":[29],"product_tag":[],"class_list":{"0":"post-39424","1":"product","2":"type-product","3":"status-publish","5":"pwb-brand-purflux","6":"product_cat-polttoainesuodatin","7":"desktop-align-left","8":"tablet-align-left","9":"mobile-align-left","11":"first","12":"instock","13":"product-type-external"},"brands":[{"id":303,"name":"PURFLUX","slug":"purflux"}],"_links":{"self":[{"href":"https:\/\/www.autonvaraosahaku.fi\/index.php?rest_route=\/wp\/v2\/product\/39424","targetHints":{"allow":["GET"]}}],"collection":[{"href":"https:\/\/www.autonvaraosahaku.fi\/index.php?rest_route=\/wp\/v2\/product"}],"about":[{"href":"https:\/\/www.autonvaraosahaku.fi\/index.php?rest_route=\/wp\/v2\/types\/product"}],"wp:attachment":[{"href":"https:\/\/www.autonvaraosahaku.fi\/index.php?rest_route=%2Fwp%2Fv2%2Fmedia&parent=39424"}],"wp:term":[{"taxonomy":"pwb-brand","embeddable":true,"href":"https:\/\/www.autonvaraosahaku.fi\/index.php?rest_route=%2Fwp%2Fv2%2Fpwb-brand&post=39424"},{"taxonomy":"product_cat","embeddable":true,"href":"https:\/\/www.autonvaraosahaku.fi\/index.php?rest_route=%2Fwp%2Fv2%2Fproduct_cat&post=39424"},{"taxonomy":"product_tag","embeddable":true,"href":"https:\/\/www.autonvaraosahaku.fi\/index.php?rest_route=%2Fwp%2Fv2%2Fproduct_tag&post=39424"}],"curies":[{"name":"wp","href":"https:\/\/api.w.org\/{rel}","templated":true}]}}