{"id":39506,"date":"2021-02-21T16:42:28","date_gmt":"2021-02-21T16:42:28","guid":{"rendered":"https:\/\/www.autonvaraosahaku.fi\/?product=tyc-18-0303-00-2-vilkku"},"modified":"2021-02-21T16:42:29","modified_gmt":"2021-02-21T16:42:29","slug":"tyc-18-0303-00-2-vilkku","status":"publish","type":"product","link":"https:\/\/www.autonvaraosahaku.fi\/?product=tyc-18-0303-00-2-vilkku","title":{"rendered":"TYC 18-0303-00-2 Vilkku"},"content":{"rendered":"<p>Asennuspuoli: Molemminpuolin; V\u00e4ri: Valkoinen; Rekister\u00f6ity tyyppi: E-hyv\u00e4ksytty; Lis\u00e4tarvike\/lis\u00e4tieto: Ilman lampun kantaa; Varusteet: f\u00fcr Fahrzeuge ohne Xenon-Licht; OPEL: AGILA B H08; FIAT: SEDICI; SUZUKI: SWIFT III MZ, EZ,SWIFT IV FZ, NZ,GRAND VITARA II JT,SX4 EY, GY,SPLASH,SX4 S-Cross,VITARA LY,CELERIO,IGNIS MF,SWIFT V AZ,BALENO FW, EW; 71742475, 71750075, 71750925, 1217057, 4709056, 93168988, 93193896, 3641051K00, 3641063J00, 3641063J01, 3641063J02, 3641084M00; Vilkkuvalo,Suuntavilkku<\/p>\n","protected":false},"excerpt":{"rendered":"<p>TYC Vilkku 18-0303-00-2 Vilkkuvalo,Suuntavilkku OPEL,FIAT,SUZUKI,AGILA B H08,SEDICI,SWIFT III MZ, EZ,SWIFT IV FZ, NZ,GRAND VITARA II JT,SX4 EY, GY<\/p>\n","protected":false},"featured_media":0,"template":"","meta":{"site-sidebar-layout":"default","site-content-layout":"default","ast-global-header-display":"","ast-main-header-display":"","ast-hfb-above-header-display":"","ast-hfb-below-header-display":"","ast-hfb-mobile-header-display":"","site-post-title":"","ast-breadcrumbs-content":"","ast-featured-img":"","footer-sml-layout":"","theme-transparent-header-meta":"","adv-header-id-meta":"","stick-header-meta":"","header-above-stick-meta":"","header-main-stick-meta":"","header-below-stick-meta":""},"pwb-brand":[124],"product_cat":[149],"product_tag":[],"class_list":{"0":"post-39506","1":"product","2":"type-product","3":"status-publish","5":"pwb-brand-tyc","6":"product_cat-vilkku","7":"desktop-align-left","8":"tablet-align-left","9":"mobile-align-left","11":"first","12":"instock","13":"product-type-external"},"brands":[{"id":124,"name":"TYC","slug":"tyc"}],"_links":{"self":[{"href":"https:\/\/www.autonvaraosahaku.fi\/index.php?rest_route=\/wp\/v2\/product\/39506","targetHints":{"allow":["GET"]}}],"collection":[{"href":"https:\/\/www.autonvaraosahaku.fi\/index.php?rest_route=\/wp\/v2\/product"}],"about":[{"href":"https:\/\/www.autonvaraosahaku.fi\/index.php?rest_route=\/wp\/v2\/types\/product"}],"wp:attachment":[{"href":"https:\/\/www.autonvaraosahaku.fi\/index.php?rest_route=%2Fwp%2Fv2%2Fmedia&parent=39506"}],"wp:term":[{"taxonomy":"pwb-brand","embeddable":true,"href":"https:\/\/www.autonvaraosahaku.fi\/index.php?rest_route=%2Fwp%2Fv2%2Fpwb-brand&post=39506"},{"taxonomy":"product_cat","embeddable":true,"href":"https:\/\/www.autonvaraosahaku.fi\/index.php?rest_route=%2Fwp%2Fv2%2Fproduct_cat&post=39506"},{"taxonomy":"product_tag","embeddable":true,"href":"https:\/\/www.autonvaraosahaku.fi\/index.php?rest_route=%2Fwp%2Fv2%2Fproduct_tag&post=39506"}],"curies":[{"name":"wp","href":"https:\/\/api.w.org\/{rel}","templated":true}]}}