{"id":39518,"date":"2021-02-21T16:42:28","date_gmt":"2021-02-21T16:42:28","guid":{"rendered":"https:\/\/www.autonvaraosahaku.fi\/?product=ngk-3712-sytytystulpat"},"modified":"2021-02-21T16:42:32","modified_gmt":"2021-02-21T16:42:32","slug":"ngk-3712-sytytystulpat","status":"publish","type":"product","link":"https:\/\/www.autonvaraosahaku.fi\/?product=ngk-3712-sytytystulpat","title":{"rendered":"NGK 3712 Sytytystulpat"},"content":{"rendered":"<p>Avainv\u00e4li: 16 mm; Ulkokierre [mm]: 14,0; Kierteen pituus (mm): 17,5; Sytytystulppa: Kierre-SAE-liitin, Nikkeli-keskielektrodi, 1-maaelektroodi, Ei h\u00e4iri\u00f6npoistoa, kartioistukalla; Kipin\u00e4et\u00e4isyys [mm]: 3,0; K\u00e4rkiv\u00e4li (mm): 0,8; MERCEDES-BENZ: SL R129,G-CLASS W463,T1 Bus 601,T1 Pritsche\/Fahrgestell 601,T1 Kasten 601,G-CLASS Cabrio W463; ROVER: 2000-3500 Hatchback SD1; RENAULT: ESPACE II J\/S63_,SAFRANE I B54_; 04886210, 5962CO, 7700855918, 04886210, 9009816635, 9091901100, 0021595703, 0021595803, 0021597603, 0031590403, 0031590503, 0031593603, 0031594003, 0031594103, A0021595703, A0021595803, A0021597603, A0031590403, A0031590503, A0031593603, A0031594003, A0031594103, 0021595703, 0021595803, 0021597603, 0031590403, 0031590503, 0031593603, 0031594003, 0031594103, A0021595703, A0021595803, A0021597603, A0031590403, A0031590503, A0031593603, A0031594003, A0031594103, 5962CO, 7700855918, 0021595703, 0021595803, 0021597603, 0031590403, 0031590503, 0031593603, 0031594003, 0031594103, A0021595703, A0021595803, A0021597603, A0031590403, A0031590503, A0031593603, A0031594003, A0031594103, 0021595703, 0021595803, 0021597603, 0031590403, 0031590503, 0031593603, 0031594003, 0031594103, A0021595703, A0021595803, A0021597603, A0031590403, A0031590503, A0031593603, A0031594003, A0031594103, 9009816635, 9091901100; Tulpat,Sytytystulppa<\/p>\n","protected":false},"excerpt":{"rendered":"<p>NGK Sytytystulpat 3712 Tulpat,Sytytystulppa MERCEDES-BENZ,ROVER,RENAULT,SL R129,G-CLASS W463,T1 Bus 601,T1 Pritsche\/Fahrgestell 601,T1 Kasten 601<\/p>\n","protected":false},"featured_media":0,"template":"","meta":{"site-sidebar-layout":"default","site-content-layout":"default","ast-global-header-display":"","ast-main-header-display":"","ast-hfb-above-header-display":"","ast-hfb-below-header-display":"","ast-hfb-mobile-header-display":"","site-post-title":"","ast-breadcrumbs-content":"","ast-featured-img":"","footer-sml-layout":"","theme-transparent-header-meta":"","adv-header-id-meta":"","stick-header-meta":"","header-above-stick-meta":"","header-main-stick-meta":"","header-below-stick-meta":""},"pwb-brand":[189],"product_cat":[165],"product_tag":[],"class_list":{"0":"post-39518","1":"product","2":"type-product","3":"status-publish","5":"pwb-brand-ngk","6":"product_cat-sytytystulpat","7":"desktop-align-left","8":"tablet-align-left","9":"mobile-align-left","11":"first","12":"instock","13":"product-type-external"},"brands":[{"id":189,"name":"NGK","slug":"ngk"}],"_links":{"self":[{"href":"https:\/\/www.autonvaraosahaku.fi\/index.php?rest_route=\/wp\/v2\/product\/39518","targetHints":{"allow":["GET"]}}],"collection":[{"href":"https:\/\/www.autonvaraosahaku.fi\/index.php?rest_route=\/wp\/v2\/product"}],"about":[{"href":"https:\/\/www.autonvaraosahaku.fi\/index.php?rest_route=\/wp\/v2\/types\/product"}],"wp:attachment":[{"href":"https:\/\/www.autonvaraosahaku.fi\/index.php?rest_route=%2Fwp%2Fv2%2Fmedia&parent=39518"}],"wp:term":[{"taxonomy":"pwb-brand","embeddable":true,"href":"https:\/\/www.autonvaraosahaku.fi\/index.php?rest_route=%2Fwp%2Fv2%2Fpwb-brand&post=39518"},{"taxonomy":"product_cat","embeddable":true,"href":"https:\/\/www.autonvaraosahaku.fi\/index.php?rest_route=%2Fwp%2Fv2%2Fproduct_cat&post=39518"},{"taxonomy":"product_tag","embeddable":true,"href":"https:\/\/www.autonvaraosahaku.fi\/index.php?rest_route=%2Fwp%2Fv2%2Fproduct_tag&post=39518"}],"curies":[{"name":"wp","href":"https:\/\/api.w.org\/{rel}","templated":true}]}}