{"id":39566,"date":"2021-02-21T16:42:43","date_gmt":"2021-02-21T16:42:43","guid":{"rendered":"https:\/\/www.autonvaraosahaku.fi\/?product=skf-vkjc-4125-vetoakseli"},"modified":"2021-02-21T16:42:45","modified_gmt":"2021-02-21T16:42:45","slug":"skf-vkjc-4125-vetoakseli","status":"publish","type":"product","link":"https:\/\/www.autonvaraosahaku.fi\/?product=skf-vkjc-4125-vetoakseli","title":{"rendered":"SKF VKJC 4125 Vetoakseli"},"content":{"rendered":"<p>Pituus (mm): 563; Kierremitta: M20x1,5; Ulkohammastus, py\u00f6r\u00e4npuoli: 21; Ulkohammastus tasauspy\u00f6r\u00e4st\u00f6puoli: 24; Tiivisteen l\u00e4pimitta [mm]: 47,2; Pituus 2 (mm): 69,5; Uusi osa: ; Nivelen l\u00e4pimitta py\u00f6r\u00e4puoli [mm]: 84; Nivelen l\u00e4pimitta vaihteistopuoli [mm]: 76; Asennuspuoli: Vorderachse links; CITRO\u00cbN: C15 VD-_,C15 Kombi; PEUGEOT: 205 II 20A\/C,205 I Cabriolet 741B, 20D,205 I 741A\/C,205 Kasten; 32724K, 327200, 32724K, 32725K, 3272R5, 327367<\/p>\n","protected":false},"excerpt":{"rendered":"<p>SKF Vetoakseli VKJC 4125  CITRO\u00cbN,PEUGEOT,C15 VD-_,C15 Kombi,205 II 20A\/C,205 I Cabriolet 741B, 20D,205 I 741A\/C,205 Kasten<\/p>\n","protected":false},"featured_media":0,"template":"","meta":{"site-sidebar-layout":"default","site-content-layout":"default","ast-global-header-display":"","ast-main-header-display":"","ast-hfb-above-header-display":"","ast-hfb-below-header-display":"","ast-hfb-mobile-header-display":"","site-post-title":"","ast-breadcrumbs-content":"","ast-featured-img":"","footer-sml-layout":"","theme-transparent-header-meta":"","adv-header-id-meta":"","stick-header-meta":"","header-above-stick-meta":"","header-main-stick-meta":"","header-below-stick-meta":""},"pwb-brand":[237],"product_cat":[215],"product_tag":[],"class_list":{"0":"post-39566","1":"product","2":"type-product","3":"status-publish","5":"pwb-brand-skf","6":"product_cat-vetoakseli","7":"desktop-align-left","8":"tablet-align-left","9":"mobile-align-left","11":"first","12":"instock","13":"product-type-external"},"brands":[{"id":237,"name":"SKF","slug":"skf"}],"_links":{"self":[{"href":"https:\/\/www.autonvaraosahaku.fi\/index.php?rest_route=\/wp\/v2\/product\/39566","targetHints":{"allow":["GET"]}}],"collection":[{"href":"https:\/\/www.autonvaraosahaku.fi\/index.php?rest_route=\/wp\/v2\/product"}],"about":[{"href":"https:\/\/www.autonvaraosahaku.fi\/index.php?rest_route=\/wp\/v2\/types\/product"}],"wp:attachment":[{"href":"https:\/\/www.autonvaraosahaku.fi\/index.php?rest_route=%2Fwp%2Fv2%2Fmedia&parent=39566"}],"wp:term":[{"taxonomy":"pwb-brand","embeddable":true,"href":"https:\/\/www.autonvaraosahaku.fi\/index.php?rest_route=%2Fwp%2Fv2%2Fpwb-brand&post=39566"},{"taxonomy":"product_cat","embeddable":true,"href":"https:\/\/www.autonvaraosahaku.fi\/index.php?rest_route=%2Fwp%2Fv2%2Fproduct_cat&post=39566"},{"taxonomy":"product_tag","embeddable":true,"href":"https:\/\/www.autonvaraosahaku.fi\/index.php?rest_route=%2Fwp%2Fv2%2Fproduct_tag&post=39566"}],"curies":[{"name":"wp","href":"https:\/\/api.w.org\/{rel}","templated":true}]}}