{"id":39607,"date":"2021-02-21T16:42:53","date_gmt":"2021-02-21T16:42:53","guid":{"rendered":"https:\/\/www.autonvaraosahaku.fi\/?product=ngk-5110-sytytystulpat"},"modified":"2021-02-21T16:42:55","modified_gmt":"2021-02-21T16:42:55","slug":"ngk-5110-sytytystulpat","status":"publish","type":"product","link":"https:\/\/www.autonvaraosahaku.fi\/?product=ngk-5110-sytytystulpat","title":{"rendered":"NGK 5110 Sytytystulpat"},"content":{"rendered":"<p>Avainv\u00e4li: 20,8 mm; Ulkokierre [mm]: 14,0; Kierteen pituus (mm): 12,7; Sytytystulppa: Kierre-SAE-liitin, Nikkeli-keskielektrodi, 1-maaelektroodi, Ei h\u00e4iri\u00f6npoistoa, suoralla istukalla; Kipin\u00e4et\u00e4isyys [mm]: 1,0; TECDOC-moottorinumero: 705; FORD: TAUNUS 12M P4,TAUNUS 12M Coupe P4; RENAULT: 8 113_; FIAT: 600; CITRO\u00cbN: 2 CV; PORSCHE: 356 Coupe,356 Cabriolet\/Speedster; BORGWARD: ISABELLA; 756759, 9807657710, 9807657740, 9009822645, 82371B, 82371M, 801033, MS851134, 756759, 820549310, 820549312, 0948200082, 0948200083, 0948200153, 0948200191, 9009822645; Tulpat,Sytytystulppa<\/p>\n","protected":false},"excerpt":{"rendered":"<p>NGK Sytytystulpat 5110 Tulpat,Sytytystulppa FORD,RENAULT,FIAT,TAUNUS 12M P4,TAUNUS 12M Coupe P4,8 113_,600,2 CV,356 Coupe,356 Cabriolet\/Speedster<\/p>\n","protected":false},"featured_media":0,"template":"","meta":{"site-sidebar-layout":"default","site-content-layout":"default","ast-global-header-display":"","ast-main-header-display":"","ast-hfb-above-header-display":"","ast-hfb-below-header-display":"","ast-hfb-mobile-header-display":"","site-post-title":"","ast-breadcrumbs-content":"","ast-featured-img":"","footer-sml-layout":"","theme-transparent-header-meta":"","adv-header-id-meta":"","stick-header-meta":"","header-above-stick-meta":"","header-main-stick-meta":"","header-below-stick-meta":""},"pwb-brand":[189],"product_cat":[165],"product_tag":[],"class_list":{"0":"post-39607","1":"product","2":"type-product","3":"status-publish","5":"pwb-brand-ngk","6":"product_cat-sytytystulpat","7":"desktop-align-left","8":"tablet-align-left","9":"mobile-align-left","11":"first","12":"instock","13":"product-type-external"},"brands":[{"id":189,"name":"NGK","slug":"ngk"}],"_links":{"self":[{"href":"https:\/\/www.autonvaraosahaku.fi\/index.php?rest_route=\/wp\/v2\/product\/39607","targetHints":{"allow":["GET"]}}],"collection":[{"href":"https:\/\/www.autonvaraosahaku.fi\/index.php?rest_route=\/wp\/v2\/product"}],"about":[{"href":"https:\/\/www.autonvaraosahaku.fi\/index.php?rest_route=\/wp\/v2\/types\/product"}],"wp:attachment":[{"href":"https:\/\/www.autonvaraosahaku.fi\/index.php?rest_route=%2Fwp%2Fv2%2Fmedia&parent=39607"}],"wp:term":[{"taxonomy":"pwb-brand","embeddable":true,"href":"https:\/\/www.autonvaraosahaku.fi\/index.php?rest_route=%2Fwp%2Fv2%2Fpwb-brand&post=39607"},{"taxonomy":"product_cat","embeddable":true,"href":"https:\/\/www.autonvaraosahaku.fi\/index.php?rest_route=%2Fwp%2Fv2%2Fproduct_cat&post=39607"},{"taxonomy":"product_tag","embeddable":true,"href":"https:\/\/www.autonvaraosahaku.fi\/index.php?rest_route=%2Fwp%2Fv2%2Fproduct_tag&post=39607"}],"curies":[{"name":"wp","href":"https:\/\/api.w.org\/{rel}","templated":true}]}}