{"id":39660,"date":"2021-02-21T16:43:08","date_gmt":"2021-02-21T16:43:08","guid":{"rendered":"https:\/\/www.autonvaraosahaku.fi\/?product=bosal-148-193-takaaanenvaimennin"},"modified":"2021-02-21T16:43:09","modified_gmt":"2021-02-21T16:43:09","slug":"bosal-148-193-takaaanenvaimennin","status":"publish","type":"product","link":"https:\/\/www.autonvaraosahaku.fi\/?product=bosal-148-193-takaaanenvaimennin","title":{"rendered":"BOSAL 148-193 Taka\u00e4\u00e4nenvaimennin"},"content":{"rendered":"<p>Valmistusvuoteen: 12\/2012; FORD: KA RU8; FIAT: PANDA 169,500 312,500 C 312,PANDA Van 169; 46817652, 51805473, 51873781, 51873784, 51873787, 51901334, 51915458, 51915459, 51915460, 1557723, 1692911, 1773789; Takavaimennin,Takap\u00f6ntt\u00f6,Taka\u00e4\u00e4nenvaimentaja<\/p>\n","protected":false},"excerpt":{"rendered":"<p>BOSAL Taka\u00e4\u00e4nenvaimennin 148-193 Takavaimennin,Takap\u00f6ntt\u00f6 FORD,FIAT,KA RU8,PANDA 169,500 312,500 C 312,PANDA Van 169<\/p>\n","protected":false},"featured_media":0,"template":"","meta":{"site-sidebar-layout":"default","site-content-layout":"default","ast-global-header-display":"","ast-main-header-display":"","ast-hfb-above-header-display":"","ast-hfb-below-header-display":"","ast-hfb-mobile-header-display":"","site-post-title":"","ast-breadcrumbs-content":"","ast-featured-img":"","footer-sml-layout":"","theme-transparent-header-meta":"","adv-header-id-meta":"","stick-header-meta":"","header-above-stick-meta":"","header-main-stick-meta":"","header-below-stick-meta":""},"pwb-brand":[248],"product_cat":[90],"product_tag":[],"class_list":{"0":"post-39660","1":"product","2":"type-product","3":"status-publish","5":"pwb-brand-bosal","6":"product_cat-takaaanenvaimennin","7":"desktop-align-left","8":"tablet-align-left","9":"mobile-align-left","11":"first","12":"instock","13":"product-type-external"},"brands":[{"id":248,"name":"BOSAL","slug":"bosal"}],"_links":{"self":[{"href":"https:\/\/www.autonvaraosahaku.fi\/index.php?rest_route=\/wp\/v2\/product\/39660","targetHints":{"allow":["GET"]}}],"collection":[{"href":"https:\/\/www.autonvaraosahaku.fi\/index.php?rest_route=\/wp\/v2\/product"}],"about":[{"href":"https:\/\/www.autonvaraosahaku.fi\/index.php?rest_route=\/wp\/v2\/types\/product"}],"wp:attachment":[{"href":"https:\/\/www.autonvaraosahaku.fi\/index.php?rest_route=%2Fwp%2Fv2%2Fmedia&parent=39660"}],"wp:term":[{"taxonomy":"pwb-brand","embeddable":true,"href":"https:\/\/www.autonvaraosahaku.fi\/index.php?rest_route=%2Fwp%2Fv2%2Fpwb-brand&post=39660"},{"taxonomy":"product_cat","embeddable":true,"href":"https:\/\/www.autonvaraosahaku.fi\/index.php?rest_route=%2Fwp%2Fv2%2Fproduct_cat&post=39660"},{"taxonomy":"product_tag","embeddable":true,"href":"https:\/\/www.autonvaraosahaku.fi\/index.php?rest_route=%2Fwp%2Fv2%2Fproduct_tag&post=39660"}],"curies":[{"name":"wp","href":"https:\/\/api.w.org\/{rel}","templated":true}]}}