{"id":39728,"date":"2021-02-21T16:43:23","date_gmt":"2021-02-21T16:43:23","guid":{"rendered":"https:\/\/www.autonvaraosahaku.fi\/?product=ngk-5555-sytytystulpat"},"modified":"2021-02-21T16:43:25","modified_gmt":"2021-02-21T16:43:25","slug":"ngk-5555-sytytystulpat","status":"publish","type":"product","link":"https:\/\/www.autonvaraosahaku.fi\/?product=ngk-5555-sytytystulpat","title":{"rendered":"NGK 5555 Sytytystulpat"},"content":{"rendered":"<p>Avainv\u00e4li: 16 mm; Ulkokierre [mm]: 14,0; Kierteen pituus (mm): 19,0; Sytytystulppa: kiinte\u00e4 SAE-liitin, Platina-keskielektrodi, 1-maaelektroodi, H\u00e4iri\u00f6npoisto, 5 k-ohm, suoralla istukalla; Kipin\u00e4et\u00e4isyys [mm]: 3,5; Moottorinumero: C32A2; NISSAN: ALMERA TINO V10,PRIMERA P11,PRIMERA Traveller WP11,PRIMERA Hatchback P11,MAXIMA QX A33,MAXIMA QX A32,MAXIMA Station Wagon; HONDA: LEGEND III KA9,LEGEND II Coupe KA8,NSX Coupe NA,LEGEND II KA7,NSX Cabriolet NA; SUBARU: SVX CX; OPEL: FRONTERA B 6B_; MITSUBISHI: GALANT VI Station Wagon EA_,GALANT VI EA_; DODGE: STRATUS; 980795614H, 980795615H, 224011P116, 224011P176, 224011P176VA, 224011P176WS, 9009870060, 1N0918110, MD313443, SMD313443, 224011P116, 224011P176, 224011P176VA, 224011P176WS, 22401AA376, 22401AA520, 9009870060; Tulpat,Sytytystulppa<\/p>\n","protected":false},"excerpt":{"rendered":"<p>NGK Sytytystulpat 5555 Tulpat,Sytytystulppa NISSAN,HONDA,SUBARU,ALMERA TINO V10,PRIMERA P11,PRIMERA Traveller WP11,PRIMERA Hatchback P11,MAXIMA QX A33<\/p>\n","protected":false},"featured_media":0,"template":"","meta":{"site-sidebar-layout":"default","site-content-layout":"default","ast-global-header-display":"","ast-main-header-display":"","ast-hfb-above-header-display":"","ast-hfb-below-header-display":"","ast-hfb-mobile-header-display":"","site-post-title":"","ast-breadcrumbs-content":"","ast-featured-img":"","footer-sml-layout":"","theme-transparent-header-meta":"","adv-header-id-meta":"","stick-header-meta":"","header-above-stick-meta":"","header-main-stick-meta":"","header-below-stick-meta":""},"pwb-brand":[189],"product_cat":[165],"product_tag":[],"class_list":{"0":"post-39728","1":"product","2":"type-product","3":"status-publish","5":"pwb-brand-ngk","6":"product_cat-sytytystulpat","7":"desktop-align-left","8":"tablet-align-left","9":"mobile-align-left","11":"first","12":"instock","13":"product-type-external"},"brands":[{"id":189,"name":"NGK","slug":"ngk"}],"_links":{"self":[{"href":"https:\/\/www.autonvaraosahaku.fi\/index.php?rest_route=\/wp\/v2\/product\/39728","targetHints":{"allow":["GET"]}}],"collection":[{"href":"https:\/\/www.autonvaraosahaku.fi\/index.php?rest_route=\/wp\/v2\/product"}],"about":[{"href":"https:\/\/www.autonvaraosahaku.fi\/index.php?rest_route=\/wp\/v2\/types\/product"}],"wp:attachment":[{"href":"https:\/\/www.autonvaraosahaku.fi\/index.php?rest_route=%2Fwp%2Fv2%2Fmedia&parent=39728"}],"wp:term":[{"taxonomy":"pwb-brand","embeddable":true,"href":"https:\/\/www.autonvaraosahaku.fi\/index.php?rest_route=%2Fwp%2Fv2%2Fpwb-brand&post=39728"},{"taxonomy":"product_cat","embeddable":true,"href":"https:\/\/www.autonvaraosahaku.fi\/index.php?rest_route=%2Fwp%2Fv2%2Fproduct_cat&post=39728"},{"taxonomy":"product_tag","embeddable":true,"href":"https:\/\/www.autonvaraosahaku.fi\/index.php?rest_route=%2Fwp%2Fv2%2Fproduct_tag&post=39728"}],"curies":[{"name":"wp","href":"https:\/\/api.w.org\/{rel}","templated":true}]}}