{"id":39729,"date":"2021-02-21T16:43:23","date_gmt":"2021-02-21T16:43:23","guid":{"rendered":"https:\/\/www.autonvaraosahaku.fi\/?product=ngk-4510-sytytystulpat"},"modified":"2021-02-21T16:43:26","modified_gmt":"2021-02-21T16:43:26","slug":"ngk-4510-sytytystulpat","status":"publish","type":"product","link":"https:\/\/www.autonvaraosahaku.fi\/?product=ngk-4510-sytytystulpat","title":{"rendered":"NGK 4510 Sytytystulpat"},"content":{"rendered":"<p>Avainv\u00e4li: 20,8 mm; Ulkokierre [mm]: 14,0; Kierteen pituus (mm): 12,7; Sytytystulppa: Kierre-SAE-liitin, Nikkeli-keskielektrodi, 1-maaelektroodi, Ei h\u00e4iri\u00f6npoistoa, suoralla istukalla; Kipin\u00e4et\u00e4isyys [mm]: 1,0; K\u00e4rkiv\u00e4li (mm): 0,6; VW: TRANSPORTER III Bus,TRANSPORTER II Bus,1500,1600 Variant 36,1500,1600 31,TRANSPORTER I Bus 22, 24, 25, 28,TRANSPORTER I Pritsche\/Fahrgestell 26,TRANSPORTER II Pritsche\/Fahrgestell,TRANSPORTER I Kasten 21, 23; SKODA: 100,110,110 Coupe; MERCEDES-BENZ: 170 W170; OPEL: ADMIRAL A,OLYMPIA REKORD,REKORD P2,REKORD P1,KAPIT\u00c4N,REKORD A,REKORD A Coupe,REKORD P1 Caravan,OLYMPIA REKORD Caravan; VOLVO: P 121,140 Kombi 145,DUETT; FORD: TAUNUS 17M Turnier P3,TAUNUS 12M P4,TAUNUS 12M,TAUNUS 17M Turnier,TAUNUS 15M,TAUNUS 12M Coupe P4,TAUNUS 12M Turnier P4,TAUNUS 12M Turnier; RENAULT: 10 119_,ESTAFETTE 213_; FIAT: 500,500 Kombi; ARO: 240-244; TRABANT: P 601 Kasten; 756757, 95605398, AM212207A, 7701366533, 9004851022000, 9807656710, 9807656711, 9807656740, 9807656741, 9009820645, 019018110, 82370M1, MS851133, 756757, 95605398, AM212207A, 7701366533, 820541810, 820541812, 0948200095, 0948200190, 9009820645; Tulpat,Sytytystulppa<\/p>\n","protected":false},"excerpt":{"rendered":"<p>NGK Sytytystulpat 4510 Tulpat,Sytytystulppa VW,SKODA,MERCEDES-BENZ,TRANSPORTER III Bus,TRANSPORTER II Bus,1500,1600 Variant 36,1500,1600 31<\/p>\n","protected":false},"featured_media":0,"template":"","meta":{"site-sidebar-layout":"default","site-content-layout":"default","ast-global-header-display":"","ast-main-header-display":"","ast-hfb-above-header-display":"","ast-hfb-below-header-display":"","ast-hfb-mobile-header-display":"","site-post-title":"","ast-breadcrumbs-content":"","ast-featured-img":"","footer-sml-layout":"","theme-transparent-header-meta":"","adv-header-id-meta":"","stick-header-meta":"","header-above-stick-meta":"","header-main-stick-meta":"","header-below-stick-meta":""},"pwb-brand":[189],"product_cat":[165],"product_tag":[],"class_list":{"0":"post-39729","1":"product","2":"type-product","3":"status-publish","5":"pwb-brand-ngk","6":"product_cat-sytytystulpat","7":"desktop-align-left","8":"tablet-align-left","9":"mobile-align-left","11":"first","12":"instock","13":"product-type-external"},"brands":[{"id":189,"name":"NGK","slug":"ngk"}],"_links":{"self":[{"href":"https:\/\/www.autonvaraosahaku.fi\/index.php?rest_route=\/wp\/v2\/product\/39729","targetHints":{"allow":["GET"]}}],"collection":[{"href":"https:\/\/www.autonvaraosahaku.fi\/index.php?rest_route=\/wp\/v2\/product"}],"about":[{"href":"https:\/\/www.autonvaraosahaku.fi\/index.php?rest_route=\/wp\/v2\/types\/product"}],"wp:attachment":[{"href":"https:\/\/www.autonvaraosahaku.fi\/index.php?rest_route=%2Fwp%2Fv2%2Fmedia&parent=39729"}],"wp:term":[{"taxonomy":"pwb-brand","embeddable":true,"href":"https:\/\/www.autonvaraosahaku.fi\/index.php?rest_route=%2Fwp%2Fv2%2Fpwb-brand&post=39729"},{"taxonomy":"product_cat","embeddable":true,"href":"https:\/\/www.autonvaraosahaku.fi\/index.php?rest_route=%2Fwp%2Fv2%2Fproduct_cat&post=39729"},{"taxonomy":"product_tag","embeddable":true,"href":"https:\/\/www.autonvaraosahaku.fi\/index.php?rest_route=%2Fwp%2Fv2%2Fproduct_tag&post=39729"}],"curies":[{"name":"wp","href":"https:\/\/api.w.org\/{rel}","templated":true}]}}