{"id":39732,"date":"2021-02-21T16:43:23","date_gmt":"2021-02-21T16:43:23","guid":{"rendered":"https:\/\/www.autonvaraosahaku.fi\/?product=lemforder-10631-02-muut-luokat"},"modified":"2021-02-21T16:43:26","modified_gmt":"2021-02-21T16:43:26","slug":"lemforder-10631-02-muut-luokat","status":"publish","type":"product","link":"https:\/\/www.autonvaraosahaku.fi\/?product=lemforder-10631-02-muut-luokat","title":{"rendered":"LEMF\u00d6RDER 10631 02 Muut luokat"},"content":{"rendered":"<p>Varusteet: Autoihin, joissa ohjaustehostin; Valmistusvuosi alkaen: 09\/1981; BMW: 3 E46,3 Touring E91,3 E90,5 E39,5 E60,5 Touring E61,3 Touring E46,X3 E83,5 Touring E39,3 Compact E46,3 Coupe E46,1 E81,3 Compact E36,3 E36,X5 E53,3 E30,3 Coupe E92,3 Cabriolet E46,7 E38,3 Coupe E36,Z3 E36,Z4 E85,5 E34,3 Cabriolet E93,7 E65, E66, E67,3 Cabriolet E30,3 Cabriolet E36,3 Touring E36,7 E32,5 Touring E34,5 E28,6 E24,6 E63,3 Touring E30,Z3 Coupe E36,Z4 Coupe E86,6 Cabriolet E64,Z1,Z8 E52; MINI: MINI R50, R53,MINI Cabriolet R52; 1097164, 1124680, 2227264, 32411097164, 32411124680, 32412227264, 32416851217, 6851217<\/p>\n","protected":false},"excerpt":{"rendered":"<p>LEMF\u00d6RDER Tasauss\u00e4ili\u00f6, Servo-Ohjaus 10631 02  BMW,MINI,3 E46,3 Touring E91,3 E90,5 E39,5 E60,5 Touring E61,3 Touring E46,X3 E83,5 Touring E39<\/p>\n","protected":false},"featured_media":0,"template":"","meta":{"site-sidebar-layout":"default","site-content-layout":"default","ast-global-header-display":"","ast-main-header-display":"","ast-hfb-above-header-display":"","ast-hfb-below-header-display":"","ast-hfb-mobile-header-display":"","site-post-title":"","ast-breadcrumbs-content":"","ast-featured-img":"","footer-sml-layout":"","theme-transparent-header-meta":"","adv-header-id-meta":"","stick-header-meta":"","header-above-stick-meta":"","header-main-stick-meta":"","header-below-stick-meta":""},"pwb-brand":[77],"product_cat":[37],"product_tag":[],"class_list":{"0":"post-39732","1":"product","2":"type-product","3":"status-publish","5":"pwb-brand-lemforder","6":"product_cat-muut-luokat","7":"desktop-align-left","8":"tablet-align-left","9":"mobile-align-left","11":"first","12":"instock","13":"product-type-external"},"brands":[{"id":77,"name":"LEMF\u00d6RDER","slug":"lemforder"}],"_links":{"self":[{"href":"https:\/\/www.autonvaraosahaku.fi\/index.php?rest_route=\/wp\/v2\/product\/39732","targetHints":{"allow":["GET"]}}],"collection":[{"href":"https:\/\/www.autonvaraosahaku.fi\/index.php?rest_route=\/wp\/v2\/product"}],"about":[{"href":"https:\/\/www.autonvaraosahaku.fi\/index.php?rest_route=\/wp\/v2\/types\/product"}],"wp:attachment":[{"href":"https:\/\/www.autonvaraosahaku.fi\/index.php?rest_route=%2Fwp%2Fv2%2Fmedia&parent=39732"}],"wp:term":[{"taxonomy":"pwb-brand","embeddable":true,"href":"https:\/\/www.autonvaraosahaku.fi\/index.php?rest_route=%2Fwp%2Fv2%2Fpwb-brand&post=39732"},{"taxonomy":"product_cat","embeddable":true,"href":"https:\/\/www.autonvaraosahaku.fi\/index.php?rest_route=%2Fwp%2Fv2%2Fproduct_cat&post=39732"},{"taxonomy":"product_tag","embeddable":true,"href":"https:\/\/www.autonvaraosahaku.fi\/index.php?rest_route=%2Fwp%2Fv2%2Fproduct_tag&post=39732"}],"curies":[{"name":"wp","href":"https:\/\/api.w.org\/{rel}","templated":true}]}}