{"id":39794,"date":"2021-02-21T16:43:39","date_gmt":"2021-02-21T16:43:39","guid":{"rendered":"https:\/\/www.autonvaraosahaku.fi\/?product=ngk-4563-sytytystulpat"},"modified":"2021-02-21T16:43:42","modified_gmt":"2021-02-21T16:43:42","slug":"ngk-4563-sytytystulpat","status":"publish","type":"product","link":"https:\/\/www.autonvaraosahaku.fi\/?product=ngk-4563-sytytystulpat","title":{"rendered":"NGK 4563 Sytytystulpat"},"content":{"rendered":"<p>Avainv\u00e4li: 16 mm; Ulkokierre [mm]: 14,0; Kierteen pituus (mm): 19,0; Sytytystulppa: Kierre-SAE-liitin, 3-maaelektroodia, Ei h\u00e4iri\u00f6npoistoa, suoralla istukalla; Kipin\u00e4et\u00e4isyys [mm]: 5,2; TECDOC-moottorinumero: 3344; RENAULT: SAFRANE I B54_,21 Stufenheck L48_,25 B29_,21 Kombi K48_,21 B48_; CITRO\u00cbN: BX XB-_; PEUGEOT: 309 II 3C, 3A,405 I 15B,309 I 10C, 10A; 60512848, 60512848, 96039962, 7700855463, 7700856342, 60512848, 60512848, 22401Y9066, 60512848, 60512848, 22401Y9066, 96039962, 7700855463, 7700856342; Tulpat,Sytytystulppa<\/p>\n","protected":false},"excerpt":{"rendered":"<p>NGK Sytytystulpat 4563 Tulpat,Sytytystulppa RENAULT,CITRO\u00cbN,PEUGEOT,SAFRANE I B54_,21 Stufenheck L48_,25 B29_,21 Kombi K48_,21 B48_,BX XB-_<\/p>\n","protected":false},"featured_media":0,"template":"","meta":{"site-sidebar-layout":"default","site-content-layout":"default","ast-global-header-display":"","ast-main-header-display":"","ast-hfb-above-header-display":"","ast-hfb-below-header-display":"","ast-hfb-mobile-header-display":"","site-post-title":"","ast-breadcrumbs-content":"","ast-featured-img":"","footer-sml-layout":"","theme-transparent-header-meta":"","adv-header-id-meta":"","stick-header-meta":"","header-above-stick-meta":"","header-main-stick-meta":"","header-below-stick-meta":""},"pwb-brand":[189],"product_cat":[165],"product_tag":[],"class_list":{"0":"post-39794","1":"product","2":"type-product","3":"status-publish","5":"pwb-brand-ngk","6":"product_cat-sytytystulpat","7":"desktop-align-left","8":"tablet-align-left","9":"mobile-align-left","11":"first","12":"instock","13":"product-type-external"},"brands":[{"id":189,"name":"NGK","slug":"ngk"}],"_links":{"self":[{"href":"https:\/\/www.autonvaraosahaku.fi\/index.php?rest_route=\/wp\/v2\/product\/39794","targetHints":{"allow":["GET"]}}],"collection":[{"href":"https:\/\/www.autonvaraosahaku.fi\/index.php?rest_route=\/wp\/v2\/product"}],"about":[{"href":"https:\/\/www.autonvaraosahaku.fi\/index.php?rest_route=\/wp\/v2\/types\/product"}],"wp:attachment":[{"href":"https:\/\/www.autonvaraosahaku.fi\/index.php?rest_route=%2Fwp%2Fv2%2Fmedia&parent=39794"}],"wp:term":[{"taxonomy":"pwb-brand","embeddable":true,"href":"https:\/\/www.autonvaraosahaku.fi\/index.php?rest_route=%2Fwp%2Fv2%2Fpwb-brand&post=39794"},{"taxonomy":"product_cat","embeddable":true,"href":"https:\/\/www.autonvaraosahaku.fi\/index.php?rest_route=%2Fwp%2Fv2%2Fproduct_cat&post=39794"},{"taxonomy":"product_tag","embeddable":true,"href":"https:\/\/www.autonvaraosahaku.fi\/index.php?rest_route=%2Fwp%2Fv2%2Fproduct_tag&post=39794"}],"curies":[{"name":"wp","href":"https:\/\/api.w.org\/{rel}","templated":true}]}}