{"id":39806,"date":"2021-02-21T16:43:44","date_gmt":"2021-02-21T16:43:44","guid":{"rendered":"https:\/\/www.autonvaraosahaku.fi\/?product=sachs-170-880-iskunvaimennin"},"modified":"2021-02-21T16:43:45","modified_gmt":"2021-02-21T16:43:45","slug":"sachs-170-880-iskunvaimennin","status":"publish","type":"product","link":"https:\/\/www.autonvaraosahaku.fi\/?product=sachs-170-880-iskunvaimennin","title":{"rendered":"SACHS 170 880 Iskunvaimennin"},"content":{"rendered":"<p>Iskunvaimennin asennustapa: Tappi ylh\u00e4\u00e4ll\u00e4, Silmukka alhaalla; Iskunvaimennin tyyppi: Kaasupaine; Iskunvaimennusj\u00e4rjestelm\u00e4: Kaksiputki; Tunnusluku: SEOV26X89A; Asennuspuoli: Vorderachse; VW: TRANSPORTER IV Bus 70XB, 70XC, 7DB, 7DW,TRANSPORTER IV Kasten 70XA,TRANSPORTER IV Pritsche\/Fahrgestell 70XD; 701413031, 701413031F, 701413031G, 701413031, 701413031F, 701413031G, 701413031, 701413031F, 701413031G, 701413031, 701413031A, 701413031F, 701413031G, 7D0413031C; Iskarit,Iskunvaimennin<\/p>\n","protected":false},"excerpt":{"rendered":"<p>SACHS Iskunvaimentimet 170 880 Iskarit,Iskunvaimennin VW,TRANSPORTER IV Bus 70XB, 70XC, 7DB, 7DW,TRANSPORTER IV Kasten 70XA<\/p>\n","protected":false},"featured_media":0,"template":"","meta":{"site-sidebar-layout":"default","site-content-layout":"default","ast-global-header-display":"","ast-main-header-display":"","ast-hfb-above-header-display":"","ast-hfb-below-header-display":"","ast-hfb-mobile-header-display":"","site-post-title":"","ast-breadcrumbs-content":"","ast-featured-img":"","footer-sml-layout":"","theme-transparent-header-meta":"","adv-header-id-meta":"","stick-header-meta":"","header-above-stick-meta":"","header-main-stick-meta":"","header-below-stick-meta":""},"pwb-brand":[91],"product_cat":[80],"product_tag":[],"class_list":{"0":"post-39806","1":"product","2":"type-product","3":"status-publish","5":"pwb-brand-sachs","6":"product_cat-iskunvaimennin","7":"desktop-align-left","8":"tablet-align-left","9":"mobile-align-left","11":"first","12":"instock","13":"product-type-external"},"brands":[{"id":91,"name":"SACHS","slug":"sachs"}],"_links":{"self":[{"href":"https:\/\/www.autonvaraosahaku.fi\/index.php?rest_route=\/wp\/v2\/product\/39806","targetHints":{"allow":["GET"]}}],"collection":[{"href":"https:\/\/www.autonvaraosahaku.fi\/index.php?rest_route=\/wp\/v2\/product"}],"about":[{"href":"https:\/\/www.autonvaraosahaku.fi\/index.php?rest_route=\/wp\/v2\/types\/product"}],"wp:attachment":[{"href":"https:\/\/www.autonvaraosahaku.fi\/index.php?rest_route=%2Fwp%2Fv2%2Fmedia&parent=39806"}],"wp:term":[{"taxonomy":"pwb-brand","embeddable":true,"href":"https:\/\/www.autonvaraosahaku.fi\/index.php?rest_route=%2Fwp%2Fv2%2Fpwb-brand&post=39806"},{"taxonomy":"product_cat","embeddable":true,"href":"https:\/\/www.autonvaraosahaku.fi\/index.php?rest_route=%2Fwp%2Fv2%2Fproduct_cat&post=39806"},{"taxonomy":"product_tag","embeddable":true,"href":"https:\/\/www.autonvaraosahaku.fi\/index.php?rest_route=%2Fwp%2Fv2%2Fproduct_tag&post=39806"}],"curies":[{"name":"wp","href":"https:\/\/api.w.org\/{rel}","templated":true}]}}