{"id":39845,"date":"2021-02-21T16:43:54","date_gmt":"2021-02-21T16:43:54","guid":{"rendered":"https:\/\/www.autonvaraosahaku.fi\/?product=tyc-18-3585-01-2-vilkku"},"modified":"2021-02-21T16:43:55","modified_gmt":"2021-02-21T16:43:55","slug":"tyc-18-3585-01-2-vilkku","status":"publish","type":"product","link":"https:\/\/www.autonvaraosahaku.fi\/?product=tyc-18-3585-01-2-vilkku","title":{"rendered":"TYC 18-3585-01-2 Vilkku"},"content":{"rendered":"<p>Asennuspuoli: Molemminpuolin, Asennus sivulle; V\u00e4ri: Valkoinen; Rekister\u00f6ity tyyppi: E-hyv\u00e4ksytty; Muoto: Soikea; Lis\u00e4tarvike\/lis\u00e4tieto: Ilman lampun kantaa; Valmistusvuosi alkaen: 08\/1993; VW: GOLF III 1H1,SHARAN 7M8, 7M9, 7M6,POLO 6N1,PASSAT Variant 3A5, 35I,GOLF III Variant 1H5,PASSAT 3A2, 35I,CADDY II Kasten 9K9A,POLO Variant 6KV5,POLO CLASSIC 6KV2,VENTO 1H2,CADDY II Kombi 9K9B,CADDY II Pick-up 9U7; SEAT: ALHAMBRA 7V8, 7V9,IBIZA II 6K1,CORDOBA 6K1, 6K2,CORDOBA Vario 6K1,TOLEDO I 1L,INCA 6K9; FORD: GALAXY WGR; Vilkkuvalo,Suuntavilkku<\/p>\n","protected":false},"excerpt":{"rendered":"<p>TYC Vilkku 18-3585-01-2 Vilkkuvalo,Suuntavilkku VW,SEAT,FORD,GOLF III 1H1,SHARAN 7M8, 7M9, 7M6,POLO 6N1,PASSAT Variant 3A5, 35I,GOLF III Variant 1H5<\/p>\n","protected":false},"featured_media":0,"template":"","meta":{"site-sidebar-layout":"default","site-content-layout":"default","ast-global-header-display":"","ast-main-header-display":"","ast-hfb-above-header-display":"","ast-hfb-below-header-display":"","ast-hfb-mobile-header-display":"","site-post-title":"","ast-breadcrumbs-content":"","ast-featured-img":"","footer-sml-layout":"","theme-transparent-header-meta":"","adv-header-id-meta":"","stick-header-meta":"","header-above-stick-meta":"","header-main-stick-meta":"","header-below-stick-meta":""},"pwb-brand":[124],"product_cat":[149],"product_tag":[],"class_list":{"0":"post-39845","1":"product","2":"type-product","3":"status-publish","5":"pwb-brand-tyc","6":"product_cat-vilkku","7":"desktop-align-left","8":"tablet-align-left","9":"mobile-align-left","11":"first","12":"instock","13":"product-type-external"},"brands":[{"id":124,"name":"TYC","slug":"tyc"}],"_links":{"self":[{"href":"https:\/\/www.autonvaraosahaku.fi\/index.php?rest_route=\/wp\/v2\/product\/39845","targetHints":{"allow":["GET"]}}],"collection":[{"href":"https:\/\/www.autonvaraosahaku.fi\/index.php?rest_route=\/wp\/v2\/product"}],"about":[{"href":"https:\/\/www.autonvaraosahaku.fi\/index.php?rest_route=\/wp\/v2\/types\/product"}],"wp:attachment":[{"href":"https:\/\/www.autonvaraosahaku.fi\/index.php?rest_route=%2Fwp%2Fv2%2Fmedia&parent=39845"}],"wp:term":[{"taxonomy":"pwb-brand","embeddable":true,"href":"https:\/\/www.autonvaraosahaku.fi\/index.php?rest_route=%2Fwp%2Fv2%2Fpwb-brand&post=39845"},{"taxonomy":"product_cat","embeddable":true,"href":"https:\/\/www.autonvaraosahaku.fi\/index.php?rest_route=%2Fwp%2Fv2%2Fproduct_cat&post=39845"},{"taxonomy":"product_tag","embeddable":true,"href":"https:\/\/www.autonvaraosahaku.fi\/index.php?rest_route=%2Fwp%2Fv2%2Fproduct_tag&post=39845"}],"curies":[{"name":"wp","href":"https:\/\/api.w.org\/{rel}","templated":true}]}}