{"id":39862,"date":"2021-02-21T16:43:59","date_gmt":"2021-02-21T16:43:59","guid":{"rendered":"https:\/\/www.autonvaraosahaku.fi\/?product=bosal-105-109-keskimmainen-aanenvaimennin"},"modified":"2021-02-21T16:44:00","modified_gmt":"2021-02-21T16:44:00","slug":"bosal-105-109-keskimmainen-aanenvaimennin","status":"publish","type":"product","link":"https:\/\/www.autonvaraosahaku.fi\/?product=bosal-105-109-keskimmainen-aanenvaimennin","title":{"rendered":"BOSAL 105-109 Keskimm\u00e4inen \u00e4\u00e4nenvaimennin"},"content":{"rendered":"<p>Katalysaattorimalli: f\u00fcr Fahrzeuge mit Katalysator; VW: GOLF IV 1J1,GOLF IV Variant 1J5,BORA 1J2,NEW BEETLE 9C1, 1C1,BORA Kombi 1J6,NEW BEETLE Cabriolet 1Y7; AUDI: A3 8L1; SKODA: OCTAVIA Combi 1U5,OCTAVIA 1U2; SEAT: LEON 1M1,TOLEDO II 1M2; 1J0253209, 1J0253209E, 1J0253209F, 1J0253209G, 1J0253209M, JZW253209D, 1J0253209, 1J0253209G, 1J0253209M, JZW253209D, 1J0253209, 1J0253209E, 1J0253209F, 1J0253209G, 1J0253209M, JZW253209D, 1J0253209, 1J0253209E, 1J0253209F, 1J0253209G, 1J0253209L, 1J0253209M, JZW253209D; Keski \u00c4\u00e4nenvaimennin,Keski\u00e4\u00e4nenvaimentaja<\/p>\n","protected":false},"excerpt":{"rendered":"<p>BOSAL Keskimm\u00e4inen \u00c4\u00e4nenvaimennin 105-109 Keski \u00c4\u00e4nenvaimennin,Keski\u00e4\u00e4nenvaimentaja VW,AUDI,SKODA,GOLF IV 1J1,GOLF IV Variant 1J5,BORA 1J2<\/p>\n","protected":false},"featured_media":0,"template":"","meta":{"site-sidebar-layout":"default","site-content-layout":"default","ast-global-header-display":"","ast-main-header-display":"","ast-hfb-above-header-display":"","ast-hfb-below-header-display":"","ast-hfb-mobile-header-display":"","site-post-title":"","ast-breadcrumbs-content":"","ast-featured-img":"","footer-sml-layout":"","theme-transparent-header-meta":"","adv-header-id-meta":"","stick-header-meta":"","header-above-stick-meta":"","header-main-stick-meta":"","header-below-stick-meta":""},"pwb-brand":[248],"product_cat":[212],"product_tag":[],"class_list":{"0":"post-39862","1":"product","2":"type-product","3":"status-publish","5":"pwb-brand-bosal","6":"product_cat-keskimmainen-aanenvaimennin","7":"desktop-align-left","8":"tablet-align-left","9":"mobile-align-left","11":"first","12":"instock","13":"product-type-external"},"brands":[{"id":248,"name":"BOSAL","slug":"bosal"}],"_links":{"self":[{"href":"https:\/\/www.autonvaraosahaku.fi\/index.php?rest_route=\/wp\/v2\/product\/39862","targetHints":{"allow":["GET"]}}],"collection":[{"href":"https:\/\/www.autonvaraosahaku.fi\/index.php?rest_route=\/wp\/v2\/product"}],"about":[{"href":"https:\/\/www.autonvaraosahaku.fi\/index.php?rest_route=\/wp\/v2\/types\/product"}],"wp:attachment":[{"href":"https:\/\/www.autonvaraosahaku.fi\/index.php?rest_route=%2Fwp%2Fv2%2Fmedia&parent=39862"}],"wp:term":[{"taxonomy":"pwb-brand","embeddable":true,"href":"https:\/\/www.autonvaraosahaku.fi\/index.php?rest_route=%2Fwp%2Fv2%2Fpwb-brand&post=39862"},{"taxonomy":"product_cat","embeddable":true,"href":"https:\/\/www.autonvaraosahaku.fi\/index.php?rest_route=%2Fwp%2Fv2%2Fproduct_cat&post=39862"},{"taxonomy":"product_tag","embeddable":true,"href":"https:\/\/www.autonvaraosahaku.fi\/index.php?rest_route=%2Fwp%2Fv2%2Fproduct_tag&post=39862"}],"curies":[{"name":"wp","href":"https:\/\/api.w.org\/{rel}","templated":true}]}}