{"id":39873,"date":"2021-02-21T16:43:59","date_gmt":"2021-02-21T16:43:59","guid":{"rendered":"https:\/\/www.autonvaraosahaku.fi\/?product=tyc-19-0798-01-9-sumuvalot"},"modified":"2021-02-21T16:44:02","modified_gmt":"2021-02-21T16:44:02","slug":"tyc-19-0798-01-9-sumuvalot","status":"publish","type":"product","link":"https:\/\/www.autonvaraosahaku.fi\/?product=tyc-19-0798-01-9-sumuvalot","title":{"rendered":"TYC 19-0798-01-9 Sumuvalot"},"content":{"rendered":"<p>Asennuspuoli: Vasen; Rekister\u00f6ity tyyppi: E-hyv\u00e4ksytty; Lamppumalli: HB4; Valotoiminto: k\u00e4\u00e4ntymisvalolla; Valmistusvuoteen: 09\/2014; VW: TOURAN 1T1, 1T2,GOLF VI 5K1,GOLF PLUS 5M1, 521,TIGUAN 5N_,CADDY III Kombi 2KB, 2KJ, 2CB, 2CJ,TOURAN 1T3,GOLF VI Variant AJ5,UP,CADDY III Kasten 2KA, 2KH, 2CA, 2CH,EOS 1F7, 1F8,GOLF VI Cabriolet 517,BEETLE 5C1,JETTA IV 162, 163,BEETLE Cabriolet 5C7; SEAT: ALHAMBRA 710, 711; 5K0941699, 5K0941699F, 5K0941699, 5K0941699F; Sumuvalo<\/p>\n","protected":false},"excerpt":{"rendered":"<p>TYC Sumuvalot 19-0798-01-9 Sumuvalo VW,SEAT,TOURAN 1T1, 1T2,GOLF VI 5K1,GOLF PLUS 5M1, 521,TIGUAN 5N_,CADDY III Kombi 2KB, 2KJ, 2CB, 2CJ,TOURAN 1T3<\/p>\n","protected":false},"featured_media":0,"template":"","meta":{"site-sidebar-layout":"default","site-content-layout":"default","ast-global-header-display":"","ast-main-header-display":"","ast-hfb-above-header-display":"","ast-hfb-below-header-display":"","ast-hfb-mobile-header-display":"","site-post-title":"","ast-breadcrumbs-content":"","ast-featured-img":"","footer-sml-layout":"","theme-transparent-header-meta":"","adv-header-id-meta":"","stick-header-meta":"","header-above-stick-meta":"","header-main-stick-meta":"","header-below-stick-meta":""},"pwb-brand":[124],"product_cat":[119],"product_tag":[],"class_list":{"0":"post-39873","1":"product","2":"type-product","3":"status-publish","5":"pwb-brand-tyc","6":"product_cat-sumuvalot","7":"desktop-align-left","8":"tablet-align-left","9":"mobile-align-left","11":"first","12":"instock","13":"product-type-external"},"brands":[{"id":124,"name":"TYC","slug":"tyc"}],"_links":{"self":[{"href":"https:\/\/www.autonvaraosahaku.fi\/index.php?rest_route=\/wp\/v2\/product\/39873","targetHints":{"allow":["GET"]}}],"collection":[{"href":"https:\/\/www.autonvaraosahaku.fi\/index.php?rest_route=\/wp\/v2\/product"}],"about":[{"href":"https:\/\/www.autonvaraosahaku.fi\/index.php?rest_route=\/wp\/v2\/types\/product"}],"wp:attachment":[{"href":"https:\/\/www.autonvaraosahaku.fi\/index.php?rest_route=%2Fwp%2Fv2%2Fmedia&parent=39873"}],"wp:term":[{"taxonomy":"pwb-brand","embeddable":true,"href":"https:\/\/www.autonvaraosahaku.fi\/index.php?rest_route=%2Fwp%2Fv2%2Fpwb-brand&post=39873"},{"taxonomy":"product_cat","embeddable":true,"href":"https:\/\/www.autonvaraosahaku.fi\/index.php?rest_route=%2Fwp%2Fv2%2Fproduct_cat&post=39873"},{"taxonomy":"product_tag","embeddable":true,"href":"https:\/\/www.autonvaraosahaku.fi\/index.php?rest_route=%2Fwp%2Fv2%2Fproduct_tag&post=39873"}],"curies":[{"name":"wp","href":"https:\/\/api.w.org\/{rel}","templated":true}]}}