{"id":39969,"date":"2021-02-21T16:44:24","date_gmt":"2021-02-21T16:44:24","guid":{"rendered":"https:\/\/www.autonvaraosahaku.fi\/?product=ernst-499910-pakoputken-asennussarja"},"modified":"2021-02-21T16:44:27","modified_gmt":"2021-02-21T16:44:27","slug":"ernst-499910-pakoputken-asennussarja","status":"publish","type":"product","link":"https:\/\/www.autonvaraosahaku.fi\/?product=ernst-499910-pakoputken-asennussarja","title":{"rendered":"ERNST 499910 Pakoputken asennussarja"},"content":{"rendered":"<p>L\u00e4pimitta [mm]: 54,5; Putkiliitokset: U-kiristin; Kierremitta: M10; Putki-\u00d8 (mm): 50,0; Pakoputkisto: f\u00fcr Mittelschalld\u00e4mpfer; VW: CADDY III Kombi 2KB, 2KJ, 2CB, 2CJ,CADDY III Kasten 2KA, 2KH, 2CA, 2CH; MAZDA: 6 Station Wagon GY,6 Hatchback GG,6 GG; MERCEDES-BENZ: A-CLASS W168,C-CLASS W202,Stufenheck W124,C-CLASS Kombi S202,KOMBI Kombi S124,E-CLASS W124,COUPE C124; LANCIA: YPSILON 843,MUSA 350; OPEL: ZAFIRA B A05,ASTRA H Caravan L35,MERIVA,ZAFIRA A F75_,ASTRA G CC F48_, F08_,OMEGA A 16_, 17_, 19_,ASTRA H L48,ASTRA G Caravan F35_,ASTRA H GTC L08,VECTRA C,ASTRA F CC 53_, 54_, 58_, 59_,OMEGA B Caravan 21_, 22_, 23_,VECTRA C GTS,ASTRA H TwinTop L67,ASTRA G Cabriolet F67,ASTRA G Coupe F07_,ASTRA G Stufenheck F69_,ZAFIRA B Van,CALIBRA A 85_,VECTRA A 86_, 87_,ASTRA F 56_, 57_,VECTRA A CC 88_, 89_,OMEGA A Caravan 66_, 67_; VOLVO: 940 Kombi 945,740 Kombi 745,740 744,940 944,760 704, 764,760 Kombi 704, 765; FORD: FIESTA V JH_, JD_,FIESTA IV JA_, JB_,FUSION JU_,MONDEO II Kombi BNP,ECOSPORT,PUMA EC_; ALFA ROMEO: 156 Sportwagon 932,156 932; RENAULT: ESPACE III JE0_; FIAT: PUNTO 188,DUCATO Pritsche\/Fahrgestell 230,DUCATO Bus 230,DOBLO Cargo 223,DOBLO 119,DUCATO Kasten 230L,IDEA,BRAVO I 182,BRAVA 182; 18219898774, 1613141, 856297, 6025008574, 6025107928, 6025109448, 6025110127; Putkenliitin, Pakoputkisto<\/p>\n","protected":false},"excerpt":{"rendered":"<p>ERNST Pakoputken Kiristin 499910 Putkenliitin, Pakoputkisto VW,MAZDA,MERCEDES-BENZ,CADDY III Kombi 2KB, 2KJ, 2CB, 2CJ<\/p>\n","protected":false},"featured_media":0,"template":"","meta":{"site-sidebar-layout":"default","site-content-layout":"default","ast-global-header-display":"","ast-main-header-display":"","ast-hfb-above-header-display":"","ast-hfb-below-header-display":"","ast-hfb-mobile-header-display":"","site-post-title":"","ast-breadcrumbs-content":"","ast-featured-img":"","footer-sml-layout":"","theme-transparent-header-meta":"","adv-header-id-meta":"","stick-header-meta":"","header-above-stick-meta":"","header-main-stick-meta":"","header-below-stick-meta":""},"pwb-brand":[63],"product_cat":[101],"product_tag":[],"class_list":{"0":"post-39969","1":"product","2":"type-product","3":"status-publish","5":"pwb-brand-ernst","6":"product_cat-pakoputken-asennussarja","7":"desktop-align-left","8":"tablet-align-left","9":"mobile-align-left","11":"first","12":"instock","13":"product-type-external"},"brands":[{"id":63,"name":"ERNST","slug":"ernst"}],"_links":{"self":[{"href":"https:\/\/www.autonvaraosahaku.fi\/index.php?rest_route=\/wp\/v2\/product\/39969","targetHints":{"allow":["GET"]}}],"collection":[{"href":"https:\/\/www.autonvaraosahaku.fi\/index.php?rest_route=\/wp\/v2\/product"}],"about":[{"href":"https:\/\/www.autonvaraosahaku.fi\/index.php?rest_route=\/wp\/v2\/types\/product"}],"wp:attachment":[{"href":"https:\/\/www.autonvaraosahaku.fi\/index.php?rest_route=%2Fwp%2Fv2%2Fmedia&parent=39969"}],"wp:term":[{"taxonomy":"pwb-brand","embeddable":true,"href":"https:\/\/www.autonvaraosahaku.fi\/index.php?rest_route=%2Fwp%2Fv2%2Fpwb-brand&post=39969"},{"taxonomy":"product_cat","embeddable":true,"href":"https:\/\/www.autonvaraosahaku.fi\/index.php?rest_route=%2Fwp%2Fv2%2Fproduct_cat&post=39969"},{"taxonomy":"product_tag","embeddable":true,"href":"https:\/\/www.autonvaraosahaku.fi\/index.php?rest_route=%2Fwp%2Fv2%2Fproduct_tag&post=39969"}],"curies":[{"name":"wp","href":"https:\/\/api.w.org\/{rel}","templated":true}]}}