{"id":40017,"date":"2021-02-21T16:44:35","date_gmt":"2021-02-21T16:44:35","guid":{"rendered":"https:\/\/www.autonvaraosahaku.fi\/?product=elwis-royal-8044230-nokka-akselin-tiiviste"},"modified":"2021-02-21T16:44:39","modified_gmt":"2021-02-21T16:44:39","slug":"elwis-royal-8044230-nokka-akselin-tiiviste","status":"publish","type":"product","link":"https:\/\/www.autonvaraosahaku.fi\/?product=elwis-royal-8044230-nokka-akselin-tiiviste","title":{"rendered":"ELWIS ROYAL 8044230 Nokka akselin tiiviste"},"content":{"rendered":"<p>Tarvittava kappalem\u00e4\u00e4r\u00e4: 1; Leveys (mm): 6; Materiaali: FPM (fluori-kumi); Sis\u00e4l\u00e4pimitta [mm]: 38; Ulkol\u00e4pimitta [mm]: 50; RENAULT: CLIO II BB0\/1\/2_, CB0\/1\/2_,LAGUNA II Grandtour KG0\/1_,ESPACE III JE0_,LAGUNA II BG0\/1_,LAGUNA I B56_, 556_,LAGUNA I Grandtour K56_,SAFRANE II B54_,AVANTIME DE0_; FIAT: ULYSSE 179AX; PEUGEOT: 206 Schr\u00e4gheck 2A\/C,206 CC 2D,207 WA_, WC_,307 SW 3H,307 CC 3B,407 SW 6E_,307 3A\/C,107,308 SW,206 SW 2E\/K,807 E,106 II 1,308 4A_, 4C_,307 Break 3E,607 9D, 9U,407 6D_,406 Break 8E\/F,PARTNER Tepee,1007 KM_,PARTNER Combispace 5F,PARTNER Kasten 5,406 Coupe 8C,406 8B,407 Coupe 6C_,PARTNER Kasten,207 Stufenheck,206 Stufenheck,605 6B,405 II Break 4E,301,108; CITRO\u00cbN: BERLINGO MF,XSARA PICASSO N68,C2 JM_,C3 I FC_,BERLINGO B9,C5 III Break TD_,C8 EA_, EB_,C4 I LC_,SAXO S0, S1,BERLINGO Kasten M_,C5 II Break RE_,C5 I DC_,C5 I Break DE_,C5 III RD_,XSARA N1,C4 Coupe LA_,C3 Pluriel HB_,C5 II RC_,XSARA Break N2,BERLINGO Kasten B9,C6 TD_,XM Y4,XSARA Coupe N0,XANTIA X1,C4 Stufenheck L,XANTIA Break X2,XM Break Y4,C-ELYSEE,C3 III SX; MINI: MINI R50, R53; SUBARU: JUSTY IV,TREZIA; DAIHATSU: SIRION M3_,CUORE VIII; LANCIA: PHEDRA 179; LOTUS: ELISE,EXIGE SCC_,2 ELEVEN; 080724, 9031138084, 9031138091, 9609874280, 9609874280, 11147790962, 080724, 6822RC, 080724, 9008031093, 9031138041, 9031138059, 9031138081, 9031138089, 9031138091, 90311W0012; Akselitiiviste, Nokka-Akseli<\/p>\n","protected":false},"excerpt":{"rendered":"<p>ELWIS ROYAL Nokka Akselin Tiiviste 8044230 Akselitiiviste, Nokka-Akseli RENAULT,FIAT,PEUGEOT,CLIO II BB0\/1\/2_, CB0\/1\/2_,LAGUNA II Grandtour KG0\/1_<\/p>\n","protected":false},"featured_media":0,"template":"","meta":{"site-sidebar-layout":"default","site-content-layout":"default","ast-global-header-display":"","ast-main-header-display":"","ast-hfb-above-header-display":"","ast-hfb-below-header-display":"","ast-hfb-mobile-header-display":"","site-post-title":"","ast-breadcrumbs-content":"","ast-featured-img":"","footer-sml-layout":"","theme-transparent-header-meta":"","adv-header-id-meta":"","stick-header-meta":"","header-above-stick-meta":"","header-main-stick-meta":"","header-below-stick-meta":""},"pwb-brand":[120],"product_cat":[122],"product_tag":[],"class_list":{"0":"post-40017","1":"product","2":"type-product","3":"status-publish","5":"pwb-brand-elwis-royal","6":"product_cat-nokka-akselin-tiiviste","7":"desktop-align-left","8":"tablet-align-left","9":"mobile-align-left","11":"first","12":"instock","13":"product-type-external"},"brands":[{"id":120,"name":"ELWIS ROYAL","slug":"elwis-royal"}],"_links":{"self":[{"href":"https:\/\/www.autonvaraosahaku.fi\/index.php?rest_route=\/wp\/v2\/product\/40017","targetHints":{"allow":["GET"]}}],"collection":[{"href":"https:\/\/www.autonvaraosahaku.fi\/index.php?rest_route=\/wp\/v2\/product"}],"about":[{"href":"https:\/\/www.autonvaraosahaku.fi\/index.php?rest_route=\/wp\/v2\/types\/product"}],"wp:attachment":[{"href":"https:\/\/www.autonvaraosahaku.fi\/index.php?rest_route=%2Fwp%2Fv2%2Fmedia&parent=40017"}],"wp:term":[{"taxonomy":"pwb-brand","embeddable":true,"href":"https:\/\/www.autonvaraosahaku.fi\/index.php?rest_route=%2Fwp%2Fv2%2Fpwb-brand&post=40017"},{"taxonomy":"product_cat","embeddable":true,"href":"https:\/\/www.autonvaraosahaku.fi\/index.php?rest_route=%2Fwp%2Fv2%2Fproduct_cat&post=40017"},{"taxonomy":"product_tag","embeddable":true,"href":"https:\/\/www.autonvaraosahaku.fi\/index.php?rest_route=%2Fwp%2Fv2%2Fproduct_tag&post=40017"}],"curies":[{"name":"wp","href":"https:\/\/api.w.org\/{rel}","templated":true}]}}