{"id":40023,"date":"2021-02-21T16:44:40","date_gmt":"2021-02-21T16:44:40","guid":{"rendered":"https:\/\/www.autonvaraosahaku.fi\/?product=maxgear-39-9425-pyyhkijansulat"},"modified":"2021-02-21T16:44:42","modified_gmt":"2021-02-21T16:44:42","slug":"maxgear-39-9425-pyyhkijansulat","status":"publish","type":"product","link":"https:\/\/www.autonvaraosahaku.fi\/?product=maxgear-39-9425-pyyhkijansulat","title":{"rendered":"MAXGEAR 39-9425 Pyyhkij\u00e4nsulat"},"content":{"rendered":"<p>Asennuspuoli: Edess\u00e4, beifahrerseitig; Pituus (mm): 425; Pyyhkij\u00e4nsulkatyyppi: Flatblade-pyyhinsulka (rungoton); VW: POLO 9N_; BMW: 3 Coupe E92,3 Cabriolet E93,6 Gran Coupe F06,6 Coupe F13,6 Cabriolet F12; SEAT: IBIZA V KJ1,ARONA KJ7; OPEL: GRANDLAND X A18; JAGUAR: XE X760,XF X260,XF SPORTBRAKE X260; FORD: FOCUS II Kombi DA_,FOCUS II DA_,KUGA I,FOCUS II Stufenheck DA_,FOCUS II Cabriolet; FIAT: CROMA 194; PEUGEOT: 207 WA_, WC_,207 CC WD_,207 SW WK_,207 Stufenheck,207 Van; ALPINA: B3 Cabriolet E93; VAUXHALL: GRANDLAND X A18; Tuulilasinpyyhkimet,Pyyhkij\u00e4t,Pyyhkij\u00e4nsulka<\/p>\n","protected":false},"excerpt":{"rendered":"<p>MAXGEAR Pyyhkij\u00e4nsulat 39-9425 Tuulilasinpyyhkimet,Pyyhkij\u00e4t VW,BMW,SEAT,POLO 9N_,3 Coupe E92,3 Cabriolet E93,6 Gran Coupe F06,6 Coupe F13<\/p>\n","protected":false},"featured_media":0,"template":"","meta":{"site-sidebar-layout":"default","site-content-layout":"default","ast-global-header-display":"","ast-main-header-display":"","ast-hfb-above-header-display":"","ast-hfb-below-header-display":"","ast-hfb-mobile-header-display":"","site-post-title":"","ast-breadcrumbs-content":"","ast-featured-img":"","footer-sml-layout":"","theme-transparent-header-meta":"","adv-header-id-meta":"","stick-header-meta":"","header-above-stick-meta":"","header-main-stick-meta":"","header-below-stick-meta":""},"pwb-brand":[48],"product_cat":[33],"product_tag":[],"class_list":{"0":"post-40023","1":"product","2":"type-product","3":"status-publish","5":"pwb-brand-maxgear","6":"product_cat-pyyhkijansulat","7":"desktop-align-left","8":"tablet-align-left","9":"mobile-align-left","11":"first","12":"instock","13":"product-type-external"},"brands":[{"id":48,"name":"MAXGEAR","slug":"maxgear"}],"_links":{"self":[{"href":"https:\/\/www.autonvaraosahaku.fi\/index.php?rest_route=\/wp\/v2\/product\/40023","targetHints":{"allow":["GET"]}}],"collection":[{"href":"https:\/\/www.autonvaraosahaku.fi\/index.php?rest_route=\/wp\/v2\/product"}],"about":[{"href":"https:\/\/www.autonvaraosahaku.fi\/index.php?rest_route=\/wp\/v2\/types\/product"}],"wp:attachment":[{"href":"https:\/\/www.autonvaraosahaku.fi\/index.php?rest_route=%2Fwp%2Fv2%2Fmedia&parent=40023"}],"wp:term":[{"taxonomy":"pwb-brand","embeddable":true,"href":"https:\/\/www.autonvaraosahaku.fi\/index.php?rest_route=%2Fwp%2Fv2%2Fpwb-brand&post=40023"},{"taxonomy":"product_cat","embeddable":true,"href":"https:\/\/www.autonvaraosahaku.fi\/index.php?rest_route=%2Fwp%2Fv2%2Fproduct_cat&post=40023"},{"taxonomy":"product_tag","embeddable":true,"href":"https:\/\/www.autonvaraosahaku.fi\/index.php?rest_route=%2Fwp%2Fv2%2Fproduct_tag&post=40023"}],"curies":[{"name":"wp","href":"https:\/\/api.w.org\/{rel}","templated":true}]}}