{"id":40027,"date":"2021-02-21T16:44:40","date_gmt":"2021-02-21T16:44:40","guid":{"rendered":"https:\/\/www.autonvaraosahaku.fi\/?product=valeo-256364-keskuslukitus"},"modified":"2021-02-21T16:44:42","modified_gmt":"2021-02-21T16:44:42","slug":"valeo-256364-keskuslukitus","status":"publish","type":"product","link":"https:\/\/www.autonvaraosahaku.fi\/?product=valeo-256364-keskuslukitus","title":{"rendered":"VALEO 256364 Keskuslukitus"},"content":{"rendered":"<p>Asennuspuoli: Edess\u00e4, Takana, Molemminpuolin; Versio: DB; K\u00e4ytt\u00f6: S\u00e4hk\u00f6inen; Paino [kg]: 0,16; Valmistusvuosi alkaen: 11\/1987; CITRO\u00cbN: BERLINGO MF,SAXO S0, S1,BERLINGO Kasten M_,AX ZA-_,ZX N2,BX XB-_,ZX Break N2,BX Break XB-_,SAXO Hatchback van S3_; PEUGEOT: 106 II 1,PARTNER Combispace 5F,106 I 1A, 1C,205 II 20A\/C,PARTNER Kasten 5,205 I Cabriolet 741B, 20D,309 II 3C, 3A,405 I 15B,605 6B,405 II 4B,106 Van 1_,405 II Break 4E,405 I Break 15E,205 Kasten; 661503, 661503; Keskuslukitussarja,S\u00e4\u00e4t\u00f6elementti, Keskuslukitus<\/p>\n","protected":false},"excerpt":{"rendered":"<p>VALEO Keskuslukitus 256364 Keskuslukitussarja,S\u00e4\u00e4t\u00f6elementti, Keskuslukitus CITRO\u00cbN,PEUGEOT,BERLINGO MF,SAXO S0, S1,BERLINGO Kasten M_,AX ZA-_,ZX N2<\/p>\n","protected":false},"featured_media":0,"template":"","meta":{"site-sidebar-layout":"default","site-content-layout":"default","ast-global-header-display":"","ast-main-header-display":"","ast-hfb-above-header-display":"","ast-hfb-below-header-display":"","ast-hfb-mobile-header-display":"","site-post-title":"","ast-breadcrumbs-content":"","ast-featured-img":"","footer-sml-layout":"","theme-transparent-header-meta":"","adv-header-id-meta":"","stick-header-meta":"","header-above-stick-meta":"","header-main-stick-meta":"","header-below-stick-meta":""},"pwb-brand":[28],"product_cat":[202],"product_tag":[],"class_list":{"0":"post-40027","1":"product","2":"type-product","3":"status-publish","5":"pwb-brand-valeo","6":"product_cat-keskuslukitus","7":"desktop-align-left","8":"tablet-align-left","9":"mobile-align-left","11":"first","12":"instock","13":"product-type-external"},"brands":[{"id":28,"name":"VALEO","slug":"valeo"}],"_links":{"self":[{"href":"https:\/\/www.autonvaraosahaku.fi\/index.php?rest_route=\/wp\/v2\/product\/40027","targetHints":{"allow":["GET"]}}],"collection":[{"href":"https:\/\/www.autonvaraosahaku.fi\/index.php?rest_route=\/wp\/v2\/product"}],"about":[{"href":"https:\/\/www.autonvaraosahaku.fi\/index.php?rest_route=\/wp\/v2\/types\/product"}],"wp:attachment":[{"href":"https:\/\/www.autonvaraosahaku.fi\/index.php?rest_route=%2Fwp%2Fv2%2Fmedia&parent=40027"}],"wp:term":[{"taxonomy":"pwb-brand","embeddable":true,"href":"https:\/\/www.autonvaraosahaku.fi\/index.php?rest_route=%2Fwp%2Fv2%2Fpwb-brand&post=40027"},{"taxonomy":"product_cat","embeddable":true,"href":"https:\/\/www.autonvaraosahaku.fi\/index.php?rest_route=%2Fwp%2Fv2%2Fproduct_cat&post=40027"},{"taxonomy":"product_tag","embeddable":true,"href":"https:\/\/www.autonvaraosahaku.fi\/index.php?rest_route=%2Fwp%2Fv2%2Fproduct_tag&post=40027"}],"curies":[{"name":"wp","href":"https:\/\/api.w.org\/{rel}","templated":true}]}}