{"id":40052,"date":"2021-02-21T16:44:46","date_gmt":"2021-02-21T16:44:46","guid":{"rendered":"https:\/\/www.autonvaraosahaku.fi\/?product=ngk-3526-sytytystulpat"},"modified":"2021-02-21T16:44:48","modified_gmt":"2021-02-21T16:44:48","slug":"ngk-3526-sytytystulpat","status":"publish","type":"product","link":"https:\/\/www.autonvaraosahaku.fi\/?product=ngk-3526-sytytystulpat","title":{"rendered":"NGK 3526 Sytytystulpat"},"content":{"rendered":"<p>Avainv\u00e4li: 16 mm; Ulkokierre [mm]: 14,0; Kierteen pituus (mm): 17,5; Sytytystulppa: Kierre-SAE-liitin, Nikkeli-keskielektrodi, 1-maaelektroodi, Ei h\u00e4iri\u00f6npoistoa, kartioistukalla; Kipin\u00e4et\u00e4isyys [mm]: 3,0; Moottorinumero: J7R-750; VOLVO: 240 Kombi P245,240 P242, P244,760 704, 764,760 Kombi 704, 765,260 Kombi P265,780; RENAULT: ESPACE II J\/S63_,ESPACE I J11_,21 Stufenheck L48_,25 B29_,21 Kombi K48_,21 B48_; PEUGEOT: 205 II 20A\/C,205 I Cabriolet 741B, 20D,205 I 741A\/C,104 Coupe; 97533994, 7700726503, 7700731583, 7700736149, 7700736150, 7700737457, 7701045018, 7701414026, 7701414027, 9009822885, 0021596403, 0021596503, 0031590803, 0031593303, A0021596403, A0021596503, A0031590803, A0031593303, 0021596403, 0021596503, 0031590803, 0031593303, A0021596403, A0021596503, A0031590803, A0031593303, 97533994, 7700726503, 7700731583, 7700736149, 7700736150, 7700737457, 7701045018, 7701414026, 7701414027, 0021596403, 0021596503, 0031590803, 0031593303, A0021596403, A0021596503, A0031590803, A0031593303, 0021596403, 0021596503, 0031590803, 0031593303, A0021596403, A0021596503, A0031590803, A0031593303, 9009822885; Tulpat,Sytytystulppa<\/p>\n","protected":false},"excerpt":{"rendered":"<p>NGK Sytytystulpat 3526 Tulpat,Sytytystulppa VOLVO,RENAULT,PEUGEOT,240 Kombi P245,240 P242, P244,760 704, 764,760 Kombi 704, 765,260 Kombi P265,780<\/p>\n","protected":false},"featured_media":0,"template":"","meta":{"site-sidebar-layout":"default","site-content-layout":"default","ast-global-header-display":"","ast-main-header-display":"","ast-hfb-above-header-display":"","ast-hfb-below-header-display":"","ast-hfb-mobile-header-display":"","site-post-title":"","ast-breadcrumbs-content":"","ast-featured-img":"","footer-sml-layout":"","theme-transparent-header-meta":"","adv-header-id-meta":"","stick-header-meta":"","header-above-stick-meta":"","header-main-stick-meta":"","header-below-stick-meta":""},"pwb-brand":[189],"product_cat":[165],"product_tag":[],"class_list":{"0":"post-40052","1":"product","2":"type-product","3":"status-publish","5":"pwb-brand-ngk","6":"product_cat-sytytystulpat","7":"desktop-align-left","8":"tablet-align-left","9":"mobile-align-left","11":"first","12":"instock","13":"product-type-external"},"brands":[{"id":189,"name":"NGK","slug":"ngk"}],"_links":{"self":[{"href":"https:\/\/www.autonvaraosahaku.fi\/index.php?rest_route=\/wp\/v2\/product\/40052","targetHints":{"allow":["GET"]}}],"collection":[{"href":"https:\/\/www.autonvaraosahaku.fi\/index.php?rest_route=\/wp\/v2\/product"}],"about":[{"href":"https:\/\/www.autonvaraosahaku.fi\/index.php?rest_route=\/wp\/v2\/types\/product"}],"wp:attachment":[{"href":"https:\/\/www.autonvaraosahaku.fi\/index.php?rest_route=%2Fwp%2Fv2%2Fmedia&parent=40052"}],"wp:term":[{"taxonomy":"pwb-brand","embeddable":true,"href":"https:\/\/www.autonvaraosahaku.fi\/index.php?rest_route=%2Fwp%2Fv2%2Fpwb-brand&post=40052"},{"taxonomy":"product_cat","embeddable":true,"href":"https:\/\/www.autonvaraosahaku.fi\/index.php?rest_route=%2Fwp%2Fv2%2Fproduct_cat&post=40052"},{"taxonomy":"product_tag","embeddable":true,"href":"https:\/\/www.autonvaraosahaku.fi\/index.php?rest_route=%2Fwp%2Fv2%2Fproduct_tag&post=40052"}],"curies":[{"name":"wp","href":"https:\/\/api.w.org\/{rel}","templated":true}]}}