{"id":40055,"date":"2021-02-21T16:44:46","date_gmt":"2021-02-21T16:44:46","guid":{"rendered":"https:\/\/www.autonvaraosahaku.fi\/?product=ngk-2078-sytytystulpat"},"modified":"2021-02-21T16:44:49","modified_gmt":"2021-02-21T16:44:49","slug":"ngk-2078-sytytystulpat","status":"publish","type":"product","link":"https:\/\/www.autonvaraosahaku.fi\/?product=ngk-2078-sytytystulpat","title":{"rendered":"NGK 2078 Sytytystulpat"},"content":{"rendered":"<p>Avainv\u00e4li: 16 mm; Ulkokierre [mm]: 14,0; Kierteen pituus (mm): 19,0; Sytytystulppa: Kierre-SAE-liitin, Nikkeli-keskielektrodi, 3-maaelektroodia, Ei h\u00e4iri\u00f6npoistoa, suoralla istukalla; Kipin\u00e4et\u00e4isyys [mm]: 5,2; Moottorinumero: KR; VW: GOLF II 19E, 1G1,PASSAT Variant 3A5, 35I,PASSAT 3A2, 35I,CORRADO 53I,SCIROCCO 53B,JETTA II 19E, 1G2, 165; AUDI: COUPE 89, 8B,90 89, 89Q, 8A, B3; SEAT: TOLEDO I 1L; RENAULT: SAFRANE I B54_; 101000003AA, 101000004AA, 101000017AA, 101000028AA, 101000003AA, 101000004AA, 101000017AA, 101000028AA, 5962K3, 96097486, 7700260637, 22401Y9067, 101000003AA, 101000004AA, 101000017AA, 101000028AA, 22401Y9067, 5962K3, 96097486, 7700260637, 101000003AA, 101000004AA, 101000017AA, 101000028AA, 101000003AA, 101000004AA, 101000017AA, 101000028AA, 101000003AA, 101000004AA, 101000017AA, 101000028AA; Tulpat,Sytytystulppa<\/p>\n","protected":false},"excerpt":{"rendered":"<p>NGK Sytytystulpat 2078 Tulpat,Sytytystulppa VW,AUDI,SEAT,GOLF II 19E, 1G1,PASSAT Variant 3A5, 35I,PASSAT 3A2, 35I,CORRADO 53I,SCIROCCO 53B<\/p>\n","protected":false},"featured_media":0,"template":"","meta":{"site-sidebar-layout":"default","site-content-layout":"default","ast-global-header-display":"","ast-main-header-display":"","ast-hfb-above-header-display":"","ast-hfb-below-header-display":"","ast-hfb-mobile-header-display":"","site-post-title":"","ast-breadcrumbs-content":"","ast-featured-img":"","footer-sml-layout":"","theme-transparent-header-meta":"","adv-header-id-meta":"","stick-header-meta":"","header-above-stick-meta":"","header-main-stick-meta":"","header-below-stick-meta":""},"pwb-brand":[189],"product_cat":[165],"product_tag":[],"class_list":{"0":"post-40055","1":"product","2":"type-product","3":"status-publish","5":"pwb-brand-ngk","6":"product_cat-sytytystulpat","7":"desktop-align-left","8":"tablet-align-left","9":"mobile-align-left","11":"first","12":"instock","13":"product-type-external"},"brands":[{"id":189,"name":"NGK","slug":"ngk"}],"_links":{"self":[{"href":"https:\/\/www.autonvaraosahaku.fi\/index.php?rest_route=\/wp\/v2\/product\/40055","targetHints":{"allow":["GET"]}}],"collection":[{"href":"https:\/\/www.autonvaraosahaku.fi\/index.php?rest_route=\/wp\/v2\/product"}],"about":[{"href":"https:\/\/www.autonvaraosahaku.fi\/index.php?rest_route=\/wp\/v2\/types\/product"}],"wp:attachment":[{"href":"https:\/\/www.autonvaraosahaku.fi\/index.php?rest_route=%2Fwp%2Fv2%2Fmedia&parent=40055"}],"wp:term":[{"taxonomy":"pwb-brand","embeddable":true,"href":"https:\/\/www.autonvaraosahaku.fi\/index.php?rest_route=%2Fwp%2Fv2%2Fpwb-brand&post=40055"},{"taxonomy":"product_cat","embeddable":true,"href":"https:\/\/www.autonvaraosahaku.fi\/index.php?rest_route=%2Fwp%2Fv2%2Fproduct_cat&post=40055"},{"taxonomy":"product_tag","embeddable":true,"href":"https:\/\/www.autonvaraosahaku.fi\/index.php?rest_route=%2Fwp%2Fv2%2Fproduct_tag&post=40055"}],"curies":[{"name":"wp","href":"https:\/\/api.w.org\/{rel}","templated":true}]}}