{"id":40061,"date":"2021-02-21T16:44:51","date_gmt":"2021-02-21T16:44:51","guid":{"rendered":"https:\/\/www.autonvaraosahaku.fi\/?product=skf-vkm-38001-kiristysrulla"},"modified":"2021-02-21T16:44:51","modified_gmt":"2021-02-21T16:44:51","slug":"skf-vkm-38001-kiristysrulla","status":"publish","type":"product","link":"https:\/\/www.autonvaraosahaku.fi\/?product=skf-vkm-38001-kiristysrulla","title":{"rendered":"SKF VKM 38001 Kiristysrulla"},"content":{"rendered":"<p>L\u00e4pimitta [mm]: 80; Leveys (mm): 25; Kiristysrullan toiminta: K\u00e4sik\u00e4ytt\u00f6inen; Asennuspuoli: unten; VW: LT 28-46 II Kasten 2DA, 2DD, 2DH,LT 28-35 II Bus 2DB, 2DE, 2DK,LT 28-46 II Pritsche\/Fahrgestell 2DC, 2DF, 2DG, 2DL, 2DM; MERCEDES-BENZ: C-CLASS W202,190 W201,E-CLASS W210,Stufenheck W124,E-CLASS Kombi S210,C-CLASS Kombi S202,KOMBI Kombi S124,E-CLASS W124,G-CLASS W463,VITO Bus 638,COUPE C124,G-CLASS W460,S-CLASS W140,E-CLASS Kombi S124,SPRINTER 3-t Kasten 903,SPRINTER 2-t Bus 901, 902,V-CLASS 638\/2,G-CLASS W461,SPRINTER 2-t Kasten 901, 902,SPRINTER 3-t Bus 903,SPRINTER 3-t Pritsche\/Fahrgestell 903,T1 Bus 601,VITO Kasten 638,T1 Pritsche\/Fahrgestell 602,T1 Kasten 602,SPRINTER 4-t Pritsche\/Fahrgestell 904,T1 Pritsche\/Fahrgestell 601,T2\/LN1 Kasten\/Kombi,VARIO Kasten\/Kombi,SPRINTER 2-t Pritsche\/Fahrgestell 901, 902,T1 Kasten 601,VARIO Pritsche\/Fahrgestell,SPRINTER 4-t Kasten 904,T1 Bus 602,G-CLASS Cabrio W463,VARIO Kipper,T2\/LN1 Pritsche\/Fahrgestell,VARIO Bus; BMW: 3 E36; DAEWOO: KORANDO KJ; 6012000970, 6012001270, 062145278; Kiristysrulla, Moniurahihna<\/p>\n","protected":false},"excerpt":{"rendered":"<p>SKF Kiristysrulla VKM 38001 Kiristysrulla, Moniurahihna VW,MERCEDES-BENZ,BMW,LT 28-46 II Kasten 2DA, 2DD, 2DH,LT 28-35 II Bus 2DB, 2DE, 2DK<\/p>\n","protected":false},"featured_media":0,"template":"","meta":{"site-sidebar-layout":"default","site-content-layout":"default","ast-global-header-display":"","ast-main-header-display":"","ast-hfb-above-header-display":"","ast-hfb-below-header-display":"","ast-hfb-mobile-header-display":"","site-post-title":"","ast-breadcrumbs-content":"","ast-featured-img":"","footer-sml-layout":"","theme-transparent-header-meta":"","adv-header-id-meta":"","stick-header-meta":"","header-above-stick-meta":"","header-main-stick-meta":"","header-below-stick-meta":""},"pwb-brand":[237],"product_cat":[282],"product_tag":[],"class_list":{"0":"post-40061","1":"product","2":"type-product","3":"status-publish","5":"pwb-brand-skf","6":"product_cat-kiristysrulla","7":"desktop-align-left","8":"tablet-align-left","9":"mobile-align-left","11":"first","12":"instock","13":"product-type-external"},"brands":[{"id":237,"name":"SKF","slug":"skf"}],"_links":{"self":[{"href":"https:\/\/www.autonvaraosahaku.fi\/index.php?rest_route=\/wp\/v2\/product\/40061","targetHints":{"allow":["GET"]}}],"collection":[{"href":"https:\/\/www.autonvaraosahaku.fi\/index.php?rest_route=\/wp\/v2\/product"}],"about":[{"href":"https:\/\/www.autonvaraosahaku.fi\/index.php?rest_route=\/wp\/v2\/types\/product"}],"wp:attachment":[{"href":"https:\/\/www.autonvaraosahaku.fi\/index.php?rest_route=%2Fwp%2Fv2%2Fmedia&parent=40061"}],"wp:term":[{"taxonomy":"pwb-brand","embeddable":true,"href":"https:\/\/www.autonvaraosahaku.fi\/index.php?rest_route=%2Fwp%2Fv2%2Fpwb-brand&post=40061"},{"taxonomy":"product_cat","embeddable":true,"href":"https:\/\/www.autonvaraosahaku.fi\/index.php?rest_route=%2Fwp%2Fv2%2Fproduct_cat&post=40061"},{"taxonomy":"product_tag","embeddable":true,"href":"https:\/\/www.autonvaraosahaku.fi\/index.php?rest_route=%2Fwp%2Fv2%2Fproduct_tag&post=40061"}],"curies":[{"name":"wp","href":"https:\/\/api.w.org\/{rel}","templated":true}]}}