{"id":40064,"date":"2021-02-21T16:44:51","date_gmt":"2021-02-21T16:44:51","guid":{"rendered":"https:\/\/www.autonvaraosahaku.fi\/?product=swf-116520-pyyhkijansulat"},"modified":"2021-02-21T16:44:52","modified_gmt":"2021-02-21T16:44:52","slug":"swf-116520-pyyhkijansulat","status":"publish","type":"product","link":"https:\/\/www.autonvaraosahaku.fi\/?product=swf-116520-pyyhkijansulat","title":{"rendered":"SWF 116520 Pyyhkij\u00e4nsulat"},"content":{"rendered":"<p>Asennuspuoli: Takana; M\u00e4\u00e4r\u00e4: 1; Pituus (mm): 300; Pituus (tuumaa): 12; Paino [kg]: 0,14; Tuotelinja: Rear; Pyyhkij\u00e4nsulkatyyppi: Tavallinen; Valmistusvuoteen: 10\/2009; JEEP: WRANGLER III JK; ABARTH: PUNTO 199_,PUNTO EVO 199_; NISSAN: MICRA III K12,JUKE F15,QASHQAI J11, J11_,X-TRAIL T32,PULSAR Schr\u00e4gheck C13,TIIDA Schr\u00e4gheck C12; KIA: VENGA YN; HONDA: CIVIC VII Hatchback EU, EP, EV; HYUNDAI: ix20 JC,i20 GB,i20 ACTIVE GB,i20 Coupe; MERCEDES-BENZ: A-CLASS W169,B-CLASS W245,M-CLASS W164,E-CLASS T-Model S212,GLK-CLASS X204,R-CLASS W251, V251,M-CLASS W166,GL-CLASS X164,GL-CLASS X166,GLE W166,GLS X166; OPEL: CORSA D,INSIGNIA Caravan,CORSA D Van,INSIGNIA A Country Tourer G09; JAGUAR: XF SPORTBRAKE CC9; FORD: C-MAX II,B-MAX JK,C-MAX II Van,B-MAX Van; 71751022, 95016791, 1616433980, 642393, 6423E2, 55701469, 71751022, 76730S6DE01, 988501P000, C2Z20242, 988501P000, A1698200445, A1698200745, 287903U020, 287904EA0A, 28790JE20A, 1272340, 1616433880, 1616433980, 1610785180, 1611607680, 1616433880, 1616433980, 642391, 642393, 6423C3, 6426XE, 7701410155, 7711422568, 1616433880, 1616433980; Tuulilasinpyyhkimet,Pyyhkij\u00e4t,Pyyhkij\u00e4nsulka<\/p>\n","protected":false},"excerpt":{"rendered":"<p>SWF Pyyhkij\u00e4nsulat 116520 Tuulilasinpyyhkimet,Pyyhkij\u00e4t JEEP,ABARTH,NISSAN,WRANGLER III JK,PUNTO 199_,PUNTO EVO 199_,MICRA III K12,JUKE F15<\/p>\n","protected":false},"featured_media":0,"template":"","meta":{"site-sidebar-layout":"default","site-content-layout":"default","ast-global-header-display":"","ast-main-header-display":"","ast-hfb-above-header-display":"","ast-hfb-below-header-display":"","ast-hfb-mobile-header-display":"","site-post-title":"","ast-breadcrumbs-content":"","ast-featured-img":"","footer-sml-layout":"","theme-transparent-header-meta":"","adv-header-id-meta":"","stick-header-meta":"","header-above-stick-meta":"","header-main-stick-meta":"","header-below-stick-meta":""},"pwb-brand":[204],"product_cat":[33],"product_tag":[],"class_list":{"0":"post-40064","1":"product","2":"type-product","3":"status-publish","5":"pwb-brand-swf","6":"product_cat-pyyhkijansulat","7":"desktop-align-left","8":"tablet-align-left","9":"mobile-align-left","11":"first","12":"instock","13":"product-type-external"},"brands":[{"id":204,"name":"SWF","slug":"swf"}],"_links":{"self":[{"href":"https:\/\/www.autonvaraosahaku.fi\/index.php?rest_route=\/wp\/v2\/product\/40064","targetHints":{"allow":["GET"]}}],"collection":[{"href":"https:\/\/www.autonvaraosahaku.fi\/index.php?rest_route=\/wp\/v2\/product"}],"about":[{"href":"https:\/\/www.autonvaraosahaku.fi\/index.php?rest_route=\/wp\/v2\/types\/product"}],"wp:attachment":[{"href":"https:\/\/www.autonvaraosahaku.fi\/index.php?rest_route=%2Fwp%2Fv2%2Fmedia&parent=40064"}],"wp:term":[{"taxonomy":"pwb-brand","embeddable":true,"href":"https:\/\/www.autonvaraosahaku.fi\/index.php?rest_route=%2Fwp%2Fv2%2Fpwb-brand&post=40064"},{"taxonomy":"product_cat","embeddable":true,"href":"https:\/\/www.autonvaraosahaku.fi\/index.php?rest_route=%2Fwp%2Fv2%2Fproduct_cat&post=40064"},{"taxonomy":"product_tag","embeddable":true,"href":"https:\/\/www.autonvaraosahaku.fi\/index.php?rest_route=%2Fwp%2Fv2%2Fproduct_tag&post=40064"}],"curies":[{"name":"wp","href":"https:\/\/api.w.org\/{rel}","templated":true}]}}