{"id":40107,"date":"2021-02-21T16:45:01","date_gmt":"2021-02-21T16:45:01","guid":{"rendered":"https:\/\/www.autonvaraosahaku.fi\/?product=ngk-2848-sytytystulpat"},"modified":"2021-02-21T16:45:03","modified_gmt":"2021-02-21T16:45:03","slug":"ngk-2848-sytytystulpat","status":"publish","type":"product","link":"https:\/\/www.autonvaraosahaku.fi\/?product=ngk-2848-sytytystulpat","title":{"rendered":"NGK 2848 Sytytystulpat"},"content":{"rendered":"<p>Avainv\u00e4li: 16 mm; Ulkokierre [mm]: 14,0; Kierteen pituus (mm): 19,0; Sytytystulppa: kiinte\u00e4 SAE-liitin, Nikkeli-keskielektrodi, 2-maaelektroodia, H\u00e4iri\u00f6npoisto, 5 k-ohm, suoralla istukalla; Kipin\u00e4et\u00e4isyys [mm]: 5,2; TECDOC-moottorinumero: 6808; DAIHATSU: TREVIS; LANCIA: Y 840A,LYBRA SW 839BX,KAPPA 838A,LYBRA 839AX,DELTA II 836,KAPPA SW 838B,KAPPA Coupe 838,DEDRA 835,DEDRA SW 835; FIAT: PUNTO 188,DUCATO Pritsche\/Fahrgestell 230,DUCATO Bus 230,DUCATO Kasten 244,BARCHETTA 183,DOBLO Cargo 223,DOBLO 119,DUCATO Pritsche\/Fahrgestell 244,DUCATO Kasten 230L,DUCATO Bus 244, Z_,COUPE FA\/175,STRADA Pick-up 178E,MULTIPLA 186,QUBO 225,BRAVO I 182,ULYSSE 220,BRAVA 182,MAREA Weekend 185,FIORINO Kasten\/Kombi 225,PALIO Weekend 178DX,PANDA Van 141_,MAREA 185,PALIO 178BX,SIENA 178_; LOTUS: ESPRIT S4 082; 464133860, 46463801, 46472021, 46480307, 464803070, 5896177, 5896824, 58968241, 7769243, 9602460780, 9604082480, 9608866980, 9608922080, 9614738680, 9618494580, 9618571880, 9619624580, 9626575480, 9628000280, 9638105780, 9639814380, 0046472021, 464133860, 46463801, 46472021, 46480307, 464803070, 5896177, 5896824, 58968241, 7769243, 9602460780, 9604082480, 9608866980, 9608922080, 9614738680, 9618494580, 9618571880, 9619624580, 9626575480, 9628000280, 9638105780, 9639814380, 59622T, 9004851154000, 9004851155000, 464133860, 46463801, 46472021, 46480307, 464803070, 5896177, 5896824, 58968241, 7769243, 9602460780, 9604082480, 9608866980, 9608922080, 9614738680, 9618494580, 9618571880, 9619624580, 9626575480, 9628000280, 9638105780, 9639814380, 0046472021, 464133860, 46463801, 46472021, 46480307, 464803070, 5896177, 5896824, 58968241, 7769243, 9602460780, 9604082480, 9608866980, 9608922080, 9614738680, 9618494580, 9618571880, 9619624580, 9626575480, 9628000280, 9638105780, 9639814380, 0046&#8230;; Tulpat,Sytytystulppa<\/p>\n","protected":false},"excerpt":{"rendered":"<p>NGK Sytytystulpat 2848 Tulpat,Sytytystulppa DAIHATSU,LANCIA,FIAT,TREVIS,Y 840A,LYBRA SW 839BX,KAPPA 838A,LYBRA 839AX,DELTA II 836,KAPPA SW 838B<\/p>\n","protected":false},"featured_media":0,"template":"","meta":{"site-sidebar-layout":"default","site-content-layout":"default","ast-global-header-display":"","ast-main-header-display":"","ast-hfb-above-header-display":"","ast-hfb-below-header-display":"","ast-hfb-mobile-header-display":"","site-post-title":"","ast-breadcrumbs-content":"","ast-featured-img":"","footer-sml-layout":"","theme-transparent-header-meta":"","adv-header-id-meta":"","stick-header-meta":"","header-above-stick-meta":"","header-main-stick-meta":"","header-below-stick-meta":""},"pwb-brand":[189],"product_cat":[165],"product_tag":[],"class_list":{"0":"post-40107","1":"product","2":"type-product","3":"status-publish","5":"pwb-brand-ngk","6":"product_cat-sytytystulpat","7":"desktop-align-left","8":"tablet-align-left","9":"mobile-align-left","11":"first","12":"instock","13":"product-type-external"},"brands":[{"id":189,"name":"NGK","slug":"ngk"}],"_links":{"self":[{"href":"https:\/\/www.autonvaraosahaku.fi\/index.php?rest_route=\/wp\/v2\/product\/40107","targetHints":{"allow":["GET"]}}],"collection":[{"href":"https:\/\/www.autonvaraosahaku.fi\/index.php?rest_route=\/wp\/v2\/product"}],"about":[{"href":"https:\/\/www.autonvaraosahaku.fi\/index.php?rest_route=\/wp\/v2\/types\/product"}],"wp:attachment":[{"href":"https:\/\/www.autonvaraosahaku.fi\/index.php?rest_route=%2Fwp%2Fv2%2Fmedia&parent=40107"}],"wp:term":[{"taxonomy":"pwb-brand","embeddable":true,"href":"https:\/\/www.autonvaraosahaku.fi\/index.php?rest_route=%2Fwp%2Fv2%2Fpwb-brand&post=40107"},{"taxonomy":"product_cat","embeddable":true,"href":"https:\/\/www.autonvaraosahaku.fi\/index.php?rest_route=%2Fwp%2Fv2%2Fproduct_cat&post=40107"},{"taxonomy":"product_tag","embeddable":true,"href":"https:\/\/www.autonvaraosahaku.fi\/index.php?rest_route=%2Fwp%2Fv2%2Fproduct_tag&post=40107"}],"curies":[{"name":"wp","href":"https:\/\/api.w.org\/{rel}","templated":true}]}}