{"id":40147,"date":"2021-02-21T16:45:12","date_gmt":"2021-02-21T16:45:12","guid":{"rendered":"https:\/\/www.autonvaraosahaku.fi\/?product=ernst-495974-pakoputken-asennussarja"},"modified":"2021-02-21T16:45:13","modified_gmt":"2021-02-21T16:45:13","slug":"ernst-495974-pakoputken-asennussarja","status":"publish","type":"product","link":"https:\/\/www.autonvaraosahaku.fi\/?product=ernst-495974-pakoputken-asennussarja","title":{"rendered":"ERNST 495974 Pakoputken asennussarja"},"content":{"rendered":"<p>L\u00e4pimitta [mm]: 63,5; Putkiliitokset: Kiristin; Putki-\u00d8 (mm): 60,0; Pakoputkisto: f\u00fcr Abgasrohr; VW: LT 28-46 II Kasten 2DA, 2DD, 2DH,LT 28-35 II Bus 2DB, 2DE, 2DK,LT 28-46 II Pritsche\/Fahrgestell 2DC, 2DF, 2DG, 2DL, 2DM; MERCEDES-BENZ: C-CLASS W202,VIANO W639,VITO Bus W639,C-CLASS Kombi S202,VITO \/ MIXTO Kasten W639,VITO Bus 638,SPRINTER 3-t Kasten 903,SPRINTER 2-t Bus 901, 902,V-CLASS 638\/2,SPRINTER 2-t Kasten 901, 902,SPRINTER 3-t Bus 903,SPRINTER 3-t Pritsche\/Fahrgestell 903,VITO Kasten 638,SPRINTER 4-t Pritsche\/Fahrgestell 904,SPRINTER 2-t Pritsche\/Fahrgestell 901, 902,SPRINTER 4-t Kasten 904,SPRINTER 4-t Bus 904; BMW: 5 Touring F11,5 F10, F18,1 F20,X3 F25,3 Touring F31,3 F30, F35, F80,1 F21,5 Gran Turismo F07,3 Gran Turismo F34,4 Coupe F32, F82,4 Cabriolet F33, F83; FORD: FOCUS II Kombi DA_,FOCUS II DA_,FOCUS III Turnier,GALAXY WGR,FOCUS C-MAX,C-MAX DM2,FOCUS III,TRANSIT MK-7 Kasten,C-MAX II,GRAND C-MAX,TRANSIT MK-7 Bus,TRANSIT Kasten FA_ _,FOCUS II Stufenheck DA_,TRANSIT Bus FD_ _, FB_ _, FS_ _, FZ_ _, FC_ _,FOCUS II Cabriolet,TRANSIT MK-7 Pritsche\/Fahrgestell,TRANSIT Pritsche\/Fahrgestell FM_ _, FN_ _,FOCUS III Stufenheck; FIAT: DUCATO Kasten 250,DUCATO Bus 250; PEUGEOT: BOXER Kasten,BOXER Bus; CITRO\u00cbN: JUMPER Kasten,JUMPER Bus; VOLVO: V50 MW,S40 II MS; 7579145, 1207959, 1475449, L3Y440350, 171301, 171326, 4751756, 8336406, 8818585, 1378460, 30652229, 30819995, 949677, 968358, 975258, 975262; Putkenliitin, Pakoputkisto<\/p>\n","protected":false},"excerpt":{"rendered":"<p>ERNST Pakoputken Kiristin 495974 Putkenliitin, Pakoputkisto VW,MERCEDES-BENZ,BMW,LT 28-46 II Kasten 2DA, 2DD, 2DH,LT 28-35 II Bus 2DB, 2DE, 2DK<\/p>\n","protected":false},"featured_media":0,"template":"","meta":{"site-sidebar-layout":"default","site-content-layout":"default","ast-global-header-display":"","ast-main-header-display":"","ast-hfb-above-header-display":"","ast-hfb-below-header-display":"","ast-hfb-mobile-header-display":"","site-post-title":"","ast-breadcrumbs-content":"","ast-featured-img":"","footer-sml-layout":"","theme-transparent-header-meta":"","adv-header-id-meta":"","stick-header-meta":"","header-above-stick-meta":"","header-main-stick-meta":"","header-below-stick-meta":""},"pwb-brand":[63],"product_cat":[101],"product_tag":[],"class_list":{"0":"post-40147","1":"product","2":"type-product","3":"status-publish","5":"pwb-brand-ernst","6":"product_cat-pakoputken-asennussarja","7":"desktop-align-left","8":"tablet-align-left","9":"mobile-align-left","11":"first","12":"instock","13":"product-type-external"},"brands":[{"id":63,"name":"ERNST","slug":"ernst"}],"_links":{"self":[{"href":"https:\/\/www.autonvaraosahaku.fi\/index.php?rest_route=\/wp\/v2\/product\/40147","targetHints":{"allow":["GET"]}}],"collection":[{"href":"https:\/\/www.autonvaraosahaku.fi\/index.php?rest_route=\/wp\/v2\/product"}],"about":[{"href":"https:\/\/www.autonvaraosahaku.fi\/index.php?rest_route=\/wp\/v2\/types\/product"}],"wp:attachment":[{"href":"https:\/\/www.autonvaraosahaku.fi\/index.php?rest_route=%2Fwp%2Fv2%2Fmedia&parent=40147"}],"wp:term":[{"taxonomy":"pwb-brand","embeddable":true,"href":"https:\/\/www.autonvaraosahaku.fi\/index.php?rest_route=%2Fwp%2Fv2%2Fpwb-brand&post=40147"},{"taxonomy":"product_cat","embeddable":true,"href":"https:\/\/www.autonvaraosahaku.fi\/index.php?rest_route=%2Fwp%2Fv2%2Fproduct_cat&post=40147"},{"taxonomy":"product_tag","embeddable":true,"href":"https:\/\/www.autonvaraosahaku.fi\/index.php?rest_route=%2Fwp%2Fv2%2Fproduct_tag&post=40147"}],"curies":[{"name":"wp","href":"https:\/\/api.w.org\/{rel}","templated":true}]}}