{"id":40194,"date":"2021-02-21T16:45:22","date_gmt":"2021-02-21T16:45:22","guid":{"rendered":"https:\/\/www.autonvaraosahaku.fi\/?product=lemforder-34002-01-jousijalan-tukilaakeri"},"modified":"2021-02-21T16:45:25","modified_gmt":"2021-02-21T16:45:25","slug":"lemforder-34002-01-jousijalan-tukilaakeri","status":"publish","type":"product","link":"https:\/\/www.autonvaraosahaku.fi\/?product=lemforder-34002-01-jousijalan-tukilaakeri","title":{"rendered":"LEMF\u00d6RDER 34002 01 Jousijalan tukilaakeri"},"content":{"rendered":"<p>Asennuspuoli: Etuakseli; Vaihtoehtoinen korjaussarja: 34078 01; MAZDA: 3 BK,3 Stufenheck BK; VOLVO: V50 MW,C30,S40 II MS,C70 II Cabriolet; FORD: FOCUS II Kombi DA_,FOCUS II DA_,FOCUS C-MAX,C-MAX DM2,FOCUS II Stufenheck DA_; 1320605, 1323599, 1334230, 1339553, 1365854, 1377471, 1377612, 3M513K155BD, 3M513K155BE, 3M513K155CC, 3M513K155DA, 3M513K155DB, 3M513K155DC, 3M513K155EC, 3M513K155FA, 3M513K155FB, 8N613K155AA, 8N613K155DA, 1339553, 1377471, 3M513K155DB, 3M513K155DC, 1377471, 1377612, 3M513K155DC, 3M513K155FB, BBM234380, BP4K34380B, BP4K34380C, BP4K34380D, BP4L34380, BPL34380, 1377471, 1377612, 30681546, 3M513K155DC, 3M513K155FB; Iskarin Yl\u00e4p\u00e4\u00e4,Iskunvaimentimen Yl\u00e4p\u00e4\u00e4<\/p>\n","protected":false},"excerpt":{"rendered":"<p>LEMF\u00d6RDER Jousijalan Tukilaakeri 34002 01 Iskarin Yl\u00e4p\u00e4\u00e4,Iskunvaimentimen Yl\u00e4p\u00e4\u00e4 MAZDA,VOLVO,FORD,3 BK,3 Stufenheck BK,V50 MW,C30,S40 II MS<\/p>\n","protected":false},"featured_media":0,"template":"","meta":{"site-sidebar-layout":"default","site-content-layout":"default","ast-global-header-display":"","ast-main-header-display":"","ast-hfb-above-header-display":"","ast-hfb-below-header-display":"","ast-hfb-mobile-header-display":"","site-post-title":"","ast-breadcrumbs-content":"","ast-featured-img":"","footer-sml-layout":"","theme-transparent-header-meta":"","adv-header-id-meta":"","stick-header-meta":"","header-above-stick-meta":"","header-main-stick-meta":"","header-below-stick-meta":""},"pwb-brand":[77],"product_cat":[45],"product_tag":[],"class_list":{"0":"post-40194","1":"product","2":"type-product","3":"status-publish","5":"pwb-brand-lemforder","6":"product_cat-jousijalan-tukilaakeri","7":"desktop-align-left","8":"tablet-align-left","9":"mobile-align-left","11":"first","12":"instock","13":"product-type-external"},"brands":[{"id":77,"name":"LEMF\u00d6RDER","slug":"lemforder"}],"_links":{"self":[{"href":"https:\/\/www.autonvaraosahaku.fi\/index.php?rest_route=\/wp\/v2\/product\/40194","targetHints":{"allow":["GET"]}}],"collection":[{"href":"https:\/\/www.autonvaraosahaku.fi\/index.php?rest_route=\/wp\/v2\/product"}],"about":[{"href":"https:\/\/www.autonvaraosahaku.fi\/index.php?rest_route=\/wp\/v2\/types\/product"}],"wp:attachment":[{"href":"https:\/\/www.autonvaraosahaku.fi\/index.php?rest_route=%2Fwp%2Fv2%2Fmedia&parent=40194"}],"wp:term":[{"taxonomy":"pwb-brand","embeddable":true,"href":"https:\/\/www.autonvaraosahaku.fi\/index.php?rest_route=%2Fwp%2Fv2%2Fpwb-brand&post=40194"},{"taxonomy":"product_cat","embeddable":true,"href":"https:\/\/www.autonvaraosahaku.fi\/index.php?rest_route=%2Fwp%2Fv2%2Fproduct_cat&post=40194"},{"taxonomy":"product_tag","embeddable":true,"href":"https:\/\/www.autonvaraosahaku.fi\/index.php?rest_route=%2Fwp%2Fv2%2Fproduct_tag&post=40194"}],"curies":[{"name":"wp","href":"https:\/\/api.w.org\/{rel}","templated":true}]}}