{"id":40205,"date":"2021-02-21T16:45:27","date_gmt":"2021-02-21T16:45:27","guid":{"rendered":"https:\/\/www.autonvaraosahaku.fi\/?product=skf-vkjc-7004-vetoakseli"},"modified":"2021-02-21T16:45:28","modified_gmt":"2021-02-21T16:45:28","slug":"skf-vkjc-7004-vetoakseli","status":"publish","type":"product","link":"https:\/\/www.autonvaraosahaku.fi\/?product=skf-vkjc-7004-vetoakseli","title":{"rendered":"SKF VKJC 7004 Vetoakseli"},"content":{"rendered":"<p>Pituus (mm): 510; Reik\u00e4-\u00d8 [mm]: 10,5; Kierremitta: M16x1.5; Ulkohammastus, py\u00f6r\u00e4npuoli: 38; Tiivisteen l\u00e4pimitta [mm]: 59,9; Hammasluku, ABS-keh\u00e4: 48; Reikien m\u00e4\u00e4r\u00e4: 6; Reik\u00e4ympyr\u00e4-\u00d8 [mm]: 104; ABS-keh\u00e4 \u00d8(mm): 83,1; Uusi osa: ; Nivelen l\u00e4pimitta py\u00f6r\u00e4puoli [mm]: 98; Nivelen l\u00e4pimitta vaihteistopuoli [mm]: 74,7; Alustanumeroon: 7M-1-531 000; VW: SHARAN 7M8, 7M9, 7M6; SEAT: ALHAMBRA 7V8, 7V9; FORD: GALAXY WGR; 1125045, 1233602, YM213B437AB, YM213B437AC, 7M3407271P, 7M3407271PX, 7M3407761, 7M3407761X, 7M3407271F, 7M3407271M, 7M3407271P, 7M3407451A, 7M3407451AV, 7M3407451AX, 7M3407451BV, 7M3407451BX, 7M3407761, 7M3407761X<\/p>\n","protected":false},"excerpt":{"rendered":"<p>SKF Vetoakseli VKJC 7004  VW,SEAT,FORD,SHARAN 7M8, 7M9, 7M6,ALHAMBRA 7V8, 7V9,GALAXY WGR<\/p>\n","protected":false},"featured_media":0,"template":"","meta":{"site-sidebar-layout":"default","site-content-layout":"default","ast-global-header-display":"","ast-main-header-display":"","ast-hfb-above-header-display":"","ast-hfb-below-header-display":"","ast-hfb-mobile-header-display":"","site-post-title":"","ast-breadcrumbs-content":"","ast-featured-img":"","footer-sml-layout":"","theme-transparent-header-meta":"","adv-header-id-meta":"","stick-header-meta":"","header-above-stick-meta":"","header-main-stick-meta":"","header-below-stick-meta":""},"pwb-brand":[237],"product_cat":[215],"product_tag":[],"class_list":{"0":"post-40205","1":"product","2":"type-product","3":"status-publish","5":"pwb-brand-skf","6":"product_cat-vetoakseli","7":"desktop-align-left","8":"tablet-align-left","9":"mobile-align-left","11":"first","12":"instock","13":"product-type-external"},"brands":[{"id":237,"name":"SKF","slug":"skf"}],"_links":{"self":[{"href":"https:\/\/www.autonvaraosahaku.fi\/index.php?rest_route=\/wp\/v2\/product\/40205","targetHints":{"allow":["GET"]}}],"collection":[{"href":"https:\/\/www.autonvaraosahaku.fi\/index.php?rest_route=\/wp\/v2\/product"}],"about":[{"href":"https:\/\/www.autonvaraosahaku.fi\/index.php?rest_route=\/wp\/v2\/types\/product"}],"wp:attachment":[{"href":"https:\/\/www.autonvaraosahaku.fi\/index.php?rest_route=%2Fwp%2Fv2%2Fmedia&parent=40205"}],"wp:term":[{"taxonomy":"pwb-brand","embeddable":true,"href":"https:\/\/www.autonvaraosahaku.fi\/index.php?rest_route=%2Fwp%2Fv2%2Fpwb-brand&post=40205"},{"taxonomy":"product_cat","embeddable":true,"href":"https:\/\/www.autonvaraosahaku.fi\/index.php?rest_route=%2Fwp%2Fv2%2Fproduct_cat&post=40205"},{"taxonomy":"product_tag","embeddable":true,"href":"https:\/\/www.autonvaraosahaku.fi\/index.php?rest_route=%2Fwp%2Fv2%2Fproduct_tag&post=40205"}],"curies":[{"name":"wp","href":"https:\/\/api.w.org\/{rel}","templated":true}]}}