{"id":40245,"date":"2021-02-21T16:45:37","date_gmt":"2021-02-21T16:45:37","guid":{"rendered":"https:\/\/www.autonvaraosahaku.fi\/?product=purflux-cs767-polttoainesuodatin"},"modified":"2021-02-21T16:45:38","modified_gmt":"2021-02-21T16:45:38","slug":"purflux-cs767-polttoainesuodatin","status":"publish","type":"product","link":"https:\/\/www.autonvaraosahaku.fi\/?product=purflux-cs767-polttoainesuodatin","title":{"rendered":"PURFLUX CS767 Polttoainesuodatin"},"content":{"rendered":"<p>Ulkol\u00e4pimitta [mm]: 82; Kierremitta: M16x1,5; Korkeus (mm): 144; Valmistusvuoteen: 08\/2006; KIA: SORENTO I JC,SPORTAGE SL,VENGA YN,SORENTO II XM,CARENS II FJ,RIO II JB,CARENS III UN,CARENS IV,MAGENTIS MG,RIO II Stufenheck JB,OPTIMA,SORENTO III,OPTIMA Sportswagon; HYUNDAI: i30 FD,GETZ TB,i30 CW FD,i40 CW VF,SANTA F\u00c9 II CM,i30 GD,ix20 JC,MATRIX FC,i30 CW GD,H-1 Travel TQ,SONATA V NF,ix55,SANTA F\u00c9 III DM,i30 Coupe,i40 VF,H-1 Kasten,H-1 Cargo TQ,ACCENT III MC,ACCENT III Stufenheck MC,GRANDEUR TG,GRAND SANTA F\u00c9; 319112G501, 319222B900, 319222B900AT, 319222BA00, 319222R900, 319222W000, 319223E300, 31922A9000, 319702P901, 319702P950, 319702P951, 319702W000, 319703E100, 319703J001, 319703Z900, 319704H910, S319222B900, S319222B900AT, S319222BA00, S319222R900, S319222W000, S319223E300, S31922A9000, J1330519<\/p>\n","protected":false},"excerpt":{"rendered":"<p>PURFLUX Polttoainesuodatin CS767  KIA,HYUNDAI,SORENTO I JC,SPORTAGE SL,VENGA YN,SORENTO II XM,CARENS II FJ,RIO II JB,CARENS III UN,CARENS IV<\/p>\n","protected":false},"featured_media":0,"template":"","meta":{"site-sidebar-layout":"default","site-content-layout":"default","ast-global-header-display":"","ast-main-header-display":"","ast-hfb-above-header-display":"","ast-hfb-below-header-display":"","ast-hfb-mobile-header-display":"","site-post-title":"","ast-breadcrumbs-content":"","ast-featured-img":"","footer-sml-layout":"","theme-transparent-header-meta":"","adv-header-id-meta":"","stick-header-meta":"","header-above-stick-meta":"","header-main-stick-meta":"","header-below-stick-meta":""},"pwb-brand":[303],"product_cat":[29],"product_tag":[],"class_list":{"0":"post-40245","1":"product","2":"type-product","3":"status-publish","5":"pwb-brand-purflux","6":"product_cat-polttoainesuodatin","7":"desktop-align-left","8":"tablet-align-left","9":"mobile-align-left","11":"first","12":"instock","13":"product-type-external"},"brands":[{"id":303,"name":"PURFLUX","slug":"purflux"}],"_links":{"self":[{"href":"https:\/\/www.autonvaraosahaku.fi\/index.php?rest_route=\/wp\/v2\/product\/40245","targetHints":{"allow":["GET"]}}],"collection":[{"href":"https:\/\/www.autonvaraosahaku.fi\/index.php?rest_route=\/wp\/v2\/product"}],"about":[{"href":"https:\/\/www.autonvaraosahaku.fi\/index.php?rest_route=\/wp\/v2\/types\/product"}],"wp:attachment":[{"href":"https:\/\/www.autonvaraosahaku.fi\/index.php?rest_route=%2Fwp%2Fv2%2Fmedia&parent=40245"}],"wp:term":[{"taxonomy":"pwb-brand","embeddable":true,"href":"https:\/\/www.autonvaraosahaku.fi\/index.php?rest_route=%2Fwp%2Fv2%2Fpwb-brand&post=40245"},{"taxonomy":"product_cat","embeddable":true,"href":"https:\/\/www.autonvaraosahaku.fi\/index.php?rest_route=%2Fwp%2Fv2%2Fproduct_cat&post=40245"},{"taxonomy":"product_tag","embeddable":true,"href":"https:\/\/www.autonvaraosahaku.fi\/index.php?rest_route=%2Fwp%2Fv2%2Fproduct_tag&post=40245"}],"curies":[{"name":"wp","href":"https:\/\/api.w.org\/{rel}","templated":true}]}}