{"id":40248,"date":"2021-02-21T16:45:37","date_gmt":"2021-02-21T16:45:37","guid":{"rendered":"https:\/\/www.autonvaraosahaku.fi\/?product=van-wezel-9902950-ajovaloumpio"},"modified":"2021-02-21T16:45:39","modified_gmt":"2021-02-21T16:45:39","slug":"van-wezel-9902950-ajovaloumpio","status":"publish","type":"product","link":"https:\/\/www.autonvaraosahaku.fi\/?product=van-wezel-9902950-ajovaloumpio","title":{"rendered":"VAN WEZEL 9902950 Ajovaloumpio"},"content":{"rendered":"<p>Asennuspuoli: Vasen, Oikea; Lamppumalli: H4; Rekister\u00f6ity tyyppi: SAE-hyv\u00e4ksytty; Valotoiminto: pys\u00e4k\u00f6intivalolla; Varusteet: Autoihin ilman ajovalo korkeudens\u00e4\u00e4t\u00f6\u00e4; Asennusmalli: Upotus; Huomioi tekniset tiedot: ; Nimellisj\u00e4nnite (V): 12; Varustelumahdollisuudet: SAE 200 X 142; Vasen \/ oikea liikenne: Oikeanpuoleiselle liikenteelle; Vuosimalliin: 1991; MAZDA: FAMILIA IV BF; NISSAN: PICK UP D21,PATROL Hardtop K160,PATROL Station Wagon W160,CHERRY II Coupe N10,CHERRY II Hatchback N10,CHERRY II Traveller VN10; HONDA: CIVIC I Stufenheck SF; OPEL: CAMPO TF_; TOYOTA: HIACE III Wagon LH1_, RZH1_,HIACE III Kasten YH7_, LH6_, LH7_, LH5_, YH5_, YH6_,HIACE II Wagon LH7_, LH5_, LH6_, YH7_, YH6_, YH5_,HIACE II Kasten LH5_, YH7_, LH7_, LH6_, YH6_, YH5_,STARLET KP6_,STARLET Station Wagon KP6_; DAIHATSU: CHARADE II G11, G30,CHARADE I G10; MITSUBISHI: L 300 Bus P0_W, P1_W, P2_W,L 300 Pritsche\/Fahrgestell L03_P,L 300 Kasten L03_P,L 300 Kasten P0_W, P1_W,L 200 K3_T, K2_T, K1_T, K0_T; ISUZU: CAMPO KB; Ajovalot,Etuvalot,Ajovalo<\/p>\n","protected":false},"excerpt":{"rendered":"<p>VAN WEZEL Ajovaloumpio 9902950 Ajovalot,Etuvalot MAZDA,NISSAN,HONDA,FAMILIA IV BF,PICK UP D21,PATROL Hardtop K160,PATROL Station Wagon W160<\/p>\n","protected":false},"featured_media":0,"template":"","meta":{"site-sidebar-layout":"default","site-content-layout":"default","ast-global-header-display":"","ast-main-header-display":"","ast-hfb-above-header-display":"","ast-hfb-below-header-display":"","ast-hfb-mobile-header-display":"","site-post-title":"","ast-breadcrumbs-content":"","ast-featured-img":"","footer-sml-layout":"","theme-transparent-header-meta":"","adv-header-id-meta":"","stick-header-meta":"","header-above-stick-meta":"","header-main-stick-meta":"","header-below-stick-meta":""},"pwb-brand":[54],"product_cat":[185],"product_tag":[],"class_list":{"0":"post-40248","1":"product","2":"type-product","3":"status-publish","5":"pwb-brand-van-wezel","6":"product_cat-ajovaloumpio","7":"desktop-align-left","8":"tablet-align-left","9":"mobile-align-left","11":"first","12":"instock","13":"product-type-external"},"brands":[{"id":54,"name":"VAN WEZEL","slug":"van-wezel"}],"_links":{"self":[{"href":"https:\/\/www.autonvaraosahaku.fi\/index.php?rest_route=\/wp\/v2\/product\/40248","targetHints":{"allow":["GET"]}}],"collection":[{"href":"https:\/\/www.autonvaraosahaku.fi\/index.php?rest_route=\/wp\/v2\/product"}],"about":[{"href":"https:\/\/www.autonvaraosahaku.fi\/index.php?rest_route=\/wp\/v2\/types\/product"}],"wp:attachment":[{"href":"https:\/\/www.autonvaraosahaku.fi\/index.php?rest_route=%2Fwp%2Fv2%2Fmedia&parent=40248"}],"wp:term":[{"taxonomy":"pwb-brand","embeddable":true,"href":"https:\/\/www.autonvaraosahaku.fi\/index.php?rest_route=%2Fwp%2Fv2%2Fpwb-brand&post=40248"},{"taxonomy":"product_cat","embeddable":true,"href":"https:\/\/www.autonvaraosahaku.fi\/index.php?rest_route=%2Fwp%2Fv2%2Fproduct_cat&post=40248"},{"taxonomy":"product_tag","embeddable":true,"href":"https:\/\/www.autonvaraosahaku.fi\/index.php?rest_route=%2Fwp%2Fv2%2Fproduct_tag&post=40248"}],"curies":[{"name":"wp","href":"https:\/\/api.w.org\/{rel}","templated":true}]}}