{"id":40252,"date":"2021-02-21T16:45:37","date_gmt":"2021-02-21T16:45:37","guid":{"rendered":"https:\/\/www.autonvaraosahaku.fi\/?product=bremi-20198-sytytyspuola"},"modified":"2021-02-21T16:45:39","modified_gmt":"2021-02-21T16:45:39","slug":"bremi-20198-sytytyspuola","status":"publish","type":"product","link":"https:\/\/www.autonvaraosahaku.fi\/?product=bremi-20198-sytytyspuola","title":{"rendered":"BREMI 20198 Sytytyspuola"},"content":{"rendered":"<p>Sytytyspuola: Liit\u00e4nt\u00e4 SAE, Liit\u00e4nt\u00e4 DIN, Kaksoissytytyspuola; J\u00e4nnite (V): 12; sylinterille: 2+4; FIAT: SEDICI; SUZUKI: SWIFT III MZ, EZ,JIMNY FJ,GRAND VITARA II JT,SX4 EY, GY,WAGON R+ MM,IGNIS FH,IGNIS II,LIANA Schr\u00e4gheck,ALTO HA24,LIANA ER,WAGON R+ EM,BALENO Kombi EG,BALENO EG,SX4 Stufenheck GY,BALENO Schr\u00e4gheck EG,WAGON R,CARRY Kasten FD,JIMNY Gel\u00e4ndewagen offen SN; SUBARU: JUSTY III G3X; 71742420, 3340065G00, 3340065G00000, 3340065G01, 3340065G01000, 3340065G02, 3340065G02000, 3341077E01, 3341077E01000<\/p>\n","protected":false},"excerpt":{"rendered":"<p>BREMI Sytytyspuola 20198  FIAT,SUZUKI,SUBARU,SEDICI,SWIFT III MZ, EZ,JIMNY FJ,GRAND VITARA II JT,SX4 EY, GY,WAGON R+ MM,IGNIS FH,IGNIS II<\/p>\n","protected":false},"featured_media":0,"template":"","meta":{"site-sidebar-layout":"default","site-content-layout":"default","ast-global-header-display":"","ast-main-header-display":"","ast-hfb-above-header-display":"","ast-hfb-below-header-display":"","ast-hfb-mobile-header-display":"","site-post-title":"","ast-breadcrumbs-content":"","ast-featured-img":"","footer-sml-layout":"","theme-transparent-header-meta":"","adv-header-id-meta":"","stick-header-meta":"","header-above-stick-meta":"","header-main-stick-meta":"","header-below-stick-meta":""},"pwb-brand":[480],"product_cat":[25],"product_tag":[],"class_list":{"0":"post-40252","1":"product","2":"type-product","3":"status-publish","5":"pwb-brand-bremi","6":"product_cat-sytytyspuola","7":"desktop-align-left","8":"tablet-align-left","9":"mobile-align-left","11":"first","12":"instock","13":"product-type-external"},"brands":[{"id":480,"name":"BREMI","slug":"bremi"}],"_links":{"self":[{"href":"https:\/\/www.autonvaraosahaku.fi\/index.php?rest_route=\/wp\/v2\/product\/40252","targetHints":{"allow":["GET"]}}],"collection":[{"href":"https:\/\/www.autonvaraosahaku.fi\/index.php?rest_route=\/wp\/v2\/product"}],"about":[{"href":"https:\/\/www.autonvaraosahaku.fi\/index.php?rest_route=\/wp\/v2\/types\/product"}],"wp:attachment":[{"href":"https:\/\/www.autonvaraosahaku.fi\/index.php?rest_route=%2Fwp%2Fv2%2Fmedia&parent=40252"}],"wp:term":[{"taxonomy":"pwb-brand","embeddable":true,"href":"https:\/\/www.autonvaraosahaku.fi\/index.php?rest_route=%2Fwp%2Fv2%2Fpwb-brand&post=40252"},{"taxonomy":"product_cat","embeddable":true,"href":"https:\/\/www.autonvaraosahaku.fi\/index.php?rest_route=%2Fwp%2Fv2%2Fproduct_cat&post=40252"},{"taxonomy":"product_tag","embeddable":true,"href":"https:\/\/www.autonvaraosahaku.fi\/index.php?rest_route=%2Fwp%2Fv2%2Fproduct_tag&post=40252"}],"curies":[{"name":"wp","href":"https:\/\/api.w.org\/{rel}","templated":true}]}}