{"id":40255,"date":"2021-02-21T16:45:37","date_gmt":"2021-02-21T16:45:37","guid":{"rendered":"https:\/\/www.autonvaraosahaku.fi\/?product=valeo-734332-jaahdytin"},"modified":"2021-02-21T16:45:40","modified_gmt":"2021-02-21T16:45:40","slug":"valeo-734332-jaahdytin","status":"publish","type":"product","link":"https:\/\/www.autonvaraosahaku.fi\/?product=valeo-734332-jaahdytin","title":{"rendered":"VALEO 734332 J\u00e4\u00e4hdytin"},"content":{"rendered":"<p>Paksuus [mm]: 23; Leveys (mm): 415; Korkeus (mm): 650; Materiaali: Alumiini; Sis\u00e4\u00e4ntulol\u00e4pimitta [mm]: 32; Ulostulon l\u00e4pimitta [mm]: 32; L\u00e4mmityslaite \/ j\u00e4\u00e4hdytys: Autoihin ilman \u00f6ljyj\u00e4\u00e4hdytint\u00e4; Korvaava tuote\/korvaava tiedote 2: lman kylm\u00e4aines\u00e4\u00e4dint\u00e4; Paino [kg]: 4,06; Moottorinumero: CHGA; VW: GOLF V 1K1,TOURAN 1T1, 1T2,GOLF VI 5K1,PASSAT Variant 3C5,GOLF PLUS 5M1, 521,PASSAT 3C2,CADDY III Kombi 2KB, 2KJ, 2CB, 2CJ,GOLF VI Variant AJ5,GOLF V Variant 1K5,CADDY III Kasten 2KA, 2KH, 2CA, 2CH,EOS 1F7, 1F8,JETTA III 1K2,JETTA IV 162, 163,CADDY IV Kombi SAB, SAJ,CADDY IV Kasten SAA, SAH; AUDI: A3 8P1,A3 Sportback 8PA,A3 Cabriolet 8P7; SKODA: OCTAVIA Combi 1Z5,YETI 5L,OCTAVIA 1Z3; SEAT: LEON 1P1,ALTEA 5P1,ALTEA XL 5P5, 5P8,TOLEDO III 5P2; 1K0121251BQ, 1K0121251BR, 1K0121251CD, 1K0121251CE, 1K0121251DF, 1K0121251DL, 1K0121251E, 1K0121251F, 1K0121251P, 1K0121251BR, 1K0121251CD, 1K0121251DF, 1K0121251E, 1K0121251F, 1K0121251P, 1K0121251BR, 1K0121251CD, 1K0121251DF, 1K0121251E, 1K0121251F, 1K0121251P, 1K0121251BQ, 1K0121251BR, 1K0121251CD, 1K0121251DF, 1K0121251DL, 1K0121251E, 1K0121251F, 1K0121251P, 1K0121251Q, 1K0121253F, 1K0121253P; Syyl\u00e4ri,J\u00e4\u00e4hdytin,Moottorin J\u00e4\u00e4hdytys<\/p>\n","protected":false},"excerpt":{"rendered":"<p>VALEO J\u00e4\u00e4hdytin 734332 Syyl\u00e4ri,J\u00e4\u00e4hdytin,Moottorin J\u00e4\u00e4hdytys VW,AUDI,SKODA,GOLF V 1K1,TOURAN 1T1, 1T2,GOLF VI 5K1,PASSAT Variant 3C5<\/p>\n","protected":false},"featured_media":0,"template":"","meta":{"site-sidebar-layout":"default","site-content-layout":"default","ast-global-header-display":"","ast-main-header-display":"","ast-hfb-above-header-display":"","ast-hfb-below-header-display":"","ast-hfb-mobile-header-display":"","site-post-title":"","ast-breadcrumbs-content":"","ast-featured-img":"","footer-sml-layout":"","theme-transparent-header-meta":"","adv-header-id-meta":"","stick-header-meta":"","header-above-stick-meta":"","header-main-stick-meta":"","header-below-stick-meta":""},"pwb-brand":[28],"product_cat":[421],"product_tag":[],"class_list":{"0":"post-40255","1":"product","2":"type-product","3":"status-publish","5":"pwb-brand-valeo","6":"product_cat-jaahdytin","7":"desktop-align-left","8":"tablet-align-left","9":"mobile-align-left","11":"first","12":"instock","13":"product-type-external"},"brands":[{"id":28,"name":"VALEO","slug":"valeo"}],"_links":{"self":[{"href":"https:\/\/www.autonvaraosahaku.fi\/index.php?rest_route=\/wp\/v2\/product\/40255","targetHints":{"allow":["GET"]}}],"collection":[{"href":"https:\/\/www.autonvaraosahaku.fi\/index.php?rest_route=\/wp\/v2\/product"}],"about":[{"href":"https:\/\/www.autonvaraosahaku.fi\/index.php?rest_route=\/wp\/v2\/types\/product"}],"wp:attachment":[{"href":"https:\/\/www.autonvaraosahaku.fi\/index.php?rest_route=%2Fwp%2Fv2%2Fmedia&parent=40255"}],"wp:term":[{"taxonomy":"pwb-brand","embeddable":true,"href":"https:\/\/www.autonvaraosahaku.fi\/index.php?rest_route=%2Fwp%2Fv2%2Fpwb-brand&post=40255"},{"taxonomy":"product_cat","embeddable":true,"href":"https:\/\/www.autonvaraosahaku.fi\/index.php?rest_route=%2Fwp%2Fv2%2Fproduct_cat&post=40255"},{"taxonomy":"product_tag","embeddable":true,"href":"https:\/\/www.autonvaraosahaku.fi\/index.php?rest_route=%2Fwp%2Fv2%2Fproduct_tag&post=40255"}],"curies":[{"name":"wp","href":"https:\/\/api.w.org\/{rel}","templated":true}]}}