{"id":40265,"date":"2021-02-21T16:45:42","date_gmt":"2021-02-21T16:45:42","guid":{"rendered":"https:\/\/www.autonvaraosahaku.fi\/?product=contitech-vd1002-kampiakselin-hihnapyora"},"modified":"2021-02-21T16:45:44","modified_gmt":"2021-02-21T16:45:44","slug":"contitech-vd1002-kampiakselin-hihnapyora","status":"publish","type":"product","link":"https:\/\/www.autonvaraosahaku.fi\/?product=contitech-vd1002-kampiakselin-hihnapyora","title":{"rendered":"CONTITECH VD1002 Kampiakselin hihnapy\u00f6r\u00e4"},"content":{"rendered":"<p>Pakkauspituus [cm]: 23,5; Pakkausleveys [cm]: 23,5; Pakkauskorkeus [mm]: 11,5, 11,5; Paino [kg]: 4,6; kiiloja: 6; Rakennemalli: Caravelle; VW: TRANSPORTER IV Bus 70XB, 70XC, 7DB, 7DW,TRANSPORTER IV Kasten 70XA,CRAFTER 30-50 Kasten 2E_,TRANSPORTER IV Pritsche\/Fahrgestell 70XD,LT 28-46 II Kasten 2DA, 2DD, 2DH,CRAFTER 30-35 Bus 2E_,LT 28-35 II Bus 2DB, 2DE, 2DK,LT 28-46 II Pritsche\/Fahrgestell 2DC, 2DF, 2DG, 2DL, 2DM,CRAFTER 30-50 Pritsche\/Fahrgestell 2F_; AUDI: A6 Avant 4A, C4,A6 4A, C4; VOLVO: V70 II SW,V70 I LV,850 Kombi LW,S80 I TS, XY,850 LS,S70 LS; 074105251AC, 074105251M, 074105251N, 074105251R, 074105251S, 074105251T, 8627933, 9163918, 9180620, 9180820, 9463918, 074105251AC, 074105251M, 074105251N, 074105251R, 074105251S, 074105251T; Hihnapy\u00f6r\u00e4, Kampiakseli<\/p>\n","protected":false},"excerpt":{"rendered":"<p>CONTITECH Kampiakselin Hihnapy\u00f6r\u00e4 VD1002 Hihnapy\u00f6r\u00e4, Kampiakseli VW,AUDI,VOLVO,TRANSPORTER IV Bus 70XB, 70XC, 7DB, 7DW,TRANSPORTER IV Kasten 70XA<\/p>\n","protected":false},"featured_media":0,"template":"","meta":{"site-sidebar-layout":"default","site-content-layout":"default","ast-global-header-display":"","ast-main-header-display":"","ast-hfb-above-header-display":"","ast-hfb-below-header-display":"","ast-hfb-mobile-header-display":"","site-post-title":"","ast-breadcrumbs-content":"","ast-featured-img":"","footer-sml-layout":"","theme-transparent-header-meta":"","adv-header-id-meta":"","stick-header-meta":"","header-above-stick-meta":"","header-main-stick-meta":"","header-below-stick-meta":""},"pwb-brand":[187],"product_cat":[219],"product_tag":[],"class_list":{"0":"post-40265","1":"product","2":"type-product","3":"status-publish","5":"pwb-brand-contitech","6":"product_cat-kampiakselin-hihnapyora","7":"desktop-align-left","8":"tablet-align-left","9":"mobile-align-left","11":"first","12":"instock","13":"product-type-external"},"brands":[{"id":187,"name":"CONTITECH","slug":"contitech"}],"_links":{"self":[{"href":"https:\/\/www.autonvaraosahaku.fi\/index.php?rest_route=\/wp\/v2\/product\/40265","targetHints":{"allow":["GET"]}}],"collection":[{"href":"https:\/\/www.autonvaraosahaku.fi\/index.php?rest_route=\/wp\/v2\/product"}],"about":[{"href":"https:\/\/www.autonvaraosahaku.fi\/index.php?rest_route=\/wp\/v2\/types\/product"}],"wp:attachment":[{"href":"https:\/\/www.autonvaraosahaku.fi\/index.php?rest_route=%2Fwp%2Fv2%2Fmedia&parent=40265"}],"wp:term":[{"taxonomy":"pwb-brand","embeddable":true,"href":"https:\/\/www.autonvaraosahaku.fi\/index.php?rest_route=%2Fwp%2Fv2%2Fpwb-brand&post=40265"},{"taxonomy":"product_cat","embeddable":true,"href":"https:\/\/www.autonvaraosahaku.fi\/index.php?rest_route=%2Fwp%2Fv2%2Fproduct_cat&post=40265"},{"taxonomy":"product_tag","embeddable":true,"href":"https:\/\/www.autonvaraosahaku.fi\/index.php?rest_route=%2Fwp%2Fv2%2Fproduct_tag&post=40265"}],"curies":[{"name":"wp","href":"https:\/\/api.w.org\/{rel}","templated":true}]}}